{"id":108,"date":"2024-03-19T10:57:22","date_gmt":"2024-03-19T10:57:22","guid":{"rendered":"https:\/\/fdm-nds.de\/?page_id=108"},"modified":"2026-02-16T09:45:14","modified_gmt":"2026-02-16T09:45:14","slug":"108-2","status":"publish","type":"page","link":"https:\/\/fdm-nds.de\/index.php\/en\/108-2\/","title":{"rendered":"Impressum_eng"},"content":{"rendered":"<p>[et_pb_section fb_built=&#8221;1&#8243; _builder_version=&#8221;4.24.2&#8243; _module_preset=&#8221;default&#8221; global_colors_info=&#8221;{}&#8221;][et_pb_row _builder_version=&#8221;4.24.2&#8243; _module_preset=&#8221;default&#8221; global_colors_info=&#8221;{}&#8221;][et_pb_column type=&#8221;4_4&#8243; _builder_version=&#8221;4.24.2&#8243; _module_preset=&#8221;default&#8221; global_colors_info=&#8221;{}&#8221;][et_pb_text _builder_version=&#8221;4.24.2&#8243; _module_preset=&#8221;default&#8221; global_colors_info=&#8221;{}&#8221;]<\/p>\n<h1 style=\"text-align: center;\">Impressum &#8211; Eng<\/h1>\n<p>[\/et_pb_text][et_pb_text _builder_version=&#8221;4.27.4&#8243; _module_preset=&#8221;default&#8221; hover_enabled=&#8221;0&#8243; global_colors_info=&#8221;{}&#8221; sticky_enabled=&#8221;0&#8243;]<\/p>\n<p>Angaben gem\u00e4\u00df \u00a7 5 TMG<\/p>\n<p>Technische Universit\u00e4t Braunschweig<br \/>Universit\u00e4tsbibliothek Braunschweig<br \/>Universit\u00e4tsplatz 1<br \/>38106 Braunschweig<\/p>\n<p>Die Technische Universit\u00e4t Braunschweig ist eine K\u00f6rperschaft des \u00d6ffentlichen Rechts. Die Universit\u00e4tsbibliothek Braunschweig wird bei einem dezentralen Server gesetzlich vertreten durch Robert Str\u00f6tgen.<\/p>\n<p><strong>Kontakt:<\/strong><\/p>\n<p>Telefon: 0531 \/ 391 \u2013 <u>5018<br \/><\/u>E-Mail: \u00a0ub-info(at)tu-braunschweig.de <u><br \/><\/u><\/p>\n<p><strong>Zust\u00e4ndige Aufsichtsbeh\u00f6rde:<\/strong><\/p>\n<p>Nieders\u00e4chsisches Ministerium f\u00fcr Wissenschaft und Kultur<br \/>Leibnizufer 9<br \/>30169 Hannover<br \/>www.mwk.niedersachsen.de<\/p>\n<p><strong>Umsatzsteuer-ID: <\/strong>DE 152330858<strong>\u00a0<\/strong><\/p>\n<p><strong>Verantwortlich im Sinne des Presserechts nach \u00a7 55 Abs. 2 RStV:<\/strong><\/p>\n<p>Dr. Laura Grunwald-Eckhardt<\/p>\n<p>Technische Universit\u00e4t Braunschweig<br \/>Universit\u00e4tsbibliothek Braunschweig<br \/>Universit\u00e4tsplatz 1<br \/>38106 Braunschweig<\/p>\n<p>Telefon: 0531 \/ 391 &#8211; 5019<br \/>E-Mail: l.grunwald(at)tu-braunschweig.de<\/p>\n<p><strong>Haftungsausschluss<\/strong><\/p>\n<p><strong> <\/strong><\/p>\n<p><strong><\/strong><\/p>\n<p><strong>Haftung f\u00fcr Inhalte:<\/strong><\/p>\n<p>Die Inhalte unserer Seiten wurden mit gr\u00f6\u00dfter Sorgfalt erstellt. F\u00fcr die Richtigkeit, Vollst\u00e4ndigkeit und Aktualit\u00e4t der Inhalte k\u00f6nnen wir jedoch keine Gew\u00e4hr \u00fcbernehmen. Als Diensteanbieter sind wir gem\u00e4\u00df \u00a7\u00a07 Abs.\u00a01 TMG f\u00fcr eigene Inhalte auf diesen Seiten nach den allgemeinen Gesetzen verantwortlich. Nach \u00a7\u00a7 8 bis 10 TMG sind wir als Diensteanbieter jedoch nicht verpflichtet, \u00fcbermittelte oder gespeicherte fremde Informationen zu \u00fcberwachen oder nach Umst\u00e4nden zu forschen, die auf eine rechtswidrige T\u00e4tigkeit hinweisen. Verpflichtungen zur Entfernung oder Sperrung der Nutzung von Informationen nach den allgemeinen Gesetzen bleiben hiervon unber\u00fchrt. Eine diesbez\u00fcgliche Haftung ist jedoch erst ab dem Zeitpunkt der Kenntnis einer konkreten Rechtsverletzung m\u00f6glich. Bei Bekanntwerden von entsprechenden Rechtsverletzungen werden wir diese Inhalte umgehend entfernen.<\/p>\n<p><strong>Haftung f\u00fcr Links:<\/strong><\/p>\n<p>Unser Angebot enth\u00e4lt Links zu externen Webseiten Dritter, auf deren Inhalte wir keinen Einfluss haben. Deshalb k\u00f6nnen wir f\u00fcr diese fremden Inhalte auch keine Gew\u00e4hr \u00fcbernehmen. F\u00fcr die Inhalte der verlinkten Seiten ist stets der jeweilige Anbieter oder Betreiber der Seiten verantwortlich. Die verlinkten Seiten wurden zum Zeitpunkt der Verlinkung auf m\u00f6gliche Rechtsverst\u00f6\u00dfe \u00fcberpr\u00fcft. Rechtswidrige Inhalte waren zum Zeitpunkt der Verlinkung nicht erkennbar. Eine permanente inhaltliche Kontrolle der verlinkten Seiten ist jedoch ohne konkrete Anhaltspunkte einer Rechtsverletzung nicht zumutbar. Bei Bekanntwerden von Rechtsverletzungen werden wir derartige Links umgehend entfernen.<\/p>\n<p><strong>Urheberrecht:<\/strong><\/p>\n<p>Die durch den Seitenbetreiber erstellten bzw. verwendeten Inhalte und Werke auf diesen Seiten unterliegen dem deutschen Urheberrecht. Soweit die Inhalte auf diesen Seiten nicht vom Betreiber erstellt wurden, werden die Urheberrechte Dritter beachtet. Insbesondere werden Inhalte Dritter als solche gekennzeichnet. Die Vervielf\u00e4ltigung, Bearbeitung, Verbreitung und jede Art der Verwertung au\u00dferhalb der Grenzen des Urheberrechts bed\u00fcrfen der vorherigen schriftlichen Einwilligung des jeweiligen Urheberrechtsinhabers, d.h. Autors, Erstellers oder Seitenbetreibers. Downloads und Kopien der Inhalte und Werke auf diesen Seiten sind nur f\u00fcr den privaten, nicht kommerziellen Gebrauch gestattet.<\/p>\n<p>Sollten Sie auf eine Urheberrechtsverletzung aufmerksam werden, bitten wir um entsprechenden Hinweis. Bei Bekanntwerden von Rechtsverletzungen werden wir derartige Inhalte umgehend entfernen.<\/p>\n<p><strong>Widerspruch Werbe-Mails:<\/strong><\/p>\n<p>Der Nutzung von im Rahmen der Impressumspflicht ver\u00f6ffentlichten Kontaktdaten zur \u00dcbersendung von nicht ausdr\u00fccklich angeforderter Werbung und Informationsmaterial wird hiermit widersprochen. Der Seitenbetreiber beh\u00e4lt sich ausdr\u00fccklich rechtliche Schritte im Falle der unverlangten Zusendung von Werbeinformationen, etwa durch Spam-E-Mails, vor.<\/p>\n<p>[\/et_pb_text][\/et_pb_column][\/et_pb_row][\/et_pb_section]<\/p>\n","protected":false},"excerpt":{"rendered":"<p>Impressum &#8211; EngAngaben gem\u00e4\u00df \u00a7 5 TMG Technische Universit\u00e4t BraunschweigUniversit\u00e4tsbibliothek BraunschweigUniversit\u00e4tsplatz 138106 Braunschweig Die Technische Universit\u00e4t Braunschweig ist eine K\u00f6rperschaft des \u00d6ffentlichen Rechts. Die Universit\u00e4tsbibliothek Braunschweig wird bei einem dezentralen Server gesetzlich vertreten durch Robert Str\u00f6tgen. Kontakt: Telefon: 0531 \/ 391 \u2013 5018E-Mail: \u00a0ub-info(at)tu-braunschweig.de Zust\u00e4ndige Aufsichtsbeh\u00f6rde: Nieders\u00e4chsisches Ministerium f\u00fcr Wissenschaft und KulturLeibnizufer 930169 Hannoverwww.mwk.niedersachsen.de Umsatzsteuer-ID: [&hellip;]<\/p>\n","protected":false},"author":2,"featured_media":0,"parent":0,"menu_order":0,"comment_status":"closed","ping_status":"closed","template":"","meta":{"_et_pb_use_builder":"on","_et_pb_old_content":"","_et_gb_content_width":"","footnotes":""},"class_list":["post-108","page","type-page","status-publish","hentry"],"_links":{"self":[{"href":"https:\/\/fdm-nds.de\/index.php\/wp-json\/wp\/v2\/pages\/108","targetHints":{"allow":["GET"]}}],"collection":[{"href":"https:\/\/fdm-nds.de\/index.php\/wp-json\/wp\/v2\/pages"}],"about":[{"href":"https:\/\/fdm-nds.de\/index.php\/wp-json\/wp\/v2\/types\/page"}],"author":[{"embeddable":true,"href":"https:\/\/fdm-nds.de\/index.php\/wp-json\/wp\/v2\/users\/2"}],"replies":[{"embeddable":true,"href":"https:\/\/fdm-nds.de\/index.php\/wp-json\/wp\/v2\/comments?post=108"}],"version-history":[{"count":5,"href":"https:\/\/fdm-nds.de\/index.php\/wp-json\/wp\/v2\/pages\/108\/revisions"}],"predecessor-version":[{"id":4485,"href":"https:\/\/fdm-nds.de\/index.php\/wp-json\/wp\/v2\/pages\/108\/revisions\/4485"}],"wp:attachment":[{"href":"https:\/\/fdm-nds.de\/index.php\/wp-json\/wp\/v2\/media?parent=108"}],"curies":[{"name":"wp","href":"https:\/\/api.w.org\/{rel}","templated":true}]}}