{"id":1221,"date":"2025-04-28T07:48:47","date_gmt":"2025-04-28T07:48:47","guid":{"rendered":"https:\/\/fdm-nds.de\/?page_id=1221"},"modified":"2026-01-30T14:44:18","modified_gmt":"2026-01-30T14:44:18","slug":"academic-cloud-services","status":"publish","type":"page","link":"https:\/\/fdm-nds.de\/index.php\/academic-cloud-services\/","title":{"rendered":"Academic Cloud Services"},"content":{"rendered":"<p>[et_pb_section fb_built=&#8221;1&#8243; _builder_version=&#8221;4.27.4&#8243; _module_preset=&#8221;default&#8221; global_colors_info=&#8221;{}&#8221;][et_pb_row column_structure=&#8221;2_3,1_3&#8243; _builder_version=&#8221;4.27.4&#8243; _module_preset=&#8221;default&#8221; global_colors_info=&#8221;{}&#8221;][et_pb_column type=&#8221;2_3&#8243; _builder_version=&#8221;4.27.4&#8243; _module_preset=&#8221;default&#8221; global_colors_info=&#8221;{}&#8221;][et_pb_text _builder_version=&#8221;4.27.4&#8243; _module_preset=&#8221;default&#8221; global_colors_info=&#8221;{}&#8221;]<\/p>\n<h1>Was ist <span>die<\/span> Academic Cloud?<\/h1>\n<p class=\"FDMStandard\">Die Academic Cloud ist ein Dienst, der von der GWDG zur Verf\u00fcgung gestellt wird. \u00dcber die Cloud werden (je nach Hochschule) verschiedene Dienste der GWDG f\u00fcr digitale Lehre, Forschungs-Kollaboration und Verwaltung und Forschungs(daten)management zur Verf\u00fcgung gestellt. Sie k\u00f6nnen nach erstmaliger Anmeldung in der Academic Cloud \u00fcber einen Single Sign On (SSO) und die dadurch erstellte Academic-ID genutzt werden. Bei manchen Diensten muss das Konto nochmal durch erstmaliges Anmelden freigeschaltet werden, damit der Nutzer von anderen Nutzenden gefunden werden kann.<o:p><\/o:p><\/p>\n<p class=\"FDMStandard\">Hochschulen in Niedersachsen k\u00f6nnen momentan die Dienste alle noch kostenfrei nutzen (mit wenigen Einschr\u00e4nkungen), ein Finanzierungsmodell ist jedoch seitens der GWDG in Planung. Es wird an einer m\u00f6glichen niedersachenweiten Finanzierung gearbeitet, es k\u00f6nnen aber auch Vertr\u00e4ge individuell pro Hochschule ausgehandelt werden. Momentan ist eine Zentrale Finanzierung der meisten Dienste f\u00fcr 2026 sichergestellt. Zur Finanzierung siehe den Punkt &#8220;Lizenzierung&#8221; bei den einzelnen Diensten. Ab 2027 soll das geplante Finanzierungsmodell eingef\u00fchrt werden.<br \/>Zus\u00e4tzlich zu allgemeinen Diensten, gibt es auch Dienste, die \u00fcber ein Projekt oder eine Partnerhochschule finanziert wurden und dadurch nicht jeder Hochschule zur Verf\u00fcgung stehen und nicht dauerhaft finanziert werden. <o:p><\/o:p><\/p>\n<p class=\"FDMStandard\">Die meisten der Services laufen auf den Servern der GWDG und sind damit konform den deutschen Datenschutz und Datensicherheitsrichtlinien, in den meisten F\u00e4llen gilt dadurch die <a href=\"https:\/\/gwdg.de\/data-protection-notice\/\">Datenschutzerkl\u00e4rung der GWDG<\/a>. Der Status der einzelnen Dienste kann unter GWDG <a href=\"https:\/\/status.gwdg.de\/\">Status<\/a> eingesehen werden.<o:p><\/o:p><\/p>\n<p>Stand: 11.12.2025<\/p>\n<p>[\/et_pb_text][\/et_pb_column][et_pb_column type=&#8221;1_3&#8243; _builder_version=&#8221;4.27.4&#8243; _module_preset=&#8221;default&#8221; global_colors_info=&#8221;{}&#8221;][et_pb_accordion _builder_version=&#8221;4.27.4&#8243; _module_preset=&#8221;default&#8221; global_colors_info=&#8221;{}&#8221;][et_pb_accordion_item title=&#8221;Dokumentation der GWDG&#8221; open=&#8221;on&#8221; open_toggle_text_color=&#8221;#FFFFFF&#8221; closed_toggle_text_color=&#8221;#FFFFFF&#8221; _builder_version=&#8221;4.27.4&#8243; _module_preset=&#8221;default&#8221; body_text_color=&#8221;#FFFFFF&#8221; background_color=&#8221;#313191&#8243; background_enable_color=&#8221;on&#8221; link_option_url_new_window=&#8221;on&#8221; global_colors_info=&#8221;{}&#8221; toggle_text_color=&#8221;#FFFFFF&#8221; toggle_level=&#8221;h4&#8243;]<\/p>\n<p><a href=\"https:\/\/docs.gwdg.de\/doku.php?id=de:start\" target=\"_blank\" rel=\"noopener\">Offizielle Dokumentation<\/a> zu den Diensten, die von der GWDG gehostet werden. Doku teilweise nur auf Englisch verf\u00fcgbar.<\/p>\n<p>[\/et_pb_accordion_item][et_pb_accordion_item title=&#8221;GWDG-Services&#8221; open_toggle_text_color=&#8221;#FFFFFF&#8221; _builder_version=&#8221;4.27.4&#8243; _module_preset=&#8221;default&#8221; body_text_color=&#8221;#FFFFFF&#8221; background_color=&#8221;#562D72&#8243; background_enable_color=&#8221;on&#8221; link_option_url_new_window=&#8221;on&#8221; global_colors_info=&#8221;{}&#8221; toggle_text_color=&#8221;#FFFFFF&#8221; toggle_level=&#8221;h4&#8243; open=&#8221;off&#8221;]<\/p>\n<p>\u00dcbersicht der <a href=\"https:\/\/gwdg.de\/services\/\" target=\"_blank\" rel=\"noopener\">Services<\/a>, die von der GWDG direkt angeboten werden, bzw. von ihnen gehostet werden.<\/p>\n<p>[\/et_pb_accordion_item][et_pb_accordion_item title=&#8221;Academic Cloud Help&#8221; open_toggle_text_color=&#8221;#FFFFFF&#8221; _builder_version=&#8221;4.27.4&#8243; _module_preset=&#8221;default&#8221; body_text_color=&#8221;#FFFFFF&#8221; background_color=&#8221;#722A69&#8243; background_enable_color=&#8221;on&#8221; link_option_url_new_window=&#8221;on&#8221; global_colors_info=&#8221;{}&#8221; toggle_text_color=&#8221;#FFFFFF&#8221; toggle_level=&#8221;h4&#8243; open=&#8221;off&#8221;]<\/p>\n<p><a href=\"https:\/\/academiccloud.de\/de\/help\/\" target=\"_blank\" rel=\"noopener\">Dokumentation<\/a> zu einigen Diensten im Hilfe-Bereich der Academic Cloud selbst. Jedoch nur f\u00fcr sehr wenige Dienste.<\/p>\n<p>[\/et_pb_accordion_item][et_pb_accordion_item title=&#8221;Co3learn&#8221; open_toggle_text_color=&#8221;#FFFFFF&#8221; _builder_version=&#8221;4.27.4&#8243; _module_preset=&#8221;default&#8221; body_text_color=&#8221;#FFFFFF&#8221; body_link_text_color=&#8221;#E81C27&#8243; background_color=&#8221;#8D2757&#8243; background_enable_color=&#8221;on&#8221; link_option_url_new_window=&#8221;on&#8221; global_colors_info=&#8221;{}&#8221; toggle_text_color=&#8221;#FFFFFF&#8221; toggle_level=&#8221;h4&#8243; open=&#8221;off&#8221;]<\/p>\n<p>Infos zu Diensten, die \u00fcber das Projekt <a href=\"https:\/\/www.co3learn.de\/how-to-uni\/\" target=\"_blank\" rel=\"noopener\">Co3learn<\/a> zur Verf\u00fcgung gestellt werden.<\/p>\n<p>[\/et_pb_accordion_item][et_pb_accordion_item title=&#8221;KISSKI&#8221; open_toggle_text_color=&#8221;#FFFFFF&#8221; _builder_version=&#8221;4.27.4&#8243; _module_preset=&#8221;default&#8221; body_text_color=&#8221;#FFFFFF&#8221; body_link_text_color=&#8221;#313191&#8243; background_color=&#8221;#E81C27&#8243; background_enable_color=&#8221;on&#8221; link_option_url_new_window=&#8221;on&#8221; global_colors_info=&#8221;{}&#8221; toggle_text_color=&#8221;#FFFFFF&#8221; toggle_level=&#8221;h4&#8243; open=&#8221;off&#8221;]<\/p>\n<p>Das \u201e<a href=\"https:\/\/kisski.gwdg.de\/\" target=\"_blank\" rel=\"noopener\">KI-Servicezentrum f\u00fcr Sensible und Kritische Infrastrukturen<\/a>\u201c (KISSKI) stellt die KI DIenste in der Academic Cloud zur Verf\u00fcgung.<\/p>\n<p>[\/et_pb_accordion_item][\/et_pb_accordion][\/et_pb_column][\/et_pb_row][et_pb_row _builder_version=&#8221;4.27.4&#8243; _module_preset=&#8221;default&#8221; global_colors_info=&#8221;{}&#8221;][et_pb_column type=&#8221;4_4&#8243; _builder_version=&#8221;4.27.4&#8243; _module_preset=&#8221;default&#8221; global_colors_info=&#8221;{}&#8221;][et_pb_filterable_portfolio posts_number=&#8221;40&#8243; show_pagination=&#8221;off&#8221; _builder_version=&#8221;4.27.4&#8243; _module_preset=&#8221;default&#8221; title_text_align=&#8221;center&#8221; caption_text_align=&#8221;center&#8221; background_color=&#8221;RGBA(255,255,255,0)&#8221; custom_margin=&#8221;||||false|false&#8221; custom_padding=&#8221;||||false|false&#8221; link_option_url_new_window=&#8221;on&#8221; hover_enabled=&#8221;0&#8243; border_radii=&#8221;on|5px|5px|5px|5px&#8221; border_width_all=&#8221;2px&#8221; border_color_all=&#8221;#313191&#8243; border_radii_image=&#8221;on|5px|5px|5px|5px&#8221; border_color_all_image=&#8221;#000000&#8243; global_colors_info=&#8221;{}&#8221; include_categories=&#8221;109,107,108,105,104,106&#8243; sticky_enabled=&#8221;0&#8243;][\/et_pb_filterable_portfolio][\/et_pb_column][\/et_pb_row][\/et_pb_section]<\/p>\n","protected":false},"excerpt":{"rendered":"<p>Was ist die Academic Cloud? Die Academic Cloud ist ein Dienst, der von der GWDG zur Verf\u00fcgung gestellt wird. \u00dcber die Cloud werden (je nach Hochschule) verschiedene Dienste der GWDG f\u00fcr digitale Lehre, Forschungs-Kollaboration und Verwaltung und Forschungs(daten)management zur Verf\u00fcgung gestellt. Sie k\u00f6nnen nach erstmaliger Anmeldung in der Academic Cloud \u00fcber einen Single Sign On [&hellip;]<\/p>\n","protected":false},"author":6,"featured_media":0,"parent":0,"menu_order":0,"comment_status":"closed","ping_status":"closed","template":"","meta":{"_et_pb_use_builder":"on","_et_pb_old_content":"","_et_gb_content_width":"","footnotes":""},"class_list":["post-1221","page","type-page","status-publish","hentry"],"_links":{"self":[{"href":"https:\/\/fdm-nds.de\/index.php\/wp-json\/wp\/v2\/pages\/1221","targetHints":{"allow":["GET"]}}],"collection":[{"href":"https:\/\/fdm-nds.de\/index.php\/wp-json\/wp\/v2\/pages"}],"about":[{"href":"https:\/\/fdm-nds.de\/index.php\/wp-json\/wp\/v2\/types\/page"}],"author":[{"embeddable":true,"href":"https:\/\/fdm-nds.de\/index.php\/wp-json\/wp\/v2\/users\/6"}],"replies":[{"embeddable":true,"href":"https:\/\/fdm-nds.de\/index.php\/wp-json\/wp\/v2\/comments?post=1221"}],"version-history":[{"count":22,"href":"https:\/\/fdm-nds.de\/index.php\/wp-json\/wp\/v2\/pages\/1221\/revisions"}],"predecessor-version":[{"id":4386,"href":"https:\/\/fdm-nds.de\/index.php\/wp-json\/wp\/v2\/pages\/1221\/revisions\/4386"}],"wp:attachment":[{"href":"https:\/\/fdm-nds.de\/index.php\/wp-json\/wp\/v2\/media?parent=1221"}],"curies":[{"name":"wp","href":"https:\/\/api.w.org\/{rel}","templated":true}]}}