{"id":1967,"date":"2025-01-29T10:29:23","date_gmt":"2025-01-29T10:29:23","guid":{"rendered":"https:\/\/fdm-nds.de\/?page_id=1967"},"modified":"2025-02-10T14:09:30","modified_gmt":"2025-02-10T14:09:30","slug":"governance","status":"publish","type":"page","link":"https:\/\/fdm-nds.de\/index.php\/governance\/","title":{"rendered":"Governance"},"content":{"rendered":"<p>[et_pb_section fb_built=&#8221;1&#8243; _builder_version=&#8221;4.27.4&#8243; _module_preset=&#8221;default&#8221; custom_margin=&#8221;0px||||false|false&#8221; custom_padding=&#8221;0px||||false|false&#8221; global_colors_info=&#8221;{}&#8221;][et_pb_row _builder_version=&#8221;4.27.4&#8243; _module_preset=&#8221;default&#8221; global_colors_info=&#8221;{}&#8221;][et_pb_column type=&#8221;4_4&#8243; _builder_version=&#8221;4.27.4&#8243; _module_preset=&#8221;default&#8221; global_colors_info=&#8221;{}&#8221;][et_pb_heading title=&#8221;Die Projekt-Governance von FDM-NDS&#8221; _builder_version=&#8221;4.27.4&#8243; _module_preset=&#8221;default&#8221; title_text_align=&#8221;center&#8221; title_text_color=&#8221;#313191&#8243; global_colors_info=&#8221;{}&#8221;][\/et_pb_heading][\/et_pb_column][\/et_pb_row][et_pb_row column_structure=&#8221;1_2,1_2&#8243; _builder_version=&#8221;4.27.4&#8243; _module_preset=&#8221;default&#8221; background_color=&#8221;RGBA(255,255,255,0)&#8221; custom_padding=&#8221;18px|||||&#8221; global_colors_info=&#8221;{}&#8221;][et_pb_column type=&#8221;1_2&#8243; _builder_version=&#8221;4.27.4&#8243; _module_preset=&#8221;default&#8221; background_color=&#8221;#8D2757&#8243; custom_padding=&#8221;56px|60px|56px|60px|false|false&#8221; border_radii=&#8221;on|5px|5px|5px|5px&#8221; global_colors_info=&#8221;{}&#8221;][et_pb_text _builder_version=&#8221;4.27.4&#8243; _module_preset=&#8221;default&#8221; text_font_size=&#8221;16px&#8221; text_line_height=&#8221;1.8em&#8221; background_color=&#8221;#8D2757&#8243; custom_padding=&#8221;10px|10px|10px|10px|false|false&#8221; border_radii=&#8221;on|5px|5px|5px|5px&#8221; global_colors_info=&#8221;{}&#8221;]<\/p>\n<p><span style=\"color: #ffffff;\">Im Zuge der Antragstellung der Landesinitiative Forschungsdatenmanagement Niedersachsen (FDM-NDS) wurden die Antr\u00e4ge der drei S\u00e4ulen der Landesinitiative \u00fcber die Wissenschaftliche Kommission Niedersachsen (WKN) begutachtet. Eine darin enthaltene zentrale Empfehlung der Gutachtenden war die Entwicklung einer Governance.<\/span><\/p>\n<p><span style=\"color: #ffffff;\">Im Laufe des ersten Jahres des Projektes FDM-NDS wurde eine entsprechende Governance entwickelt und mit allen Projektpartner:innen abgestimmt. Im Zentrum steht die \u00dcbersicht der beteiligten Gremien, deren Zusammensetzung und die Definition von Zust\u00e4ndigkeiten.<\/span><\/p>\n<p>[\/et_pb_text][\/et_pb_column][et_pb_column type=&#8221;1_2&#8243; _builder_version=&#8221;4.27.4&#8243; _module_preset=&#8221;default&#8221; global_colors_info=&#8221;{}&#8221;][et_pb_image src=&#8221;https:\/\/fdm-nds.de\/wp-content\/uploads\/2025\/01\/20241106_Grafik_Governance_v02.png&#8221; title_text=&#8221;20241106_Grafik_Governance_v02&#8243; _builder_version=&#8221;4.27.4&#8243; _module_preset=&#8221;default&#8221; hover_enabled=&#8221;0&#8243; global_colors_info=&#8221;{}&#8221; show_in_lightbox=&#8221;on&#8221; sticky_enabled=&#8221;0&#8243;][\/et_pb_image][et_pb_button button_url=&#8221;https:\/\/fdm-nds.de\/wp-content\/uploads\/2025\/01\/20241210_Governance_Landesininitiative_FDM_NDS.pdf&#8221; url_new_window=&#8221;on&#8221; button_text=&#8221;Zum Download der Governance&#8221; button_alignment=&#8221;center&#8221; _builder_version=&#8221;4.27.4&#8243; _module_preset=&#8221;default&#8221; custom_button=&#8221;on&#8221; button_text_color=&#8221;#FFFFFF&#8221; button_bg_color=&#8221;#E81C27&#8243; button_border_width=&#8221;2px&#8221; button_border_radius=&#8221;5px&#8221; transform_scale=&#8221;110%|110%&#8221; global_colors_info=&#8221;{}&#8221; transform_styles__hover_enabled=&#8221;on|desktop&#8221; transform_scale__hover_enabled=&#8221;on|desktop&#8221; transform_translate__hover_enabled=&#8221;on|desktop&#8221; transform_rotate__hover_enabled=&#8221;on|desktop&#8221; transform_skew__hover_enabled=&#8221;on|desktop&#8221; transform_origin__hover_enabled=&#8221;on|desktop&#8221; transform_scale__hover=&#8221;110%|110%&#8221;][\/et_pb_button][\/et_pb_column][\/et_pb_row][et_pb_row _builder_version=&#8221;4.27.4&#8243; _module_preset=&#8221;default&#8221; global_colors_info=&#8221;{}&#8221;][et_pb_column type=&#8221;4_4&#8243; _builder_version=&#8221;4.27.4&#8243; _module_preset=&#8221;default&#8221; global_colors_info=&#8221;{}&#8221;][et_pb_text _builder_version=&#8221;4.27.4&#8243; _module_preset=&#8221;default&#8221; global_colors_info=&#8221;{}&#8221;]<\/p>\n<h2>Das Steuerungsgremium<\/h2>\n<p>[\/et_pb_text][et_pb_text _builder_version=&#8221;4.27.4&#8243; _module_preset=&#8221;default&#8221; text_font_size=&#8221;16px&#8221; text_line_height=&#8221;1.8em&#8221; min_height=&#8221;50.8px&#8221; global_colors_info=&#8221;{}&#8221;]<\/p>\n<p>Das Ziel des Steuerungsgremiums ist die strategische Entwicklung der Landesinitiative. Dabei werden die Aktivit\u00e4ten aller drei S\u00e4ule sowie verwandter FDM-Projekte ber\u00fccksichtigt.<\/p>\n<p>Aktuell stehen die Entwicklung von Evaluationskriterien f\u00fcr die Zwischenevaluation nach 3 Jahren Projektlaufzeit im Fokus. Ein weiterer Schwerpunkt wird die strategische Auseinandersetzung mit der Rolle der NFDI und Anschluss des Projektes an Strukturen der NFDI sein.<\/p>\n<p>In den Sitzungen des Steuerungsgremiums findet ein Austausch mit der Hochschule.digital Niedersachsen (HdN) statt. Die Sitzungen finden halbj\u00e4hrlich statt. Das Gremium setzt sich aus Vertreter:innen aller Hochschulen der S\u00e4ule 1 sowie jeweils einer Vertretung aus drei Einrichtungen der S\u00e4ule 2 zusammen (HAWK, TU Clausthal, Hochschule Osnabr\u00fcck).<\/p>\n<p>In der konstituierenden Sitzung des Steuerungsgremiums wurden Robert Str\u00f6tgen als Sprecher des Gremiums und Diana Schmidt als stellvertretende Sprecherin gew\u00e4hlt. Die Sprechenden berichten regelm\u00e4\u00dfig an die \u00fcbergeordneten Gremien wie die st\u00e4ndige LHK-Kommission Digitalisierung \u00fcber den Projektverlauf.<\/p>\n<p>[\/et_pb_text][\/et_pb_column][\/et_pb_row][et_pb_row column_structure=&#8221;1_2,1_2&#8243; _builder_version=&#8221;4.27.4&#8243; _module_preset=&#8221;default&#8221; global_colors_info=&#8221;{}&#8221;][et_pb_column type=&#8221;1_2&#8243; _builder_version=&#8221;4.27.4&#8243; _module_preset=&#8221;default&#8221; global_colors_info=&#8221;{}&#8221;][et_pb_team_member name=&#8221;Robert Str\u00f6tgen&#8221; position=&#8221;Leitender Direktor der Universit\u00e4tsbibliothek der Technischen Universit\u00e4t Braunschweig&#8221; image_url=&#8221;https:\/\/fdm-nds.de\/wp-content\/uploads\/2025\/01\/csm_Stroetgen_Robert_2022_ROT_0139_9ddef4fdfd.jpg&#8221; linkedin_url=&#8221;https:\/\/www.linkedin.com\/in\/robert-str%C3%B6tgen\/&#8221; icon_color=&#8221;#313191&#8243; _builder_version=&#8221;4.27.4&#8243; _module_preset=&#8221;default&#8221; header_text_color=&#8221;#313191&#8243; background_color=&#8221;RGBA(255,255,255,0)&#8221; text_orientation=&#8221;left&#8221; module_alignment=&#8221;left&#8221; animation_style=&#8221;fade&#8221; border_radii_image=&#8221;on|5px|5px|5px|5px&#8221; border_width_all_image=&#8221;3px&#8221; border_color_all_image=&#8221;#313191&#8243; border_radii_image_tablet=&#8221;on|5px|5px|5px|5px&#8221; border_radii_image_phone=&#8221;on|5px|5px|5px|5px&#8221; border_radii_image_last_edited=&#8221;on|desktop&#8221; global_colors_info=&#8221;{}&#8221;]<\/p>\n<p><strong>Sprecher des Steuerungsgremiums FDM-NDS<\/strong><\/p>\n<p>[\/et_pb_team_member][\/et_pb_column][et_pb_column type=&#8221;1_2&#8243; _builder_version=&#8221;4.27.4&#8243; _module_preset=&#8221;default&#8221; global_colors_info=&#8221;{}&#8221;][et_pb_team_member name=&#8221;Diana Schmidt&#8221; position=&#8221;Forschungsreferentin an der HAWK Hochschule f\u00fcr angewandte Wissenschaft und Kunst Hildesheim\/Holzminden\/G\u00f6ttingen&#8221; image_url=&#8221;https:\/\/fdm-nds.de\/wp-content\/uploads\/2025\/01\/221005_hawk_0736_lowres_Diana_Schmidt-e1737542460214.jpg&#8221; linkedin_url=&#8221;https:\/\/www.linkedin.com\/in\/diana-schmidt-1376202b8\/&#8221; icon_color=&#8221;#313191&#8243; _builder_version=&#8221;4.27.4&#8243; _module_preset=&#8221;default&#8221; header_text_color=&#8221;#313191&#8243; width=&#8221;100%&#8221; max_width=&#8221;100%&#8221; module_alignment=&#8221;left&#8221; border_radii_image=&#8221;on|5px|5px|5px|5px&#8221; border_width_all_image=&#8221;3px&#8221; border_color_all_image=&#8221;#313191&#8243; global_colors_info=&#8221;{}&#8221;]<\/p>\n<p><strong>Stellvertretende Sprecherin des Steuerungsgremiums FDM-NDS<\/strong><\/p>\n<p>[\/et_pb_team_member][\/et_pb_column][\/et_pb_row][\/et_pb_section]<\/p>\n","protected":false},"excerpt":{"rendered":"<p>Im Zuge der Antragstellung der Landesinitiative Forschungsdatenmanagement Niedersachsen (FDM-NDS) wurden die Antr\u00e4ge der drei S\u00e4ulen der Landesinitiative \u00fcber die Wissenschaftliche Kommission Niedersachsen (WKN) begutachtet. Eine darin enthaltene zentrale Empfehlung der Gutachtenden war die Entwicklung einer Governance. Im Laufe des ersten Jahres des Projektes FDM-NDS wurde eine entsprechende Governance entwickelt und mit allen Projektpartner:innen abgestimmt. Im [&hellip;]<\/p>\n","protected":false},"author":3,"featured_media":0,"parent":0,"menu_order":0,"comment_status":"closed","ping_status":"closed","template":"","meta":{"_et_pb_use_builder":"on","_et_pb_old_content":"","_et_gb_content_width":"","footnotes":""},"class_list":["post-1967","page","type-page","status-publish","hentry"],"_links":{"self":[{"href":"https:\/\/fdm-nds.de\/index.php\/wp-json\/wp\/v2\/pages\/1967","targetHints":{"allow":["GET"]}}],"collection":[{"href":"https:\/\/fdm-nds.de\/index.php\/wp-json\/wp\/v2\/pages"}],"about":[{"href":"https:\/\/fdm-nds.de\/index.php\/wp-json\/wp\/v2\/types\/page"}],"author":[{"embeddable":true,"href":"https:\/\/fdm-nds.de\/index.php\/wp-json\/wp\/v2\/users\/3"}],"replies":[{"embeddable":true,"href":"https:\/\/fdm-nds.de\/index.php\/wp-json\/wp\/v2\/comments?post=1967"}],"version-history":[{"count":13,"href":"https:\/\/fdm-nds.de\/index.php\/wp-json\/wp\/v2\/pages\/1967\/revisions"}],"predecessor-version":[{"id":2107,"href":"https:\/\/fdm-nds.de\/index.php\/wp-json\/wp\/v2\/pages\/1967\/revisions\/2107"}],"wp:attachment":[{"href":"https:\/\/fdm-nds.de\/index.php\/wp-json\/wp\/v2\/media?parent=1967"}],"curies":[{"name":"wp","href":"https:\/\/api.w.org\/{rel}","templated":true}]}}