{"id":3609,"date":"2026-01-14T09:36:13","date_gmt":"2026-01-14T09:36:13","guid":{"rendered":"https:\/\/fdm-nds.de\/?page_id=3609"},"modified":"2026-01-23T16:29:10","modified_gmt":"2026-01-23T16:29:10","slug":"schritt-1-forschungsvorhaben-planen","status":"publish","type":"page","link":"https:\/\/fdm-nds.de\/index.php\/schritt-1-forschungsvorhaben-planen\/","title":{"rendered":"Schritt 1: Forschungsvorhaben planen"},"content":{"rendered":"<p>[et_pb_section fb_built=&#8221;1&#8243; _builder_version=&#8221;4.27.4&#8243; _module_preset=&#8221;default&#8221; global_colors_info=&#8221;{}&#8221;][et_pb_row _builder_version=&#8221;4.27.4&#8243; _module_preset=&#8221;default&#8221; global_colors_info=&#8221;{}&#8221;][et_pb_column type=&#8221;4_4&#8243; _builder_version=&#8221;4.27.4&#8243; _module_preset=&#8221;default&#8221; global_colors_info=&#8221;{}&#8221;][et_pb_heading title=&#8221;Schritt 1: Forschungsvorhaben planen&#8221; _builder_version=&#8221;4.27.4&#8243; _module_preset=&#8221;default&#8221; global_colors_info=&#8221;{}&#8221;][\/et_pb_heading][\/et_pb_column][\/et_pb_row][et_pb_row column_structure=&#8221;1_2,1_2&#8243; _builder_version=&#8221;4.27.4&#8243; _module_preset=&#8221;default&#8221; custom_padding=&#8221;||0px|||&#8221; global_colors_info=&#8221;{}&#8221;][et_pb_column type=&#8221;1_2&#8243; _builder_version=&#8221;4.27.4&#8243; _module_preset=&#8221;default&#8221; global_colors_info=&#8221;{}&#8221;][et_pb_heading title=&#8221;Einf\u00fchrung&#8221; _builder_version=&#8221;4.27.4&#8243; _module_preset=&#8221;default&#8221; title_level=&#8221;h2&#8243; global_colors_info=&#8221;{}&#8221;][\/et_pb_heading][et_pb_text _builder_version=&#8221;4.27.4&#8243; _module_preset=&#8221;default&#8221; custom_margin=&#8221;-23px|||||&#8221; global_colors_info=&#8221;{}&#8221;]<\/p>\n<p>Der korrekte Umgang mit Forschungsdaten in allen Phasen ihres <a href=\"https:\/\/fdm-nds.de\/?page_id=3583\" target=\"_blank\" rel=\"noopener\"><strong>Lebenszyklus<\/strong> <\/a>ist eine grundlegende Anforderung an das wissenschaftliche Arbeiten und wichtig f\u00fcr die Einhaltung <a href=\"https:\/\/forschungsdaten.info\/themen\/ethik-und-gute-wissenschaftliche-praxis\/gute-wissenschaftliche-praxis-und-fdm\/\" target=\"_blank\" rel=\"noopener\"><strong>guter wissenschaftlicher Praxis<\/strong><\/a>. Schon vor Beginn eines Forschungsprojekts ist es von gro\u00dfer Bedeutung, den Umgang mit den zu erwartenden Daten und Ergebnissen sorgf\u00e4ltig zu planen. Dies schafft die Basis f\u00fcr eine m\u00f6gliche Nachnutzung der Forschungsdaten durch andere Wissenschaftler*innen und die damit h\u00e4ufig verbundene Steigerung der Sichtbarkeit der eigenen wissenschaftlichen Leistung. Als n\u00fctzliches Werkzeug hierf\u00fcr kann ein Datenmanagementplan (DMP) genutzt werden.<\/p>\n<p>Exemplarische Schritte bei der Konzeption eines Forschungsvorhabens:<\/p>\n<ul>\n<li>Untersuchungsdesign erstellen<\/li>\n<li>Recherche nach bereits vorhandenen Daten<\/li>\n<li>Planung des Datenmanagements (Formate, Speicherorte etc.)<\/li>\n<li>Ber\u00fccksichtigung rechtlicher und ethischer Aspekte<\/li>\n<li>Ber\u00fccksichtigung der Anforderungen von Mittelgebern und Projektpartnern zum FDM<\/li>\n<\/ul>\n<p>[\/et_pb_text][\/et_pb_column][et_pb_column type=&#8221;1_2&#8243; _builder_version=&#8221;4.27.4&#8243; _module_preset=&#8221;default&#8221; global_colors_info=&#8221;{}&#8221;][et_pb_image src=&#8221;https:\/\/fdm-nds.de\/wp-content\/uploads\/2025\/12\/FD_Lebenszyklus_S1_Forschungsvorhaben_planen_Buhnenbild_Mau_CC-BY.png&#8221; title_text=&#8221;FD_Lebenszyklus_S1_Forschungsvorhaben_planen_B\u00fchnenbild_Mau_CC-BY&#8221; _builder_version=&#8221;4.27.4&#8243; _module_preset=&#8221;default&#8221; width=&#8221;88%&#8221; min_height=&#8221;440.3px&#8221; custom_margin=&#8221;||61px|||&#8221; custom_padding=&#8221;0px|||||&#8221; global_colors_info=&#8221;{}&#8221;][\/et_pb_image][\/et_pb_column][\/et_pb_row][et_pb_row column_structure=&#8221;2_5,3_5&#8243; _builder_version=&#8221;4.27.4&#8243; _module_preset=&#8221;default&#8221; min_height=&#8221;1007.9px&#8221; custom_margin=&#8221;|auto|-338px|auto||&#8221; custom_padding=&#8221;7px|||||&#8221; global_colors_info=&#8221;{}&#8221;][et_pb_column type=&#8221;2_5&#8243; _builder_version=&#8221;4.27.4&#8243; _module_preset=&#8221;default&#8221; global_colors_info=&#8221;{}&#8221;][et_pb_video src=&#8221;https:\/\/youtu.be\/QzwVqiJE-YE&#8221; _builder_version=&#8221;4.27.4&#8243; _module_preset=&#8221;default&#8221; custom_margin=&#8221;||35px|||&#8221; hover_enabled=&#8221;0&#8243; global_colors_info=&#8221;{}&#8221; sticky_enabled=&#8221;0&#8243;][\/et_pb_video][et_pb_cta title=&#8221;Kosten\u00fcbernahme&#8221; button_text=&#8221;Klicks&#8221; _builder_version=&#8221;4.27.4&#8243; _module_preset=&#8221;default&#8221; header_text_color=&#8221;#8D2757&#8243; body_text_color=&#8221;#8D2757&#8243; background_color=&#8221;#FFFFFF&#8221; width=&#8221;100%&#8221; min_height=&#8221;347.6px&#8221; custom_margin=&#8221;||-26px|||&#8221; custom_padding=&#8221;24px||0px|||&#8221; hover_enabled=&#8221;0&#8243; border_width_all=&#8221;3px&#8221; border_color_all=&#8221;#8D2757&#8243; global_colors_info=&#8221;{}&#8221; sticky_enabled=&#8221;0&#8243;]<\/p>\n<p>Ggf. k\u00f6nnen Kosten f\u00fcr das Forschungsdatenmanagement im Zuge der Antragsstellung geltend gemacht werden. Welche Aspekte des Forschungsdatenmanagements in welchem Umfang genau f\u00f6rderf\u00e4hig sind, h\u00e4ngt sowohl vom F\u00f6rdermittelgeber als auch vom F\u00f6rderprogramm ab. Es lohnt sich daher, bereits bei der Projektbeantragung Informationen hierzu einzuholen und die Kosten ggf. im F\u00f6rderantrag zu ber\u00fccksichtigen.<\/p>\n<p>[\/et_pb_cta][\/et_pb_column][et_pb_column type=&#8221;3_5&#8243; _builder_version=&#8221;4.27.4&#8243; _module_preset=&#8221;default&#8221; global_colors_info=&#8221;{}&#8221;][et_pb_text _builder_version=&#8221;4.27.4&#8243; _module_preset=&#8221;default&#8221; global_colors_info=&#8221;{}&#8221;]<\/p>\n<h2>Der Datenmanagementplan (DMP)<\/h2>\n<p>Ein Datenmanagementplan beschreibt, welche Daten im Lauf des Forschungsprozesses erfasst oder erzeugt werden und was w\u00e4hrend ihres weiteren Lebenszyklus mit ihnen geschehen soll. Im Wesentlichen werden in einem DMP die Antworten auf die wichtigen Fragen des Datenmanagements in einem Projekt gegeben.<\/p>\n<p><strong>Aspekte eines DMPs sind:<\/strong><\/p>\n<ul>\n<li style=\"list-style-type: none;\">\n<ul>\n<li>Basisinformationen<\/li>\n<li>Beschreibung des Forschungsvorhabens<\/li>\n<li>Projektverantwortliche<\/li>\n<li>Laufzeit<\/li>\n<\/ul>\n<\/li>\n<\/ul>\n<h3>Relevante Policies, Richtlinien, Gesetze und Ethik<\/h3>\n<ul>\n<li style=\"list-style-type: none;\">\n<ul>\n<li>Zu beachtende <a href=\"https:\/\/forschungsdaten.info\/themen\/ethik-und-gute-wissenschaftliche-praxis\/leitlinien-und-policies\/\" target=\"_blank\" rel=\"noopener\"><strong>Policies<\/strong> <\/a>(z.B. der Forschungseinrichtung, des Fachbereichs oder des F\u00f6rdermittelgebers)<\/li>\n<li>Rechtliche Aspekte aus den Bereichen Datenschutz, Urheberrecht, Umweltrecht und ggf. weiteren<\/li>\n<li>Abw\u00e4gung ethischer Aspekte vor der Erhebung bzw. Ver\u00f6ffentlichung von Forschungsdaten<\/li>\n<li>Informationen zur Datenerhebung<\/li>\n<li>Sch\u00e4tzung der zu erwartenden Datentypen und -mengen<\/li>\n<li>Informationen zur Art der Datenerhebung<\/li>\n<li>Datendokumentation<\/li>\n<li>Auflistung bereits existierender Daten sowie deren Integration<\/li>\n<\/ul>\n<\/li>\n<\/ul>\n<ul><\/ul>\n<p>[\/et_pb_text][\/et_pb_column][\/et_pb_row][et_pb_row _builder_version=&#8221;4.27.4&#8243; _module_preset=&#8221;default&#8221; min_height=&#8221;538px&#8221; custom_margin=&#8221;-29px|auto|-93px|auto||&#8221; custom_padding=&#8221;1px|||||&#8221; global_colors_info=&#8221;{}&#8221;][et_pb_column type=&#8221;4_4&#8243; _builder_version=&#8221;4.27.4&#8243; _module_preset=&#8221;default&#8221; global_colors_info=&#8221;{}&#8221;][et_pb_text _builder_version=&#8221;4.27.4&#8243; _module_preset=&#8221;default&#8221; custom_margin=&#8221;-16px|||||&#8221; global_colors_info=&#8221;{}&#8221;]<\/p>\n<h3>Datenverwaltung und -handling<\/h3>\n<ul>\n<li>Organisation der Daten inklusive deren Benennung und Versionierung<\/li>\n<li>Angestrebte Interoperabilit\u00e4t, Ber\u00fccksichtigung bestehender Standards<\/li>\n<li>Speicherung und Sicherheit der Daten w\u00e4hrend der Projektarbeit<\/li>\n<li>Umfang und Art eines evtl. vorgesehenen Datenaustausches<\/li>\n<\/ul>\n<h3>Informationen zu Archivierung, Publikation und Lizenzvergabe<\/h3>\n<ul>\n<li><a href=\"https:\/\/forschungsdaten.info\/themen\/beschreiben-und-dokumentieren\/metadaten-und-metadatenstandards\/\" target=\"_blank\" rel=\"noopener\"><strong>Metadatenstandards<\/strong><\/a><\/li>\n<li>Zeitpunkt und Art der Daten\u00fcbergabe\/-ver\u00f6ffentlichung<\/li>\n<li>Referenzierbarkeit (z.B. Benennung persistenter Identifikatoren)<\/li>\n<li>F\u00fcr die Datenpublikation vorgesehene Repositorien<\/li>\n<li>Geplante (Langzeit-)Archivierung<\/li>\n<li>Ggf. L\u00f6schung der Daten<\/li>\n<\/ul>\n<h3>Finanzielle Aspekte<\/h3>\n<ul>\n<li>Anfallende Kosten und Ressourcen hinsichtlich des Managements, der Speicherung, Archivierung und Publikation der Forschungsdaten (k\u00f6nnen sowohl Personal- als auch Sachkosten beinhalten)<\/li>\n<\/ul>\n<p>[\/et_pb_text][\/et_pb_column][\/et_pb_row][et_pb_row _builder_version=&#8221;4.27.4&#8243; _module_preset=&#8221;default&#8221; custom_margin=&#8221;-40px|auto||auto||&#8221; global_colors_info=&#8221;{}&#8221;][et_pb_column type=&#8221;4_4&#8243; _builder_version=&#8221;4.27.4&#8243; _module_preset=&#8221;default&#8221; global_colors_info=&#8221;{}&#8221;][et_pb_text _builder_version=&#8221;4.27.4&#8243; _module_preset=&#8221;default&#8221; global_colors_info=&#8221;{}&#8221;]<\/p>\n<h2>Rechtliche Aspekte &amp; Ethik<\/h2>\n<p>In jeder Phase des Forschungsdatenlebenszyklus m\u00fcssen rechtliche Vorgaben ber\u00fccksichtigt werden (siehe <a href=\"https:\/\/fdm-nds.de\/?page_id=3804\"><strong>Exkurs: Rechtliche Aspekte im FDM<\/strong><\/a>). Diese sollten idealerweise im Vorfeld eines Forschungsprojekts gekl\u00e4rt werden. Besondere Beachtung sollten dabei folgende zentrale rechtliche Fragen finden:<\/p>\n<ul>\n<li>Welche Daten werden erhoben und unterliegen diese rechtlichen Anforderungen?<\/li>\n<li>Wer ist Eigent\u00fcmer*in der anfallenden Forschungsdaten und wer ist zur Nutzung berechtigt (Urheber- und Leistungsschutzrechte)?<\/li>\n<li>Wie wird der Umgang mit personenbezogenen Daten gehandhabt, falls solche vorhanden sind bzw. erhoben werden (Datenschutzrecht)?<\/li>\n<li>Wie regeln Vereinbarungen zwischen den beteiligten Parteien die Nutzungsrechte und Geheimhaltung (Vertragsrecht)?<\/li>\n<\/ul>\n<p>&nbsp;<\/p>\n<p>[\/et_pb_text][\/et_pb_column][\/et_pb_row][et_pb_row _builder_version=&#8221;4.27.4&#8243; _module_preset=&#8221;default&#8221; custom_margin=&#8221;-40px|auto||auto||&#8221; global_colors_info=&#8221;{}&#8221;][et_pb_column type=&#8221;4_4&#8243; _builder_version=&#8221;4.27.4&#8243; _module_preset=&#8221;default&#8221; global_colors_info=&#8221;{}&#8221;][et_pb_heading title=&#8221;Weiterf\u00fchrendes&#8221; _builder_version=&#8221;4.27.4&#8243; _module_preset=&#8221;default&#8221; title_level=&#8221;h3&#8243; global_colors_info=&#8221;{}&#8221;][\/et_pb_heading][et_pb_accordion _builder_version=&#8221;4.27.4&#8243; _module_preset=&#8221;default&#8221; hover_enabled=&#8221;0&#8243; global_colors_info=&#8221;{}&#8221; sticky_enabled=&#8221;0&#8243;][et_pb_accordion_item title=&#8221;Checkliste der DFG f\u00fcr Antragsstellende zum Umgang mit Forschungsdaten&#8221; open=&#8221;on&#8221; _builder_version=&#8221;4.27.4&#8243; _module_preset=&#8221;default&#8221; global_colors_info=&#8221;{}&#8221;]<\/p>\n<p>DFG Deutsche Forschungsgemeinschaft (2021): Umgang mit Forschungsdaten: Checkliste f\u00fcr Antragstellende zur Planung und zur Beschreibung des Umgangs mit Forschungsdaten in Forschungsvorhaben. Zenodo, <a href=\"doi.org\/10.5281\/zenodo.10931449\" target=\"_blank\" rel=\"noopener\">doi.org\/10.5281\/zenodo.10931449<\/a><\/p>\n<p>[\/et_pb_accordion_item][et_pb_accordion_item title=&#8221;Checkliste der DFG f\u00fcr Antragsstellende zum Umgang mit Forschungsdaten &#8211; Kommentierte Version der Universit\u00e4t Hamburg&#8221; _builder_version=&#8221;4.27.4&#8243; _module_preset=&#8221;default&#8221; hover_enabled=&#8221;0&#8243; global_colors_info=&#8221;{}&#8221; open=&#8221;off&#8221; sticky_enabled=&#8221;0&#8243;]<\/p>\n<p>Universit\u00e4t Hamburg (2022): Kommentierung. Umgang mit Forschungsdaten: Checkliste f\u00fcr Antragstellende zur Planung und zur Beschreibung des Umgangs mit Forschungsdaten in Forschungsvorhaben (Versionsdatum 21.12.2021). <a href=\"https:\/\/www.fdm.uni-hamburg.de\/medien\/forschungsdaten-checkliste-de.pdf\" target=\"_blank\" rel=\"noopener\">Link<\/a><\/p>\n<p>[\/et_pb_accordion_item][et_pb_accordion_item title=&#8221;Checkliste und Leitfaden zum Umgang mit personenbezogenen Daten in Forschungsvorhaben&#8221; _builder_version=&#8221;4.27.4&#8243; _module_preset=&#8221;default&#8221; hover_enabled=&#8221;0&#8243; global_colors_info=&#8221;{}&#8221; open=&#8221;off&#8221; sticky_enabled=&#8221;0&#8243;]<\/p>\n<p>Multimedia Kontor Hamburg (2022): Checkliste Datenschutz f\u00fcr Forschungsvorhaben. <a href=\"https:\/\/www.hh-datenschutz.de\/fileadmin\/mustervorlagen\/Checkliste_Forschung.pdf\" target=\"_blank\" rel=\"noopener\">Link<\/a><\/p>\n<p>[\/et_pb_accordion_item][et_pb_accordion_item title=&#8221;Checklilste: Qualitative Forschung &#8211; Planung &#038; Duchf\u00fchrung&#8221; _builder_version=&#8221;4.27.4&#8243; _module_preset=&#8221;default&#8221; hover_enabled=&#8221;0&#8243; global_colors_info=&#8221;{}&#8221; open=&#8221;off&#8221; sticky_enabled=&#8221;0&#8243;]<\/p>\n<p>Burliaev D, M\u00fcller J, Schwarz M-A und M Urbanczyk (2022): Checkliste: Qualitatives Forschungsprojekt \u2013 Woran muss ich denken, was muss ich \u201eerledigen\u201c Universit\u00e4t T\u00fcbingen. <a href=\"https:\/\/uni-tuebingen.de\/fakultaeten\/wirtschafts-und-sozialwissenschaftliche-fakultaet\/faecher\/fachbereich-sozialwissenschaften\/methodenzentrum\/service\/e-learning\/checkliste-qualitatives-forschungsprojekt\/\" target=\"_blank\" rel=\"noopener\">Link<\/a><\/p>\n<p>[\/et_pb_accordion_item][et_pb_accordion_item title=&#8221;Leitfaden zur Erstellung eines Datenmanagementplans (DMP)&#8221; _builder_version=&#8221;4.27.4&#8243; _module_preset=&#8221;default&#8221; hover_enabled=&#8221;0&#8243; global_colors_info=&#8221;{}&#8221; open=&#8221;off&#8221; sticky_enabled=&#8221;0&#8243;]<\/p>\n<p>TIB Technischen Informationsbibliothek (2022): Leitfaden zur Erstellung eines Datenmanagementplans in der Version 2.4. <a href=\"https:\/\/www.fdm.uni-hannover.de\/fileadmin\/fdm\/Dokumente\/Leitfaden_DMP_LUH_v2.4.pdf\" target=\"_blank\" rel=\"noopener\">Link<\/a><\/p>\n<p>[\/et_pb_accordion_item][et_pb_accordion_item title=&#8221;Survival-Kit &#8211; Datenmanagementpl\u00e4ne (DMP) nach F\u00f6rderern&#8221; _builder_version=&#8221;4.27.4&#8243; _module_preset=&#8221;default&#8221; hover_enabled=&#8221;0&#8243; global_colors_info=&#8221;{}&#8221; open=&#8221;off&#8221; sticky_enabled=&#8221;0&#8243;]<\/p>\n<p>Agniashvili A, Schmidt D, Mau F und P Walter (2024): Survival-Kit \u2013 Datenmanagementpl\u00e4ne (DMP) nach F\u00f6rderern. Zenodo, <a href=\"doi.org\/10.5281\/zenodo.13321170\" target=\"_blank\" rel=\"noopener\">doi.org\/10.5281\/zenodo.13321170<\/a><\/p>\n<p>[\/et_pb_accordion_item][et_pb_accordion_item title=&#8221;Tool zur Erstellung eines Datenmanagementplans (DMP)&#8221; _builder_version=&#8221;4.27.4&#8243; _module_preset=&#8221;default&#8221; hover_enabled=&#8221;0&#8243; global_colors_info=&#8221;{}&#8221; open=&#8221;off&#8221; sticky_enabled=&#8221;0&#8243;]<\/p>\n<p>Staats- und Universit\u00e4tsbibliothek G\u00f6ttingen, GWDG Gesellschaft f\u00fcr wissenschaftsliche Datenverarbeitung mbH G\u00f6ttingen: <a href=\"https:\/\/plan.goettingen-research-online.de\/\" target=\"_blank\" rel=\"noopener\">GRO.plan<\/a><\/p>\n<p><em>Der Dienst ist Bestandteil der <a href=\"https:\/\/fdm-nds.de\/index.php\/academic-cloud-services\/\">AcademicCloud<\/a> und kann mittels \u201eF\u00f6derierter Anmeldung\u201c genutzt werden.<\/em><\/p>\n<p>[\/et_pb_accordion_item][et_pb_accordion_item title=&#8221;Vorlagen und FAQs der VolkswagenStiftung f\u00fcr Antragsstellende (z.B. Vorlage DMP)&#8221; _builder_version=&#8221;4.27.4&#8243; _module_preset=&#8221;default&#8221; hover_enabled=&#8221;0&#8243; global_colors_info=&#8221;{}&#8221; open=&#8221;off&#8221; sticky_enabled=&#8221;0&#8243;]<\/p>\n<p>Bewilligungsgrunds\u00e4tze sowie n\u00fctzliche Formulare, u.a. f\u00fcr Berichte, Mittelabruf oder Verwendungsnachweis. <a href=\"https:\/\/www.volkswagenstiftung.de\/de\/faqservice#download_formulare_berichte\" target=\"_blank\" rel=\"noopener\">Link<\/a><\/p>\n<p>[\/et_pb_accordion_item][et_pb_accordion_item title=&#8221;Vorlagen und Hinweise zur Erstellung eines Datenmanagementplans (DMP)&#8221; _builder_version=&#8221;4.27.4&#8243; _module_preset=&#8221;default&#8221; hover_enabled=&#8221;0&#8243; global_colors_info=&#8221;{}&#8221; open=&#8221;off&#8221; sticky_enabled=&#8221;0&#8243;]<\/p>\n<p>Humboldt Universit\u00e4t zu Berlin: Datenmanagementpl\u00e4ne. <a href=\"https:\/\/www.cms.hu-berlin.de\/de\/dl\/dataman\/arbeiten\/dmp_erstellen\" target=\"_blank\" rel=\"noopener\">Link<\/a><\/p>\n<p>[\/et_pb_accordion_item][\/et_pb_accordion][\/et_pb_column][\/et_pb_row][\/et_pb_section]<\/p>\n","protected":false},"excerpt":{"rendered":"<p>Der korrekte Umgang mit Forschungsdaten in allen Phasen ihres Lebenszyklus ist eine grundlegende Anforderung an das wissenschaftliche Arbeiten und wichtig f\u00fcr die Einhaltung guter wissenschaftlicher Praxis. Schon vor Beginn eines Forschungsprojekts ist es von gro\u00dfer Bedeutung, den Umgang mit den zu erwartenden Daten und Ergebnissen sorgf\u00e4ltig zu planen. Dies schafft die Basis f\u00fcr eine m\u00f6gliche [&hellip;]<\/p>\n","protected":false},"author":7,"featured_media":0,"parent":0,"menu_order":0,"comment_status":"closed","ping_status":"closed","template":"","meta":{"_et_pb_use_builder":"on","_et_pb_old_content":"","_et_gb_content_width":"","footnotes":""},"class_list":["post-3609","page","type-page","status-publish","hentry"],"_links":{"self":[{"href":"https:\/\/fdm-nds.de\/index.php\/wp-json\/wp\/v2\/pages\/3609","targetHints":{"allow":["GET"]}}],"collection":[{"href":"https:\/\/fdm-nds.de\/index.php\/wp-json\/wp\/v2\/pages"}],"about":[{"href":"https:\/\/fdm-nds.de\/index.php\/wp-json\/wp\/v2\/types\/page"}],"author":[{"embeddable":true,"href":"https:\/\/fdm-nds.de\/index.php\/wp-json\/wp\/v2\/users\/7"}],"replies":[{"embeddable":true,"href":"https:\/\/fdm-nds.de\/index.php\/wp-json\/wp\/v2\/comments?post=3609"}],"version-history":[{"count":17,"href":"https:\/\/fdm-nds.de\/index.php\/wp-json\/wp\/v2\/pages\/3609\/revisions"}],"predecessor-version":[{"id":4182,"href":"https:\/\/fdm-nds.de\/index.php\/wp-json\/wp\/v2\/pages\/3609\/revisions\/4182"}],"wp:attachment":[{"href":"https:\/\/fdm-nds.de\/index.php\/wp-json\/wp\/v2\/media?parent=3609"}],"curies":[{"name":"wp","href":"https:\/\/api.w.org\/{rel}","templated":true}]}}