{"id":3730,"date":"2026-01-07T08:27:26","date_gmt":"2026-01-07T08:27:26","guid":{"rendered":"https:\/\/fdm-nds.de\/?page_id=3730"},"modified":"2026-02-09T10:00:32","modified_gmt":"2026-02-09T10:00:32","slug":"elabftw_fdm-nds","status":"publish","type":"page","link":"https:\/\/fdm-nds.de\/index.php\/elabftw_fdm-nds\/","title":{"rendered":"eLabFTW@FDM-NDS"},"content":{"rendered":"<p>[et_pb_section fb_built=&#8221;1&#8243; _builder_version=&#8221;4.27.4&#8243; _module_preset=&#8221;default&#8221; custom_margin=&#8221;-20px||||false|false&#8221; custom_padding=&#8221;||||false|false&#8221; global_colors_info=&#8221;{}&#8221;][et_pb_row _builder_version=&#8221;4.27.4&#8243; _module_preset=&#8221;default&#8221; custom_margin=&#8221;0px||||false|false&#8221; custom_padding=&#8221;0px||||false|false&#8221; global_colors_info=&#8221;{}&#8221;][et_pb_column type=&#8221;4_4&#8243; _builder_version=&#8221;4.27.4&#8243; _module_preset=&#8221;default&#8221; global_colors_info=&#8221;{}&#8221;][et_pb_heading title=&#8221;Willkommen zum S\u00e4ule-3-Projekt eLabFTW@FDM-NDS&#8221; _builder_version=&#8221;4.27.4&#8243; _module_preset=&#8221;default&#8221; title_text_align=&#8221;center&#8221; title_text_color=&#8221;#313191&#8243; global_colors_info=&#8221;{}&#8221;][\/et_pb_heading][\/et_pb_column][\/et_pb_row][et_pb_row column_structure=&#8221;1_2,1_2&#8243; _builder_version=&#8221;4.27.4&#8243; _module_preset=&#8221;default&#8221; custom_padding=&#8221;0px||||false|false&#8221; global_colors_info=&#8221;{}&#8221;][et_pb_column type=&#8221;1_2&#8243; _builder_version=&#8221;4.27.4&#8243; _module_preset=&#8221;default&#8221; global_colors_info=&#8221;{}&#8221;][et_pb_image src=&#8221;https:\/\/fdm-nds.de\/wp-content\/uploads\/2026\/01\/eLabFTWatFDM-NDS_logo_v07.png&#8221; alt=&#8221;Logo eLabFTW@FDM-NDS&#8221; title_text=&#8221;eLabFTWatFDM-NDS_logo_v07&#8243; align=&#8221;center&#8221; _builder_version=&#8221;4.27.4&#8243; _module_preset=&#8221;default&#8221; global_colors_info=&#8221;{}&#8221;][\/et_pb_image][\/et_pb_column][et_pb_column type=&#8221;1_2&#8243; _builder_version=&#8221;4.27.4&#8243; _module_preset=&#8221;default&#8221; global_colors_info=&#8221;{}&#8221;][et_pb_text _builder_version=&#8221;4.27.4&#8243; _module_preset=&#8221;default&#8221; hover_enabled=&#8221;0&#8243; global_colors_info=&#8221;{}&#8221; sticky_enabled=&#8221;0&#8243;]<\/p>\n<p><strong>Projektinformationen:<\/strong><\/p>\n<p>Das Projekt umfasst die Bereitstellung und das nachhaltige Betreiben von eLabFTW im Kontext der Academic Cloud auf Servern der TU Braunschweig. Durch die Bereitstellung von eLabFTW soll die Dokumentation von Forschungsdaten in den wissenschaftlichen Laboren in Niedersachsen modernisiert, optimiert und dadurch interoperabel werden. Durch regelm\u00e4\u00dfige Wartung und technischen Support werden eine hohe Verf\u00fcgbarkeit und Datensicherheit gew\u00e4hrleistet. Zus\u00e4tzlich sollen Schulungen und Support f\u00fcr Forschende und Laborpersonal angeboten werden, um eine nahtlose Integration in die bestehenden Arbeitsprozesse zu erm\u00f6glichen. Au\u00dferdem soll ein Vernetzungsforum zum Austausch f\u00fcr eLabFTW-Nutzende in Niedersachsen eingerichtet werden, welches den Austausch von Erfahrungen, Best Practices und L\u00f6sungen f\u00fcr spezifische Herausforderungen erm\u00f6glichen soll. Die Bereitstellung von eLabFTW wird die Zusammenarbeit zwischen Forschenden erleichtern, die Reproduzierbarkeit von Forschungsergebnissen verbessern und die Einhaltung von Datenschutz- und Sicherheitsvorgaben sicherstellen.<\/p>\n<p><strong>Projektlaufzeit: <\/strong>01.07.2025 \u2013 30.06.2027<br \/><strong>F\u00f6rdervolumen<\/strong>: 269.628 Euro<br \/><strong>Federf\u00fchrende Hochschule (\u201eLead\u201c)<\/strong>: Technische Universit\u00e4t Braunschweig<br \/><strong>Beteiligte Hochschulen:\u00a0<\/strong>Technische Universit\u00e4t Clausthal, Gesellschaft f\u00fcr wissenschaftliche Datenverarbeitung mbH G\u00f6ttingen<br \/><strong>Kontakt: <\/strong><a href=\"mailto:info@fdm-nds.de\" target=\"_blank\" rel=\"noopener\">info@fdm-nds.de<\/a><br \/><strong>Personen:<\/strong> Lea L\u00f6hn, Dr. Benjamin Golub-Overbeck, Jessica Hiller, Dr. Florian Strau\u00df<\/p>\n<p>[\/et_pb_text][\/et_pb_column][\/et_pb_row][et_pb_row column_structure=&#8221;3_4,1_4&#8243; _builder_version=&#8221;4.27.4&#8243; _module_preset=&#8221;default&#8221; custom_padding=&#8221;0px||||false|false&#8221; global_colors_info=&#8221;{}&#8221;][et_pb_column type=&#8221;3_4&#8243; _builder_version=&#8221;4.27.4&#8243; _module_preset=&#8221;default&#8221; global_colors_info=&#8221;{}&#8221;][et_pb_text _builder_version=&#8221;4.27.4&#8243; _module_preset=&#8221;default&#8221; header_2_text_color=&#8221;#313191&#8243; global_colors_info=&#8221;{}&#8221;]<\/p>\n<h2>eLabFTW@FDM-NDS Community<\/h2>\n<p data-start=\"258\" data-end=\"455\"><strong data-start=\"258\" data-end=\"275\">Mailingliste:<\/strong><br data-start=\"275\" data-end=\"278\" \/>Um keine Informationen (z. B. zu Veranstaltungen, zur Bereitstellung der Software oder zu ver\u00f6ffentlichten Materialien) zu verpassen, abonnieren Sie einfach unsere Mailingliste. <a href=\"https:\/\/www.listserv.dfn.de\/sympa\/subscribe\/elabftw-niedersachsen\" target=\"_blank\" rel=\"noopener\">Link zur Mailingliste<\/a><\/p>\n<p data-start=\"457\" data-end=\"805\"><strong data-start=\"457\" data-end=\"476\">Austauschforum:<\/strong><br data-start=\"476\" data-end=\"479\" \/>Sie haben Fragen zur Software, zur Umsetzung oder Einf\u00fchrung oder suchen nach Erfahrungsberichten? Dann ist das Austauschforum der richtige Ort. Auf GitHub wurde daf\u00fcr ein Diskussionsbereich eingerichtet. Melden Sie sich an, stellen Sie Fragen oder teilen Sie Ihre Best Practices. <a href=\"https:\/\/github.com\/orgs\/eLabFTW-FDM-NDS\/discussions\" target=\"_blank\" rel=\"noopener\">Link zum Austauschforum auf GitHub<\/a><\/p>\n<p data-start=\"807\" data-end=\"1033\"><strong data-start=\"807\" data-end=\"825\">Offene Fragen:<\/strong><br data-start=\"825\" data-end=\"828\" \/>Sie haben noch offene Fragen? Kein Problem! Senden Sie einfach eine Nachricht an den Helpdesk der Landesinitiative FDM-NDS (<a data-start=\"952\" data-end=\"967\" href=\"mailto:info@fdm-nds.de\">info@fdm-nds.de<span aria-hidden=\"true\" class=\"ms-0.5 inline-block align-middle leading-none\"><\/span><\/a>). Das Team von eLabFTW@FDM-NDS k\u00fcmmert sich gern um Ihr Anliegen.<\/p>\n<p>[\/et_pb_text][\/et_pb_column][et_pb_column type=&#8221;1_4&#8243; _builder_version=&#8221;4.27.4&#8243; _module_preset=&#8221;default&#8221; global_colors_info=&#8221;{}&#8221;][et_pb_image src=&#8221;https:\/\/fdm-nds.de\/wp-content\/uploads\/2026\/01\/pexels-yankrukov-7793687-scaled.jpg&#8221; alt=&#8221;Mehrere Personen legen ihre H\u00e4nde \u00fcbereinander auf einem Schreibtisch mit Laptop, Notizen und Dokumenten \u2013 Symbol f\u00fcr Teamarbeit und Zusammenarbeit.&#8221; title_text=&#8221;pexels-yankrukov-7793687&#8243; align=&#8221;center&#8221; _builder_version=&#8221;4.27.4&#8243; _module_preset=&#8221;default&#8221; border_radii=&#8221;on|5px|5px|5px|5px&#8221; border_width_all=&#8221;2px&#8221; border_color_all=&#8221;#313191&#8243; global_colors_info=&#8221;{}&#8221;][\/et_pb_image][\/et_pb_column][\/et_pb_row][et_pb_row _builder_version=&#8221;4.27.4&#8243; _module_preset=&#8221;default&#8221; custom_padding=&#8221;0px||||false|false&#8221; global_colors_info=&#8221;{}&#8221;][et_pb_column type=&#8221;4_4&#8243; _builder_version=&#8221;4.27.4&#8243; _module_preset=&#8221;default&#8221; global_colors_info=&#8221;{}&#8221;][et_pb_text _builder_version=&#8221;4.27.4&#8243; _module_preset=&#8221;default&#8221; header_2_text_color=&#8221;#313191&#8243; global_colors_info=&#8221;{}&#8221;]<\/p>\n<h2>Was ist eLabFTW eigentlich?<\/h2>\n<p>eLabFTW ist ein open-source elektronisches Laborbuch (ELN) und erm\u00f6glicht eine flexible und digitale Dokumentation von Forschung. Im Vergleich zu fachspezifischen elektronischen Laborb\u00fcchern (wie z. B.<a href=\"https:\/\/www.chemotion.net\/\" target=\"_blank\" rel=\"noopener\"> Chemotion ELN<\/a>), ist eLabFTW ein generisches ELN und damit in verschiedensten Fachbereich einsetzbar.<\/p>\n<p><a href=\"https:\/\/www.elabftw.net\/\" target=\"_blank\" rel=\"noopener\">Link zur Webseite von eLabFTW<\/a><\/p>\n<p>[\/et_pb_text][et_pb_image src=&#8221;https:\/\/fdm-nds.de\/wp-content\/uploads\/2026\/01\/elabftw-logo.png&#8221; alt=&#8221;Logo eLabFTW&#8221; title_text=&#8221;elabftw-logo&#8221; align=&#8221;center&#8221; _builder_version=&#8221;4.27.4&#8243; _module_preset=&#8221;default&#8221; global_colors_info=&#8221;{}&#8221;][\/et_pb_image][\/et_pb_column][\/et_pb_row][\/et_pb_section]<\/p>\n","protected":false},"excerpt":{"rendered":"<p>Projektinformationen: Das Projekt umfasst die Bereitstellung und das nachhaltige Betreiben von eLabFTW im Kontext der Academic Cloud auf Servern der TU Braunschweig. Durch die Bereitstellung von eLabFTW soll die Dokumentation von Forschungsdaten in den wissenschaftlichen Laboren in Niedersachsen modernisiert, optimiert und dadurch interoperabel werden. Durch regelm\u00e4\u00dfige Wartung und technischen Support werden eine hohe Verf\u00fcgbarkeit und [&hellip;]<\/p>\n","protected":false},"author":6,"featured_media":0,"parent":0,"menu_order":0,"comment_status":"closed","ping_status":"closed","template":"","meta":{"_et_pb_use_builder":"on","_et_pb_old_content":"","_et_gb_content_width":"","footnotes":""},"class_list":["post-3730","page","type-page","status-publish","hentry"],"_links":{"self":[{"href":"https:\/\/fdm-nds.de\/index.php\/wp-json\/wp\/v2\/pages\/3730","targetHints":{"allow":["GET"]}}],"collection":[{"href":"https:\/\/fdm-nds.de\/index.php\/wp-json\/wp\/v2\/pages"}],"about":[{"href":"https:\/\/fdm-nds.de\/index.php\/wp-json\/wp\/v2\/types\/page"}],"author":[{"embeddable":true,"href":"https:\/\/fdm-nds.de\/index.php\/wp-json\/wp\/v2\/users\/6"}],"replies":[{"embeddable":true,"href":"https:\/\/fdm-nds.de\/index.php\/wp-json\/wp\/v2\/comments?post=3730"}],"version-history":[{"count":15,"href":"https:\/\/fdm-nds.de\/index.php\/wp-json\/wp\/v2\/pages\/3730\/revisions"}],"predecessor-version":[{"id":4458,"href":"https:\/\/fdm-nds.de\/index.php\/wp-json\/wp\/v2\/pages\/3730\/revisions\/4458"}],"wp:attachment":[{"href":"https:\/\/fdm-nds.de\/index.php\/wp-json\/wp\/v2\/media?parent=3730"}],"curies":[{"name":"wp","href":"https:\/\/api.w.org\/{rel}","templated":true}]}}