{"id":3748,"date":"2026-01-14T09:52:44","date_gmt":"2026-01-14T09:52:44","guid":{"rendered":"https:\/\/fdm-nds.de\/?page_id=3748"},"modified":"2026-01-28T07:34:10","modified_gmt":"2026-01-28T07:34:10","slug":"schritt-6-daten-nachnutzen","status":"publish","type":"page","link":"https:\/\/fdm-nds.de\/index.php\/schritt-6-daten-nachnutzen\/","title":{"rendered":"Schritt 6: Daten nachnutzen"},"content":{"rendered":"<p>[et_pb_section fb_built=&#8221;1&#8243; _builder_version=&#8221;4.27.4&#8243; _module_preset=&#8221;default&#8221; global_colors_info=&#8221;{}&#8221;][et_pb_row column_structure=&#8221;1_2,1_2&#8243; _builder_version=&#8221;4.27.4&#8243; _module_preset=&#8221;default&#8221; custom_padding=&#8221;||0px|||&#8221; locked=&#8221;off&#8221; global_colors_info=&#8221;{}&#8221;][et_pb_column type=&#8221;1_2&#8243; _builder_version=&#8221;4.27.4&#8243; _module_preset=&#8221;default&#8221; global_colors_info=&#8221;{}&#8221;][et_pb_heading title=&#8221;Schritt 6: Daten nachnutzen&#8221; _builder_version=&#8221;4.27.4&#8243; _module_preset=&#8221;default&#8221; global_colors_info=&#8221;{}&#8221;][\/et_pb_heading][\/et_pb_column][et_pb_column type=&#8221;1_2&#8243; _builder_version=&#8221;4.27.4&#8243; _module_preset=&#8221;default&#8221; global_colors_info=&#8221;{}&#8221;][\/et_pb_column][\/et_pb_row][et_pb_row column_structure=&#8221;1_2,1_2&#8243; _builder_version=&#8221;4.27.4&#8243; _module_preset=&#8221;default&#8221; min_height=&#8221;531.4px&#8221; custom_padding=&#8221;0px|||||&#8221; locked=&#8221;off&#8221; global_colors_info=&#8221;{}&#8221;][et_pb_column type=&#8221;1_2&#8243; _builder_version=&#8221;4.27.4&#8243; _module_preset=&#8221;default&#8221; global_colors_info=&#8221;{}&#8221;][et_pb_image src=&#8221;https:\/\/fdm-nds.de\/wp-content\/uploads\/2026\/01\/FD_Lebenszyklus_S6_Daten_nachnutzen_Buhnenbild_Mau_CC-BY-e1768373460200.png&#8221; alt=&#8221;FD-Lebenszyklus Daten aufbereiten und analysieren&#8221; title_text=&#8221;FD_Lebenszyklus_S6_Daten_nachnutzen_B\u00fchnenbild_Mau_CC-BY&#8221; _builder_version=&#8221;4.27.4&#8243; _module_preset=&#8221;default&#8221; width=&#8221;100%&#8221; custom_margin=&#8221;||||false|false&#8221; custom_padding=&#8221;||||false|false&#8221; global_colors_info=&#8221;{}&#8221;][\/et_pb_image][\/et_pb_column][et_pb_column type=&#8221;1_2&#8243; _builder_version=&#8221;4.27.4&#8243; _module_preset=&#8221;default&#8221; global_colors_info=&#8221;{}&#8221;][et_pb_text _builder_version=&#8221;4.27.4&#8243; _module_preset=&#8221;default&#8221; min_height=&#8221;510.4px&#8221; global_colors_info=&#8221;{}&#8221;]<\/p>\n<section class=\"module text paragraph paragraph--type--para-text paragraph--view-mode--default component-loaded\" data-truncate=\"\">\n<h2 class=\"module__headline\">Einf\u00fchrung<\/h2>\n<div data-truncate-full=\"\">\n<p>Um Daten nachnutzen zu k\u00f6nnen, m\u00fcssen diese zun\u00e4chst <a href=\"https:\/\/fdm-nds.de\/index.php\/schritt-4-daten-teilen-und-publizieren\/\">ver\u00f6ffentlicht<\/a> sein und gefunden werden. Im Idealfall wurde bereits w\u00e4hrend der <a href=\"https:\/\/fdm-nds.de\/index.php\/schritt-1-forschungsvorhaben-planen\/\">Planung<\/a>\u00a0des Forschungsvorhabens eine Recherche zu verf\u00fcgbaren Studien und Forschungsdaten durchgef\u00fchrt. Hierzu bieten sich generische sowie fachspezifische Plattformen und Forschungsdaten-<a href=\"https:\/\/forschungsdaten.info\/praxis-kompakt\/glossar\/#c269859\">Repositorien<\/a> an (siehe <a href=\"https:\/\/fdm-nds.de\/index.php\/exkurs-repositorien-suchen-und-auswahlen\/\">Exkurs Repositorien suchen und ausw\u00e4hlen<\/a>).<\/p>\n<p>Bei der Nachnutzung von Daten spielen neben dem Datenformat auch deren Vollst\u00e4ndigkeit und Richtigkeit eine wichtige Rolle. Daher sollte bereits w\u00e4hrend der <a href=\"https:\/\/fdm-nds.de\/index.php\/schritt-2-daten-erheben\/\">Datenerhebung<\/a>, &#8211;<a href=\"https:\/\/fdm-nds.de\/index.php\/schritt-3-daten-aufbereiten-und-analysieren\/\">analyse<\/a> und &#8211;<a href=\"https:\/\/fdm-nds.de\/index.php\/schritt-4-daten-teilen-und-publizieren\/\">publikation<\/a>\u00a0entsprechend sorgf\u00e4ltig gearbeitet und entsprechende Formate gew\u00e4hlt werden.<\/p>\n<p>Die 19 Leitlinien des Kodex Leitlinien zur Sicherung guter wissenschaftlicher Praxis [1]\u00a0 beinhalten auch das Zitieren von Publikationen, zu denen Datenpublikationen geh\u00f6ren. Wenn Forschungsdaten in einem Forschungsvorhaben nachgenutzt werden, wird mit diesen nach <a href=\"https:\/\/forschungsdaten.info\/praxis-kompakt\/glossar\/#c269903\">guter wissenschaftlicher Praxis<\/a><span style=\"color: #ff00ff;\"> <\/span>also so verfahren, wie es auch bei z.B. Paper-Publikationen der Fall ist: Die Daten-Publikationen werden zitiert.<\/p>\n<p>Die zunehmende Bedeutung von <a href=\"https:\/\/forschungsdaten.info\/praxis-kompakt\/glossar\/#c269853\">Open Access<\/a> f\u00fchrt dazu, dass auch Forschungsdaten vermehrt frei verf\u00fcgbar sind. Ein wichtiger Aspekt dabei, ist<\/p>\n<\/div>\n<\/section>\n<p>[\/et_pb_text][\/et_pb_column][\/et_pb_row][et_pb_row _builder_version=&#8221;4.27.4&#8243; _module_preset=&#8221;default&#8221; min_height=&#8221;313px&#8221; custom_margin=&#8221;-61px|auto||auto||&#8221; custom_padding=&#8221;2px|||||&#8221; global_colors_info=&#8221;{}&#8221;][et_pb_column type=&#8221;4_4&#8243; _builder_version=&#8221;4.27.4&#8243; _module_preset=&#8221;default&#8221; global_colors_info=&#8221;{}&#8221;][et_pb_text _builder_version=&#8221;4.27.4&#8243; _module_preset=&#8221;default&#8221; min_height=&#8221;262px&#8221; custom_padding=&#8221;||0px|||&#8221; hover_enabled=&#8221;0&#8243; global_colors_info=&#8221;{}&#8221; sticky_enabled=&#8221;0&#8243; custom_margin=&#8221;||-26px|||&#8221;]<\/p>\n<p>dass dies auch f\u00fcr die Metadaten gilt und Metadaten somit recherchierbar sind. Generell muss bei der Nachnutzung von Daten deren Lizenz ber\u00fccksichtigt werden. Dabei sind unter anderem Creative-Commons-Lizenzen zu nennen, welche bei Open Access Publikationen eine wichtige Rolle spielen.<\/p>\n<h2>Rechtliche Aspekte &amp; Ethik<\/h2>\n<p>Beim Nachnutzen von Forschungsdaten sind wichtige rechtliche Aspekte zu beachten. Die geltenden Lizenzen m\u00fcssen ber\u00fccksichtigt werden, um Urheberrechtsverletzungen zu vermeiden (siehe Exkurs Rechtliche Aspekte im FDM). Eine klare rechtliche Grundlage, wie die Einwilligung der betroffenen Personen, ist f\u00fcr die Verarbeitung personenbezogener Daten erforderlich. Rechte der betroffenen Personen, wie Auskunft, Berichtigung, L\u00f6schung und Widerspruch, m\u00fcssen gewahrt bleiben. Daten d\u00fcrfen nur f\u00fcr festgelegte und legitime Zwecke nachgenutzt werden; f\u00fcr andere Zwecke ist eine neue rechtliche Grundlage oder erneute Einwilligung n\u00f6tig.<\/p>\n<p>[\/et_pb_text][et_pb_divider _builder_version=&#8221;4.27.4&#8243; _module_preset=&#8221;default&#8221; width=&#8221;33%&#8221; hover_enabled=&#8221;0&#8243; sticky_enabled=&#8221;0&#8243; custom_margin=&#8221;||1px|||&#8221;][\/et_pb_divider][et_pb_text _builder_version=&#8221;4.27.4&#8243; _module_preset=&#8221;default&#8221; hover_enabled=&#8221;0&#8243; sticky_enabled=&#8221;0&#8243;]<\/p>\n<p>[1] <a href=\"https:\/\/zenodo.org\/records\/6472827\">https:\/\/zenodo.org\/records\/6472827<\/a>\u00a0<\/p>\n<p>[\/et_pb_text][\/et_pb_column][\/et_pb_row][et_pb_row _builder_version=&#8221;4.27.4&#8243; _module_preset=&#8221;default&#8221; custom_padding=&#8221;4px|||||&#8221; locked=&#8221;off&#8221; global_colors_info=&#8221;{}&#8221;][et_pb_column type=&#8221;4_4&#8243; _builder_version=&#8221;4.27.4&#8243; _module_preset=&#8221;default&#8221; global_colors_info=&#8221;{}&#8221;][et_pb_heading title=&#8221;Weiterf\u00fchrendes&#8221; _builder_version=&#8221;4.27.4&#8243; _module_preset=&#8221;default&#8221; title_level=&#8221;h3&#8243; locked=&#8221;off&#8221; global_colors_info=&#8221;{}&#8221;][\/et_pb_heading][et_pb_accordion _builder_version=&#8221;4.27.4&#8243; _module_preset=&#8221;default&#8221; custom_margin=&#8221;-24px|||||&#8221; global_colors_info=&#8221;{}&#8221;][et_pb_accordion_item title=&#8221;Exkurs: Rechtliche Aspekte im FDM&#8221; open=&#8221;on&#8221; _builder_version=&#8221;4.27.4&#8243; _module_preset=&#8221;default&#8221; global_colors_info=&#8221;{}&#8221;]<\/p>\n<p><a href=\"https:\/\/fdm-nds.de\/index.php\/exkurs-rechtliche-aspekte-im-fdm\/\">Rechtliche Aspekte im FDM<\/a><\/p>\n<p>[\/et_pb_accordion_item][et_pb_accordion_item title=&#8221;Exkurs: Repositorien suchen und ausw\u00e4hlen&#8221; _builder_version=&#8221;4.27.4&#8243; _module_preset=&#8221;default&#8221; global_colors_info=&#8221;{}&#8221; open=&#8221;off&#8221;]<\/p>\n<p><a href=\"https:\/\/fdm-nds.de\/index.php\/exkurs-repositorien-suchen-und-auswahlen\/\">Repositorien suchen und ausw\u00e4hlen<\/a><\/p>\n<p>[\/et_pb_accordion_item][et_pb_accordion_item title=&#8221;Zitierung von Forschungsdaten: Informationen f\u00fcr Datennutzende und Datenautor:innen&#8221; _builder_version=&#8221;4.27.4&#8243; _module_preset=&#8221;default&#8221; global_colors_info=&#8221;{}&#8221; open=&#8221;off&#8221;]<\/p>\n<div class=\"accordion__panel\" id=\"accordion-panel-695b79c58224b\" aria-labelledby=\"accordion-tab-695b79c58224b\" role=\"tabpanel\" data-accordion-item-panel=\"\">\n<div class=\"accordion__panel-inner\">\n<div class=\"accordion accordion--panel-expanded\" data-accordion-item=\"\">\n<div class=\"accordion__panel\" id=\"accordion-panel-695b73da99f16\" aria-labelledby=\"accordion-tab-695b73da99f16\" role=\"tabpanel\" data-accordion-item-panel=\"\">\n<div class=\"accordion__panel-inner\">\n<p>Forschungsdaten.info: Prinzipien der Zitierung von Forschungsdaten. <a href=\"https:\/\/forschungsdaten.info\/themen\/finden-und-nachnutzen\/zitieren-von-daten\" rel=\"noopener\" target=\"_blank\">Link<\/a><a href=\"https:\/\/forschungsdaten.info\/themen\/veroeffentlichen-und-archivieren\/formate-erhalten\" rel=\"noopener\" target=\"_blank\"><\/a><em><\/em><\/p>\n<\/div>\n<\/div>\n<\/div>\n<div class=\"accordion\" data-accordion-item=\"\">\n<div class=\"accordion__panel\" id=\"accordion-panel-695b73da99f1c\" aria-labelledby=\"accordion-tab-695b73da99f1c\" role=\"tabpanel\" data-accordion-item-panel=\"\"><\/div>\n<\/div>\n<div class=\"gr-8 push-2 gr-12@m gr-12@s gr-12@xs push-0@m push-0@s push-0@xs\">\n<div id=\"block-hawk-content\">\n<article class=\"node local-content local-content--news_blog full\">\n<div class=\"row\">\n<div role=\"main\" class=\"gr-12 \">\n<section class=\"module para-ref-local-manual paragraph--type--para-ref-local-manual\">\n<div class=\"para-ref-local-manual--half-column\">\n<div>\n<div>\n<article class=\"local-content local-content--paqe teaser side-by-side has-pattern-shadow\">\n<div class=\"row\">\n<section class=\"local-content--content gr-6 gr-12@s gr-12@xs gr-12@m\">\n<div class=\"local-content--teaser\">\n<p>&nbsp;<\/p>\n<\/div>\n<\/section>\n<\/div>\n<\/article>\n<\/div>\n<\/div>\n<\/div>\n<\/section>\n<\/div>\n<\/div>\n<\/article>\n<\/div>\n<\/div>\n<\/div>\n<\/div>\n<p>[\/et_pb_accordion_item][\/et_pb_accordion][\/et_pb_column][\/et_pb_row][\/et_pb_section]<\/p>\n","protected":false},"excerpt":{"rendered":"<p>Einf\u00fchrung Um Daten nachnutzen zu k\u00f6nnen, m\u00fcssen diese zun\u00e4chst ver\u00f6ffentlicht sein und gefunden werden. Im Idealfall wurde bereits w\u00e4hrend der Planung\u00a0des Forschungsvorhabens eine Recherche zu verf\u00fcgbaren Studien und Forschungsdaten durchgef\u00fchrt. Hierzu bieten sich generische sowie fachspezifische Plattformen und Forschungsdaten-Repositorien an (siehe Exkurs Repositorien suchen und ausw\u00e4hlen). Bei der Nachnutzung von Daten spielen neben dem Datenformat [&hellip;]<\/p>\n","protected":false},"author":5,"featured_media":0,"parent":0,"menu_order":0,"comment_status":"closed","ping_status":"closed","template":"","meta":{"_et_pb_use_builder":"on","_et_pb_old_content":"","_et_gb_content_width":"","footnotes":""},"class_list":["post-3748","page","type-page","status-publish","hentry"],"_links":{"self":[{"href":"https:\/\/fdm-nds.de\/index.php\/wp-json\/wp\/v2\/pages\/3748","targetHints":{"allow":["GET"]}}],"collection":[{"href":"https:\/\/fdm-nds.de\/index.php\/wp-json\/wp\/v2\/pages"}],"about":[{"href":"https:\/\/fdm-nds.de\/index.php\/wp-json\/wp\/v2\/types\/page"}],"author":[{"embeddable":true,"href":"https:\/\/fdm-nds.de\/index.php\/wp-json\/wp\/v2\/users\/5"}],"replies":[{"embeddable":true,"href":"https:\/\/fdm-nds.de\/index.php\/wp-json\/wp\/v2\/comments?post=3748"}],"version-history":[{"count":25,"href":"https:\/\/fdm-nds.de\/index.php\/wp-json\/wp\/v2\/pages\/3748\/revisions"}],"predecessor-version":[{"id":4245,"href":"https:\/\/fdm-nds.de\/index.php\/wp-json\/wp\/v2\/pages\/3748\/revisions\/4245"}],"wp:attachment":[{"href":"https:\/\/fdm-nds.de\/index.php\/wp-json\/wp\/v2\/media?parent=3748"}],"curies":[{"name":"wp","href":"https:\/\/api.w.org\/{rel}","templated":true}]}}