{"id":3772,"date":"2026-01-07T08:34:19","date_gmt":"2026-01-07T08:34:19","guid":{"rendered":"https:\/\/fdm-nds.de\/?page_id=3772"},"modified":"2026-02-09T08:39:15","modified_gmt":"2026-02-09T08:39:15","slug":"elabftw_fdm-nds_eng","status":"publish","type":"page","link":"https:\/\/fdm-nds.de\/index.php\/en\/elabftw_fdm-nds_eng\/","title":{"rendered":"eLabFTW@FDM-NDS_eng"},"content":{"rendered":"<p>[et_pb_section fb_built=&#8221;1&#8243; _builder_version=&#8221;4.27.4&#8243; _module_preset=&#8221;default&#8221; custom_margin=&#8221;-20px||||false|false&#8221; custom_padding=&#8221;||||false|false&#8221; global_colors_info=&#8221;{}&#8221;][et_pb_row _builder_version=&#8221;4.27.4&#8243; _module_preset=&#8221;default&#8221; custom_margin=&#8221;0px||||false|false&#8221; custom_padding=&#8221;0px||||false|false&#8221; global_colors_info=&#8221;{}&#8221;][et_pb_column type=&#8221;4_4&#8243; _builder_version=&#8221;4.27.4&#8243; _module_preset=&#8221;default&#8221; global_colors_info=&#8221;{}&#8221;][et_pb_heading title=&#8221;Welcome to the Pillar 3 project eLabFTW@FDM-NDS&#8221; _builder_version=&#8221;4.27.4&#8243; _module_preset=&#8221;default&#8221; title_text_align=&#8221;center&#8221; title_text_color=&#8221;#313191&#8243; global_colors_info=&#8221;{}&#8221;][\/et_pb_heading][\/et_pb_column][\/et_pb_row][et_pb_row column_structure=&#8221;1_2,1_2&#8243; _builder_version=&#8221;4.27.4&#8243; _module_preset=&#8221;default&#8221; custom_padding=&#8221;0px||||false|false&#8221; global_colors_info=&#8221;{}&#8221;][et_pb_column type=&#8221;1_2&#8243; _builder_version=&#8221;4.27.4&#8243; _module_preset=&#8221;default&#8221; global_colors_info=&#8221;{}&#8221;][et_pb_image src=&#8221;https:\/\/fdm-nds.de\/wp-content\/uploads\/2026\/01\/eLabFTWatFDM-NDS_logo_v07.png&#8221; alt=&#8221;Logo eLabFTW@FDM-NDS&#8221; title_text=&#8221;eLabFTWatFDM-NDS_logo_v07&#8243; align=&#8221;center&#8221; _builder_version=&#8221;4.27.4&#8243; _module_preset=&#8221;default&#8221; global_colors_info=&#8221;{}&#8221;][\/et_pb_image][\/et_pb_column][et_pb_column type=&#8221;1_2&#8243; _builder_version=&#8221;4.27.4&#8243; _module_preset=&#8221;default&#8221; global_colors_info=&#8221;{}&#8221;][et_pb_text _builder_version=&#8221;4.27.4&#8243; _module_preset=&#8221;default&#8221; hover_enabled=&#8221;0&#8243; global_colors_info=&#8221;{}&#8221; sticky_enabled=&#8221;0&#8243;]<\/p>\n<p><strong>Project information:<\/strong><\/p>\n<p>The project involves the provision and sustainable operation of eLabFTW within the context of the Academic Cloud on servers at TU Braunschweig. By providing eLabFTW, the documentation of research data in scientific laboratories across Lower Saxony is to be modernized, optimized, and thus made interoperable. Regular maintenance and technical support will ensure high availability and data security. In addition, training and support will be offered to researchers and laboratory staff to enable seamless integration into existing workflows. A networking forum for eLabFTW users in Lower Saxony will also be established to facilitate the exchange of experiences, best practices, and solutions to specific challenges. The provision of eLabFTW will promote collaboration among researchers, improve the reproducibility of research results, and ensure compliance with data protection and security requirements.<\/p>\n<p><strong>Project duration: <\/strong>01.07.2025 \u2013 30.06.2027<br \/><strong>Funding volume<\/strong>: 269.628 Euro<br \/><strong>Lead university<\/strong>: Technische Universit\u00e4t Braunschweig<br \/><strong>Universities involved: <\/strong>Technische Universit\u00e4t Clausthal, Gesellschaft f\u00fcr wissenschaftliche Datenverarbeitung mbH G\u00f6ttingen<br \/><strong>Contact:<\/strong> <a href=\"mailto:info@fdm-nds.de\" target=\"_blank\" rel=\"noopener\">info@fdm-nds.de<\/a><br \/><strong>People:<\/strong> Lea L\u00f6hn, Dr. Benjamin Golub-Overbeck, Jessica Hiller, Dr. Florian Strau\u00df<\/p>\n<p>[\/et_pb_text][\/et_pb_column][\/et_pb_row][et_pb_row column_structure=&#8221;3_4,1_4&#8243; _builder_version=&#8221;4.27.4&#8243; _module_preset=&#8221;default&#8221; custom_padding=&#8221;0px||||false|false&#8221; global_colors_info=&#8221;{}&#8221;][et_pb_column type=&#8221;3_4&#8243; _builder_version=&#8221;4.27.4&#8243; _module_preset=&#8221;default&#8221; global_colors_info=&#8221;{}&#8221;][et_pb_text _builder_version=&#8221;4.27.4&#8243; _module_preset=&#8221;default&#8221; header_2_text_color=&#8221;#313191&#8243; global_colors_info=&#8221;{}&#8221;]<\/p>\n<h2>eLabFTW@FDM-NDS Community<\/h2>\n<p data-start=\"258\" data-end=\"455\"><strong data-start=\"258\" data-end=\"275\">Mailing liste:<\/strong><br data-start=\"275\" data-end=\"278\" \/>To make sure you don\u2019t miss any information (e.g. about events, software availability, or published materials), simply subscribe to our mailing list. <a href=\"https:\/\/www.listserv.dfn.de\/sympa\/subscribe\/elabftw-niedersachsen\" target=\"_blank\" rel=\"noopener\">Link to the mailing list<\/a><\/p>\n<p data-start=\"457\" data-end=\"805\"><strong data-start=\"457\" data-end=\"476\">Discussion forum:<\/strong><br data-start=\"476\" data-end=\"479\" \/>Do you have questions about the software, its implementation or rollout, or are you looking for experience reports? Then the discussion forum is the right place. A discussion area has been set up on GitHub for this purpose. Sign up, ask questions, or share your best practices. <a href=\"https:\/\/github.com\/orgs\/eLabFTW-FDM-NDS\/discussions\" target=\"_blank\" rel=\"noopener\">Link to the discussion forum on GitHub<\/a><\/p>\n<p data-start=\"807\" data-end=\"1033\"><strong data-start=\"807\" data-end=\"825\">Open questions:<\/strong><br data-start=\"825\" data-end=\"828\" \/>Do you still have open questions? No problem! Simply send a message to the helpdesk of the state initiative FDM-NDS (<a data-start=\"952\" data-end=\"967\" href=\"mailto:info@fdm-nds.de\">info@fdm-nds.de<span aria-hidden=\"true\" class=\"ms-0.5 inline-block align-middle leading-none\"><\/span><\/a>). The eLabFTW@FDM-NDS team will be happy to take care of your request.<\/p>\n<p>[\/et_pb_text][\/et_pb_column][et_pb_column type=&#8221;1_4&#8243; _builder_version=&#8221;4.27.4&#8243; _module_preset=&#8221;default&#8221; global_colors_info=&#8221;{}&#8221;][et_pb_image src=&#8221;https:\/\/fdm-nds.de\/wp-content\/uploads\/2026\/01\/pexels-yankrukov-7793687-scaled.jpg&#8221; alt=&#8221;Mehrere Personen legen ihre H\u00e4nde \u00fcbereinander auf einem Schreibtisch mit Laptop, Notizen und Dokumenten \u2013 Symbol f\u00fcr Teamarbeit und Zusammenarbeit.&#8221; title_text=&#8221;pexels-yankrukov-7793687&#8243; align=&#8221;center&#8221; _builder_version=&#8221;4.27.4&#8243; _module_preset=&#8221;default&#8221; border_radii=&#8221;on|5px|5px|5px|5px&#8221; border_width_all=&#8221;2px&#8221; border_color_all=&#8221;#313191&#8243; global_colors_info=&#8221;{}&#8221;][\/et_pb_image][\/et_pb_column][\/et_pb_row][et_pb_row _builder_version=&#8221;4.27.4&#8243; _module_preset=&#8221;default&#8221; custom_padding=&#8221;0px||||false|false&#8221; global_colors_info=&#8221;{}&#8221;][et_pb_column type=&#8221;4_4&#8243; _builder_version=&#8221;4.27.4&#8243; _module_preset=&#8221;default&#8221; global_colors_info=&#8221;{}&#8221;][et_pb_text _builder_version=&#8221;4.27.4&#8243; _module_preset=&#8221;default&#8221; header_2_text_color=&#8221;#313191&#8243; global_colors_info=&#8221;{}&#8221;]<\/p>\n<h2>What is eLabFTW?<\/h2>\n<p>eLabFTW is an open-source electronic lab notebook (ELN) that enables flexible and digital documentation of research. In contrast to discipline-specific electronic lab notebooks (e.g..<a href=\"https:\/\/www.chemotion.net\/\" target=\"_blank\" rel=\"noopener\"> Chemotion ELN<\/a>), eLabFTW is a generic ELN and can therefore be used across a wide range of research disciplines. <a href=\"https:\/\/www.elabftw.net\/\" target=\"_blank\" rel=\"noopener\">Linkto the eLabFTW website<\/a><\/p>\n<p>[\/et_pb_text][et_pb_image src=&#8221;https:\/\/fdm-nds.de\/wp-content\/uploads\/2026\/01\/elabftw-logo.png&#8221; alt=&#8221;Logo eLabFTW&#8221; title_text=&#8221;elabftw-logo&#8221; align=&#8221;center&#8221; _builder_version=&#8221;4.27.4&#8243; _module_preset=&#8221;default&#8221; global_colors_info=&#8221;{}&#8221;][\/et_pb_image][\/et_pb_column][\/et_pb_row][\/et_pb_section]<\/p>\n","protected":false},"excerpt":{"rendered":"<p>Project information: The project involves the provision and sustainable operation of eLabFTW within the context of the Academic Cloud on servers at TU Braunschweig. By providing eLabFTW, the documentation of research data in scientific laboratories across Lower Saxony is to be modernized, optimized, and thus made interoperable. Regular maintenance and technical support will ensure high [&hellip;]<\/p>\n","protected":false},"author":6,"featured_media":0,"parent":0,"menu_order":0,"comment_status":"closed","ping_status":"closed","template":"","meta":{"_et_pb_use_builder":"on","_et_pb_old_content":"","_et_gb_content_width":"","footnotes":""},"class_list":["post-3772","page","type-page","status-publish","hentry"],"_links":{"self":[{"href":"https:\/\/fdm-nds.de\/index.php\/wp-json\/wp\/v2\/pages\/3772","targetHints":{"allow":["GET"]}}],"collection":[{"href":"https:\/\/fdm-nds.de\/index.php\/wp-json\/wp\/v2\/pages"}],"about":[{"href":"https:\/\/fdm-nds.de\/index.php\/wp-json\/wp\/v2\/types\/page"}],"author":[{"embeddable":true,"href":"https:\/\/fdm-nds.de\/index.php\/wp-json\/wp\/v2\/users\/6"}],"replies":[{"embeddable":true,"href":"https:\/\/fdm-nds.de\/index.php\/wp-json\/wp\/v2\/comments?post=3772"}],"version-history":[{"count":7,"href":"https:\/\/fdm-nds.de\/index.php\/wp-json\/wp\/v2\/pages\/3772\/revisions"}],"predecessor-version":[{"id":4457,"href":"https:\/\/fdm-nds.de\/index.php\/wp-json\/wp\/v2\/pages\/3772\/revisions\/4457"}],"wp:attachment":[{"href":"https:\/\/fdm-nds.de\/index.php\/wp-json\/wp\/v2\/media?parent=3772"}],"curies":[{"name":"wp","href":"https:\/\/api.w.org\/{rel}","templated":true}]}}