{"id":3794,"date":"2026-01-14T07:35:05","date_gmt":"2026-01-14T07:35:05","guid":{"rendered":"https:\/\/fdm-nds.de\/?page_id=3794"},"modified":"2026-03-11T09:01:42","modified_gmt":"2026-03-11T09:01:42","slug":"exkurs-datendokumentation","status":"publish","type":"page","link":"https:\/\/fdm-nds.de\/index.php\/exkurs-datendokumentation\/","title":{"rendered":"Exkurs: Datendokumentation"},"content":{"rendered":"<p>[et_pb_section fb_built=&#8221;1&#8243; _builder_version=&#8221;4.27.4&#8243; _module_preset=&#8221;default&#8221; global_colors_info=&#8221;{}&#8221;][et_pb_row column_structure=&#8221;1_2,1_2&#8243; _builder_version=&#8221;4.27.4&#8243; _module_preset=&#8221;default&#8221; custom_padding=&#8221;||0px|||&#8221; global_colors_info=&#8221;{}&#8221;][et_pb_column type=&#8221;1_2&#8243; _builder_version=&#8221;4.27.4&#8243; _module_preset=&#8221;default&#8221; global_colors_info=&#8221;{}&#8221;][et_pb_heading title=&#8221;Exkurs: Datendokumentation&#8221; _builder_version=&#8221;4.27.4&#8243; _module_preset=&#8221;default&#8221; locked=&#8221;off&#8221; global_colors_info=&#8221;{}&#8221;][\/et_pb_heading][\/et_pb_column][et_pb_column type=&#8221;1_2&#8243; _builder_version=&#8221;4.27.4&#8243; _module_preset=&#8221;default&#8221; global_colors_info=&#8221;{}&#8221;][\/et_pb_column][\/et_pb_row][et_pb_row column_structure=&#8221;3_5,2_5&#8243; _builder_version=&#8221;4.27.4&#8243; _module_preset=&#8221;default&#8221; min_height=&#8221;1843px&#8221; global_colors_info=&#8221;{}&#8221;][et_pb_column type=&#8221;3_5&#8243; _builder_version=&#8221;4.27.4&#8243; _module_preset=&#8221;default&#8221; global_colors_info=&#8221;{}&#8221;][et_pb_text _builder_version=&#8221;4.27.4&#8243; _module_preset=&#8221;default&#8221; width=&#8221;100%&#8221; custom_padding=&#8221;|0px|0px|||&#8221; locked=&#8221;off&#8221; global_colors_info=&#8221;{}&#8221;]<\/p>\n<p>Zur Dokumentation von Forschungsdaten geh\u00f6ren eine konsistente Benennung der Dateien sowie das Hinzuf\u00fcgen zus\u00e4tzlicher Informationen, die das Forschungsvorhaben und den Erhebungsprozess beschreiben \u2013 sogenannte Metadaten. Auch Begleitmaterialien zum Forschungsprozess sind essenzieller Bestandteil der Dokumentation. Im Wesentlichen dient die Dokumentation als Beschreibung der Daten und fungiert \u00e4hnlich einer Bedienungsanleitung.<\/p>\n<h1>Warum?<\/h1>\n<p>Folgende Ziele sollen mit einer Datendokumentation erreicht werden [1]:<\/p>\n<ul>\n<li>Erhalt der Interpretierbarkeit und Nachvollziehbarkeit der Daten<\/li>\n<li>Sichtbarkeit und Wiederauffindbarkeit der Daten (z.B. in Datenbestandskatalogen)<\/li>\n<\/ul>\n<p>Durch die Dokumentation k\u00f6nnen Dritte die Nachnutzbarkeit der Forschungsdaten einsch\u00e4tzen. Sie stellt die Nachvollziehbarkeit und Rekonstruierbarkeit von Entscheidungen sicher. Aus diesem Grund ist die Dokumentation auch f\u00fcr Projektmitarbeitende unverzichtbar, besonders in Projekten mit mehreren Teammitgliedern und im Falle des Ausscheidens von Mitgliedern aus dem Projekt. Dennoch k\u00f6nnen Nachfragen entstehen, deshalb ist eine dauerhafte Kontaktm\u00f6glichkeit zu den Datenverantwortlichen anzugeben.<\/p>\n<p>Die Verwendung einer umfassenden Datenbeschreibung erm\u00f6glicht eine effektivere Arbeitsweise und erh\u00f6ht die Auffindbarkeit der Forschungsdaten. Sie schafft Klarheit und Verbindlichkeit. Durch die Nutzung von Metadatenstandards und einem <a href=\"https:\/\/forschungsdaten.info\/praxis-kompakt\/glossar\/#c473022\">kontrollierten Vokabular<\/a> (z.B. durch die Nutzung eines Thesaurus) sowie der Implementierung einer Datenmanagementsoftware, wie einem <a href=\"https:\/\/forschungsdaten.info\/praxis-kompakt\/glossar\/#c451620\">elektronischen Laborbuch<\/a>, werden u.a. folgende Vorteile erzielt:<\/p>\n<ul>\n<li>erhebliche Zeitersparnis beim Archivierungs- und Publikationsprozess<\/li>\n<li>Minimierung von Verwechslungen der Dateien<\/li>\n<li>Sicherstellung einer angemessenen und sorgf\u00e4ltigen Dokumentation, die den Prinzipien <a href=\"https:\/\/forschungsdaten.info\/praxis-kompakt\/glossar\/#c269903\">guter wissenschaftlicher Praxis<\/a> entspricht<\/li>\n<\/ul>\n<h1>Wie?<\/h1>\n<p>Die Datendokumentation umfasst die detaillierte Darlegung, wie Daten <a href=\"https:\/\/fdm-nds.de\/index.php\/schritt-2-daten-erheben\/\">erhoben<\/a>, <a href=\"https:\/\/fdm-nds.de\/index.php\/schritt-3-daten-aufbereiten-und-analysieren\/\">aufbereitet, analysiert<\/a><span style=\"color: #ff00ff;\">\u00a0<\/span>und <a href=\"https:\/\/fdm-nds.de\/index.php\/schritt-5-daten-archivieren\/\">archiviert<\/a> werden. Diese Beschreibung enth\u00e4lt auch Informationen \u00fcber die Nutzung von <a href=\"https:\/\/forschungsdaten.info\/praxis-kompakt\/glossar\/#c269911\">Metadatenstandards<\/a> und das verwendete Vokabular. Dar\u00fcber hinaus wird eine Erkl\u00e4rung zur Codierung der Daten gegeben. Diese Beschreibungen richten sich an den Anforderungen und Standards der jeweiligen Fachdisziplin aus.<\/p>\n<p>Eine Datendokumentation l\u00e4sst sich auf verschiedenen Wegen erreichen. Hierzu geh\u00f6ren bspw. eine begleitende ReadMe-Datei, eine Metadatenbank, ein projektinternes Wiki, ein (elektronisches) Laborbuch, ein Datenmanagementplan (<a href=\"https:\/\/forschungsdaten.info\/praxis-kompakt\/glossar\/#c269828\">DMP<\/a>), eine entsprechende Dateibenennung innerhalb der Ordnerstruktur oder eine entsprechende Dokumentation innerhalb der Forschungsdaten-Datei selbst bzw. in den Metainformationen der Datei.<\/p>\n<h2>FAIRes Forschungsdatenmanagement<\/h2>\n<p>F\u00fcr die Organisation der Daten liefern die <a href=\"https:\/\/forschungsdaten.info\/praxis-kompakt\/glossar\/#c269824\">FAIR-Prinzipien<\/a>\u00a0einen Leitfaden. FAIR steht f\u00fcr Findable (Auffindbar), Accessible (Zug\u00e4nglich), Interoperable (Interoperabel) und Reusable (Wiederverwendbar). Die FAIR-Prinzipien beziehen sich auf die Datenhaltung und auf Infrastrukturen sowie Services. Der erste Schritt zur (Wieder-)Verwendung von Daten und dem Einhalten der FAIR-Prinzipen ist die Erm\u00f6glichung des Auffindens dieser Daten.<\/p>\n<p>Die Auffindbarkeit der Dateien wird durch ein systematisches Ablagesystem gew\u00e4hrleistet, sodass sie in verschiedenen Systemen leicht wiedergefunden werden k\u00f6nnen. Die Zug\u00e4nglichkeit wird geregelt, indem klare Zugriffsregeln definiert werden, sodass nur autorisierte Personen auf die Dateien zugreifen k\u00f6nnen. Die Interoperabilit\u00e4t wird sichergestellt, indem Dateien und ihre Inhalte ohne Beeintr\u00e4chtigungen in verschiedenen Systemen genutzt werden k\u00f6nnen. Schlie\u00dflich wird die Nachnutzbarkeit erh\u00f6ht, indem die Dateien so aufbereitet werden, dass sie auch von anderen Nutzenden problemlos weiterverwendet werden k\u00f6nnen.<\/p>\n<p>Alle relevanten Dokumente und Dateien m\u00fcssen daher sorgf\u00e4ltig strukturiert werden. Es geht nicht nur um FAIRe Daten, sondern genauso um FAIRe Dateien. Besonders wichtig sind daher:<\/p>\n<ul>\n<li>eine \u00fcbersichtliche Ordnerstruktur<\/li>\n<li>klare Namenskonventionen<\/li>\n<li>eine konsistente Versionierung<\/li>\n<\/ul>\n<h2>Ordner- und Dateimanagement<\/h2>\n<p>Das Ordner- und Dateimanagement ist ein wichtiger Schritt f\u00fcr ein gelingendes Forschungsdatenmanagement. Folgende Leitfragen zur Aufstellung eines Ordner- und Dateibenennungssytems sollten innerhalb eines Forschungsprojektes beantwortet werden:<\/p>\n<ul>\n<li>Was ist zu beachten bzw. hilfreich bei der Festlegung einer Ordnerstruktur?<\/li>\n<li>Welche Datentypen sollen abgelegt werden?<\/li>\n<li>Gibt es Teilprojekte, die eigene Ordner ben\u00f6tigen?<\/li>\n<\/ul>\n<p>Ein Ordner- und Dateibenennungssytem wird zu Beginn des Projekts (vom Team gemeinsam) geplant, sollte aussagekr\u00e4ftig und so einfach wie m\u00f6glich sein. Nachfolgend einige allgemeine Hinweise zur Etablierung einer Ordnerstruktur:<\/p>\n<ul>\n<li>Balance zwischen einer m\u00f6glichst flachen aber ausreichend tiefen Ordnerstruktur. Eine tiefe Ordnerstruktur erfordert viele Klicks, um die ben\u00f6tigte Datei zu erreichen, w\u00e4hrend eine zu flache Struktur zu einer \u00dcberf\u00fcllung der Ordner f\u00fchren kann.<\/li>\n<li>Sich \u00fcberschneidende Kategorien sind zu vermeiden und es sollte eine verst\u00e4ndliche Ordnerbenennung verwendet werden.<\/li>\n<\/ul>\n<p>[\/et_pb_text][\/et_pb_column][et_pb_column type=&#8221;2_5&#8243; _builder_version=&#8221;4.27.4&#8243; _module_preset=&#8221;default&#8221; global_colors_info=&#8221;{}&#8221;][et_pb_text _builder_version=&#8221;4.27.6&#8243; _module_preset=&#8221;default&#8221; text_text_color=&#8221;#000000&#8243; header_3_text_align=&#8221;center&#8221; header_3_text_color=&#8221;#313191&#8243; custom_margin=&#8221;0px|0px|45px|0px|false|false&#8221; custom_padding=&#8221;10px|10px|10px|10px|false|false&#8221; link_option_url_new_window=&#8221;on&#8221; hover_enabled=&#8221;0&#8243; border_radii=&#8221;on|5px|5px|5px|5px&#8221; border_width_all=&#8221;5px&#8221; border_color_all=&#8221;#313191&#8243; locked=&#8221;off&#8221; global_colors_info=&#8221;{}&#8221; sticky_enabled=&#8221;0&#8243;]<\/p>\n<div>\n<div class=\"row\">\n<div class=\"gr-12\">\n<section class=\"module paragraph paragraph--type--\">\n<div class=\"infotext infotext--standard paragraph paragraph--type--\">\n<h3 class=\"is-big-text infotext__title\">Folgende Leitfragen f\u00fcr die Dokumentation geben eine Orientierung und sollten vor der Datenerhebung beantwortet werden<\/h3>\n<div class=\"has-small-text\">\n<ul>\n<li>Welche Informationen ben\u00f6tigen Dritte, die nicht am Projekt beteiligt sind, um die Forschungsdaten f\u00fcr eine Sekund\u00e4rnutzung zu verwenden?<\/li>\n<li>Welche Informationen werden ben\u00f6tigt, um die durchgef\u00fchrten Analysen in der Zukunft zu replizieren?<\/li>\n<li>Welche Informationen ben\u00f6tigen Projektmitarbeitende, die nicht an der Datenerhebung beteiligt waren?<\/li>\n<li>Welche Informationen ben\u00f6tigen Projektmitarbeitende, die nicht an der Datenaufbereitung und\/oder den Datenanalysen mitgewirkt haben? [1]<\/li>\n<\/ul>\n<\/div>\n<\/div>\n<\/section>\n<\/div>\n<\/div>\n<\/div>\n<p>[\/et_pb_text][et_pb_video src=&#8221;https:\/\/youtu.be\/U9JPobn6XfQ?si=FGP4ZWE1z9mLxCxI&#8221; _builder_version=&#8221;4.27.4&#8243; _module_preset=&#8221;default&#8221; custom_margin=&#8221;||45px|||&#8221; global_colors_info=&#8221;{}&#8221;][\/et_pb_video][et_pb_text _builder_version=&#8221;4.27.6&#8243; _module_preset=&#8221;default&#8221; header_3_text_align=&#8221;center&#8221; header_3_text_color=&#8221;#8D2757&#8243; custom_margin=&#8221;||45px|||&#8221; custom_padding=&#8221;10px|10px|10px|10px|false|false&#8221; hover_enabled=&#8221;0&#8243; border_radii=&#8221;on|5px|5px|5px|5px&#8221; border_width_all=&#8221;5px&#8221; border_color_all=&#8221;#722A69&#8243; locked=&#8221;off&#8221; global_colors_info=&#8221;{}&#8221; sticky_enabled=&#8221;0&#8243;]<\/p>\n<div>\n<div class=\"row\">\n<div class=\"gr-12\">\n<section class=\"module paragraph paragraph--type--\">\n<div class=\"infotext infotext--standard paragraph paragraph--type--\">\n<h3 class=\"is-big-text infotext__title\">Hinweise 7-Ordner\u2013System<\/h3>\n<div class=\"has-small-text\">\n<ul>\n<li>Maximal sieben Ordner pro Ebene (Unser Gehirn kann nur maximal sieben Informationseinheiten (\u00b12) auf einmal im Kurzzeitged\u00e4chtnis pr\u00e4sent halten.)<\/li>\n<li>Maximal drei Ordnerebenen (= Schnelligkeit)<\/li>\n<li>Ordnerebenen k\u00f6nnen bspw. durch Nummerierung gekennzeichnet werden: 1_Projekt_A, 2_Projekt_B, 3_Projekt_C, \u2026<\/li>\n<li>Dateien werden immer auf der untersten Ordner-Ebene abgelegt<\/li>\n<\/ul>\n<\/div>\n<\/div>\n<\/section>\n<\/div>\n<\/div>\n<\/div>\n<p>[\/et_pb_text][et_pb_text _builder_version=&#8221;4.27.6&#8243; _module_preset=&#8221;default&#8221; header_3_text_align=&#8221;center&#8221; header_3_text_color=&#8221;#E81C27&#8243; custom_margin=&#8221;||45px|||&#8221; custom_padding=&#8221;10px|10px|10px|10px|false|false&#8221; hover_enabled=&#8221;0&#8243; border_radii=&#8221;on|5px|5px|5px|5px&#8221; border_width_all=&#8221;5px&#8221; border_color_all=&#8221;#E81C27&#8243; locked=&#8221;off&#8221; global_colors_info=&#8221;{}&#8221; sticky_enabled=&#8221;0&#8243;]<\/p>\n<div>\n<div class=\"row\">\n<div class=\"gr-12\">\n<section class=\"module paragraph paragraph--type--\">\n<div class=\"infotext infotext--standard paragraph paragraph--type--\">\n<h3 class=\"is-big-text infotext__title\">Umsetzungstipps f\u00fcr die Ordner- und Dateibenennung<\/h3>\n<div class=\"has-small-text\">\n<ul>\n<li>Keine Sonderzeichen verwenden<\/li>\n<li>Umlaute vermeiden: \u00e4, \u00f6, \u00fc \u2192 werden in manchen Programmen fehlerhaft angezeigt; stattdessen ae, oe, ue verwenden<\/li>\n<li>Zeitangaben sollten sortiert werden; YYYYMMDD \u2192 Betriebssystem kann automatisch ab- oder aufsteigend sortieren<\/li>\n<li>Mit (Unter-) Versionen arbeiten (Unterversion, wenn keine wesentlichen \u00c4nderungen vorgenommen wurden)<\/li>\n<\/ul>\n<p>Beispiel: 20240628_Schuelerbefragung_V02_02<\/p>\n<\/div>\n<\/div>\n<\/section>\n<\/div>\n<\/div>\n<\/div>\n<p>[\/et_pb_text][et_pb_text _builder_version=&#8221;4.27.6&#8243; _module_preset=&#8221;default&#8221; text_text_color=&#8221;#000000&#8243; header_3_text_align=&#8221;center&#8221; header_3_text_color=&#8221;#313191&#8243; custom_margin=&#8221;0px|0px||0px|false|false&#8221; custom_padding=&#8221;10px|10px|10px|10px|false|false&#8221; link_option_url_new_window=&#8221;on&#8221; hover_enabled=&#8221;0&#8243; border_radii=&#8221;on|5px|5px|5px|5px&#8221; border_width_all=&#8221;5px&#8221; border_color_all=&#8221;#313191&#8243; locked=&#8221;off&#8221; global_colors_info=&#8221;{}&#8221; sticky_enabled=&#8221;0&#8243;]<\/p>\n<div>\n<div class=\"row\">\n<div class=\"gr-12\">\n<section class=\"module paragraph paragraph--type--\">\n<div class=\"infotext infotext--standard paragraph paragraph--type--\">\n<div class=\"row\">\n<div class=\"gr-12\">\n<section class=\"module paragraph paragraph--type--\">\n<div class=\"infotext infotext--standard paragraph paragraph--type--\">\n<h3 class=\"is-big-text infotext__title\">Diese Gesichtspunkte sollten bei der Dokumentation ber\u00fccksichtigt werden<\/h3>\n<div class=\"has-small-text\">\n<p>Forschungsvorhaben (Projekttitel, beteiligte Personen)<\/p>\n<ul>\n<li>Kontext der Erhebung (Projektziele, Hypothesen)<\/li>\n<li>Erhebungsmethode (Sampling, Instrumente, Hard- und Software, sekund\u00e4re Datenquellen, Ort und Zeitraum der Erhebung)<\/li>\n<li>Struktur der Daten und deren Beziehungen (Datenaufbau und -inhalt, Zusammenh\u00e4nge zwischen Datens\u00e4tzen, Datenformate)<\/li>\n<li>Qualit\u00e4tsma\u00dfnahmen (Bereinigung, Gewichtung, Datenpr\u00fcfung)<\/li>\n<li>Erkl\u00e4rungen f\u00fcr Codes und Labels (Codebook)<\/li>\n<li>Datenversionen und \u00c4nderungen<\/li>\n<li>Informationen zum Zugang, Nutzungsbedingungen und Vertraulichkeit [2]<\/li>\n<\/ul>\n<\/div>\n<\/div>\n<\/section>\n<\/div>\n<\/div>\n<\/div>\n<\/section>\n<\/div>\n<\/div>\n<\/div>\n<p>[\/et_pb_text][\/et_pb_column][\/et_pb_row][et_pb_row _builder_version=&#8221;4.27.4&#8243; _module_preset=&#8221;default&#8221; min_height=&#8221;411px&#8221; custom_margin=&#8221;-86px|auto||auto||&#8221; global_colors_info=&#8221;{}&#8221;][et_pb_column type=&#8221;4_4&#8243; _builder_version=&#8221;4.27.4&#8243; _module_preset=&#8221;default&#8221; global_colors_info=&#8221;{}&#8221;][et_pb_text _builder_version=&#8221;4.27.4&#8243; _module_preset=&#8221;default&#8221; min_height=&#8221;261px&#8221; custom_margin=&#8221;-52px||17px|||&#8221; custom_padding=&#8221;0px||0px|||&#8221; global_colors_info=&#8221;{}&#8221;]<\/p>\n<h3>Anregungen zur konkreten Umsetzung einer Ordnerstruktur<\/h3>\n<ul>\n<li>Verzeichnisse und (leere) Ordner zu Beginn anlegen<\/li>\n<li>so viele wie n\u00f6tig und so wenige wie m\u00f6glich<\/li>\n<li>aussagekr\u00e4ftige und kurze Namen (+ Nummerierung)<\/li>\n<li>m\u00f6glicherweise die Etablierung eines 3 Ebenen 7-Ordner\u2013Systems<\/li>\n<\/ul>\n<h3>ReadMe-Datei<\/h3>\n<p>Sinnvoll f\u00fcr die Datendokumentation kann auch eine ReadMe-Datei sein. Sie hilft u.a. dabei, dass Daten korrekt interpretiert werden k\u00f6nnen und wesentliche Bearbeitungsschritte der Daten festgehalten sind. Weiterhin sind in einer ReadMe-Datei Informationen enthalten \u00fcber die Datendateien im jeweiligen Ordner und wie diese strukturiert sowie benannt werden sollen. Eine Readme-Datei sollte als Textdokument (z.B. Markdown-Format .md oder als einfacher Text .txt) vorliegen.\u00a0<\/p>\n<p>[\/et_pb_text][et_pb_divider _builder_version=&#8221;4.27.4&#8243; _module_preset=&#8221;default&#8221; width=&#8221;33%&#8221; custom_margin=&#8221;||-2px|||&#8221; global_colors_info=&#8221;{}&#8221;][\/et_pb_divider][et_pb_text _builder_version=&#8221;4.27.4&#8243; _module_preset=&#8221;default&#8221; global_colors_info=&#8221;{}&#8221;]<\/p>\n<p>[1] <a href=\"https:\/\/www.forschungsdaten-bildung.de\/daten-dokumentieren\">https:\/\/www.forschungsdaten-bildung.de\/daten-dokumentieren<\/a><br \/>[2] <a href=\"https:\/\/forschungsdaten.info\/themen\/beschreiben-und-dokumentieren\/datendokumentation\">https:\/\/forschungsdaten.info\/themen\/beschreiben-und-dokumentieren\/datendokumentation<\/a><\/p>\n<p>[\/et_pb_text][\/et_pb_column][\/et_pb_row][et_pb_row _builder_version=&#8221;4.27.4&#8243; _module_preset=&#8221;default&#8221; custom_margin=&#8221;-62px|auto||auto||&#8221; locked=&#8221;off&#8221; global_colors_info=&#8221;{}&#8221;][et_pb_column type=&#8221;4_4&#8243; _builder_version=&#8221;4.27.4&#8243; _module_preset=&#8221;default&#8221; global_colors_info=&#8221;{}&#8221;][et_pb_heading title=&#8221;Weiterf\u00fchrendes&#8221; _builder_version=&#8221;4.27.4&#8243; _module_preset=&#8221;default&#8221; title_level=&#8221;h3&#8243; custom_margin=&#8221;15px|||||&#8221; locked=&#8221;off&#8221; global_colors_info=&#8221;{}&#8221;][\/et_pb_heading][et_pb_accordion _builder_version=&#8221;4.27.4&#8243; _module_preset=&#8221;default&#8221; custom_margin=&#8221;-21px|||||&#8221; global_colors_info=&#8221;{}&#8221;][et_pb_accordion_item title=&#8221;Checkliste FAIRe Daten&#8221; open=&#8221;on&#8221; _builder_version=&#8221;4.27.4&#8243; _module_preset=&#8221;default&#8221; global_colors_info=&#8221;{}&#8221;]<\/p>\n<p>Biernacka K, Dolzycka D, Buchholz P und K Helbig (2019): Wie fair sind deine Forschungsdaten? Informationsposter. Zenodo, <a href=\"http:\/\/doi.org\/10.5281\/zenodo.2547339\" rel=\"noopener\" target=\"_blank\">doi.org\/10.5281\/zenodo.2547339 <span><\/span><\/a><a><\/a><\/p>\n<p>[\/et_pb_accordion_item][et_pb_accordion_item title=&#8221;Elektronisches Laborbuch (ELN): Chemotion&#8221; _builder_version=&#8221;4.27.4&#8243; _module_preset=&#8221;default&#8221; global_colors_info=&#8221;{}&#8221; open=&#8221;off&#8221;]<\/p>\n<div class=\"accordion__panel\" id=\"accordion-panel-695b79c582249\" aria-labelledby=\"accordion-tab-695b79c582249\" role=\"tabpanel\" data-accordion-item-panel=\"\">\n<div class=\"accordion__panel-inner\">\n<div class=\"accordion__panel\" id=\"accordion-panel-695e21b3782f3\" aria-labelledby=\"accordion-tab-695e21b3782f3\" role=\"tabpanel\" data-accordion-item-panel=\"\">\n<div class=\"accordion__panel-inner\">\n<p><em>Chemotion ist ein freies Open Source Produkt. Das ELN und Repositorium eignet sich besonders f\u00fcr den Einsatz im Fachgebiet Chemie; dar\u00fcber hinaus ist es nur bedingt konfigurierbar und einsetzbar. Verschiedene Partner der nieders\u00e4chsischen FDM Landesinitiative nutzen Chemotion bereits.\u00a0<br \/><\/em><a href=\"https:\/\/chemotion.net\" rel=\"noopener\" target=\"_blank\">https:\/\/chemotion.net<\/a><\/p>\n<p><em>Chemotion steht den nieders\u00e4chsischen Hochschulen in der <strong>AcademicCloud<\/strong> zur Verf\u00fcgung.\u00a0<\/em><a href=\"https:\/\/academiccloud.de\/de\/services\/chemotion\/\" target=\"_blank\" rel=\"noopener\">Link<\/a><\/p>\n<\/div>\n<\/div>\n<\/div>\n<\/div>\n<p>[\/et_pb_accordion_item][et_pb_accordion_item title=&#8221;Elektronisches Laborbuch (ELN): eLabFTW&#8221; _builder_version=&#8221;4.27.4&#8243; _module_preset=&#8221;default&#8221; global_colors_info=&#8221;{}&#8221; open=&#8221;off&#8221;]<\/p>\n<div class=\"accordion__panel\" id=\"accordion-panel-695b79c58224b\" aria-labelledby=\"accordion-tab-695b79c58224b\" role=\"tabpanel\" data-accordion-item-panel=\"\">\n<div class=\"accordion__panel-inner\">\n<div class=\"accordion accordion--panel-expanded\" data-accordion-item=\"\">\n<div class=\"accordion__panel\" id=\"accordion-panel-695b73da99f16\" aria-labelledby=\"accordion-tab-695b73da99f16\" role=\"tabpanel\" data-accordion-item-panel=\"\">\n<div class=\"accordion__panel-inner\">\n<div class=\"accordion__panel\" id=\"accordion-panel-695e21b3782f8\" aria-labelledby=\"accordion-tab-695e21b3782f8\" role=\"tabpanel\" data-accordion-item-panel=\"\">\n<div class=\"accordion__panel-inner\">\n<p><em>eLabFTW ist ein freies Open Source Produkt. Das ELN kann generisch f\u00fcr verschiedene Fachbereiche konfiguriert und eingesetzt werden. Verschiedene Partner der nieders\u00e4chsischen FDM Landesinitiative nutzen eLabFTW bereits oder f\u00fchren es aktuell f\u00fcr die Arbeitsgruppen an ihrer Institution ein.<br \/><\/em><a href=\"https:\/\/www.elabftw.net\" rel=\"noopener\" target=\"_blank\">https:\/\/www.elabftw.net<\/a><\/p>\n<\/div>\n<\/div>\n<\/div>\n<\/div>\n<\/div>\n<\/div>\n<\/div>\n<p>[\/et_pb_accordion_item][et_pb_accordion_item title=&#8221;Schwere Entscheidung \u2013 Wie gehe ich mit Metadaten um?&#8221; _builder_version=&#8221;4.27.4&#8243; _module_preset=&#8221;default&#8221; global_colors_info=&#8221;{}&#8221; open=&#8221;off&#8221;]<\/p>\n<p>Ein Entscheidungsbaum zum Thema Metadaten, um einen vereinfachten Einstieg in das Thema zu gew\u00e4hrleisten.<br \/>Meyer J, Schmidt D, Agniashvili A und S Celikten (2025): Schwere Entscheidung \u2013 Wie gehe ich mit Metadaten um?. Zenodo, <a href=\"doi.org\/10.5281\/zenodo.15396322\" target=\"_blank\" rel=\"noopener\">doi.org\/10.5281\/zenodo.15396322<\/a><\/p>\n<p>[\/et_pb_accordion_item][\/et_pb_accordion][\/et_pb_column][\/et_pb_row][\/et_pb_section]<\/p>\n","protected":false},"excerpt":{"rendered":"<p>Zur Dokumentation von Forschungsdaten geh\u00f6ren eine konsistente Benennung der Dateien sowie das Hinzuf\u00fcgen zus\u00e4tzlicher Informationen, die das Forschungsvorhaben und den Erhebungsprozess beschreiben \u2013 sogenannte Metadaten. Auch Begleitmaterialien zum Forschungsprozess sind essenzieller Bestandteil der Dokumentation. Im Wesentlichen dient die Dokumentation als Beschreibung der Daten und fungiert \u00e4hnlich einer Bedienungsanleitung. Warum? Folgende Ziele sollen mit einer Datendokumentation [&hellip;]<\/p>\n","protected":false},"author":5,"featured_media":0,"parent":0,"menu_order":0,"comment_status":"closed","ping_status":"closed","template":"","meta":{"_et_pb_use_builder":"on","_et_pb_old_content":"","_et_gb_content_width":"","footnotes":""},"class_list":["post-3794","page","type-page","status-publish","hentry"],"_links":{"self":[{"href":"https:\/\/fdm-nds.de\/index.php\/wp-json\/wp\/v2\/pages\/3794","targetHints":{"allow":["GET"]}}],"collection":[{"href":"https:\/\/fdm-nds.de\/index.php\/wp-json\/wp\/v2\/pages"}],"about":[{"href":"https:\/\/fdm-nds.de\/index.php\/wp-json\/wp\/v2\/types\/page"}],"author":[{"embeddable":true,"href":"https:\/\/fdm-nds.de\/index.php\/wp-json\/wp\/v2\/users\/5"}],"replies":[{"embeddable":true,"href":"https:\/\/fdm-nds.de\/index.php\/wp-json\/wp\/v2\/comments?post=3794"}],"version-history":[{"count":14,"href":"https:\/\/fdm-nds.de\/index.php\/wp-json\/wp\/v2\/pages\/3794\/revisions"}],"predecessor-version":[{"id":4587,"href":"https:\/\/fdm-nds.de\/index.php\/wp-json\/wp\/v2\/pages\/3794\/revisions\/4587"}],"wp:attachment":[{"href":"https:\/\/fdm-nds.de\/index.php\/wp-json\/wp\/v2\/media?parent=3794"}],"curies":[{"name":"wp","href":"https:\/\/api.w.org\/{rel}","templated":true}]}}