{"id":3810,"date":"2026-01-14T09:53:31","date_gmt":"2026-01-14T09:53:31","guid":{"rendered":"https:\/\/fdm-nds.de\/?page_id=3810"},"modified":"2026-03-11T12:28:48","modified_gmt":"2026-03-11T12:28:48","slug":"exkurs-repositorien-suchen-und-auswahlen","status":"publish","type":"page","link":"https:\/\/fdm-nds.de\/index.php\/exkurs-repositorien-suchen-und-auswahlen\/","title":{"rendered":"Exkurs: Repositorien suchen und ausw\u00e4hlen"},"content":{"rendered":"<p>[et_pb_section fb_built=&#8221;1&#8243; _builder_version=&#8221;4.27.4&#8243; _module_preset=&#8221;default&#8221; global_colors_info=&#8221;{}&#8221;][et_pb_row _builder_version=&#8221;4.27.4&#8243; _module_preset=&#8221;default&#8221; custom_padding=&#8221;||0px|||&#8221; locked=&#8221;off&#8221; global_colors_info=&#8221;{}&#8221;][et_pb_column type=&#8221;4_4&#8243; _builder_version=&#8221;4.27.4&#8243; _module_preset=&#8221;default&#8221; global_colors_info=&#8221;{}&#8221;][et_pb_heading title=&#8221;Exkurs: Repositorien suchen und ausw\u00e4hlen&#8221; _builder_version=&#8221;4.27.4&#8243; _module_preset=&#8221;default&#8221; custom_padding=&#8221;|0px||||&#8221; locked=&#8221;off&#8221; global_colors_info=&#8221;{}&#8221;][\/et_pb_heading][\/et_pb_column][\/et_pb_row][et_pb_row column_structure=&#8221;3_5,2_5&#8243; _builder_version=&#8221;4.27.4&#8243; _module_preset=&#8221;default&#8221; min_height=&#8221;1154px&#8221; custom_margin=&#8221;|auto|-796px|auto||&#8221; custom_padding=&#8221;||0px|||&#8221; locked=&#8221;off&#8221; global_colors_info=&#8221;{}&#8221;][et_pb_column type=&#8221;3_5&#8243; _builder_version=&#8221;4.27.4&#8243; _module_preset=&#8221;default&#8221; global_colors_info=&#8221;{}&#8221;][et_pb_text _builder_version=&#8221;4.27.4&#8243; _module_preset=&#8221;default&#8221; width=&#8221;100%&#8221; custom_padding=&#8221;|0px|0px|||&#8221; locked=&#8221;off&#8221; global_colors_info=&#8221;{}&#8221;]<\/p>\n<div data-truncate-full=\"\">\n<p>Forschende, die nach vorhandenen Forschungsdaten im Kontext ihrer Arbeit suchen, k\u00f6nnen in Forschungsdaten-Repositorien und Datenportalen f\u00fcndig werden. Auch Datenproduzierende, die ihre Forschungsdaten der \u00d6ffentlichkeit oder einem beschr\u00e4nkten Nutzendenkreis <a href=\"https:\/\/fdm-nds.de\/index.php\/schritt-4-daten-teilen-und-publizieren\/\">bereitstellen<\/a> m\u00f6chten, werden im Zuge der Ver\u00f6ffentlichung ihrer Forschungsdaten auf das Thema Repositorien treffen. Es gibt Repositorien, die speziell auf die Speicherung von entweder Publikationen oder Forschungsdaten abzielen, aber auch Repositorien, welche die Speicherung beider Objektarten erm\u00f6glichen.<\/p>\n<p>In vielen F\u00e4llen existieren f\u00fcr bestimmte Fachbereiche einschl\u00e4gige Repositorien, die der jeweiligen Fach-Community wohlbekannt sind. Daher sollten Forschende sich zun\u00e4chst erkundigen, ob f\u00fcr ihren Fachbereich solche Repositorien vorhanden sind. Neben fachlichen Repositorien gibt es auch generische Repositorien, die keinem bestimmten Fachbereich zugeordnet werden, wie z.B. <a href=\"https:\/\/zenodo.org\">Zenodo<\/a> oder <a href=\"https:\/\/data.goettingen-research-online.de\">GRO.data<\/a>. Diese k\u00f6nnen auf die Forschungsdaten einer oder mehrerer Forschungseinrichtungen beschr\u00e4nkt oder f\u00fcr alle Datenproduzierenden, unabh\u00e4ngig von deren Forschungseinrichtung, nutzbar sein.<\/p>\n<\/div>\n<ul><\/ul>\n<p>[\/et_pb_text][\/et_pb_column][et_pb_column type=&#8221;2_5&#8243; _builder_version=&#8221;4.27.4&#8243; _module_preset=&#8221;default&#8221; global_colors_info=&#8221;{}&#8221;][et_pb_text _builder_version=&#8221;4.27.6&#8243; _module_preset=&#8221;default&#8221; text_text_color=&#8221;#000000&#8243; header_3_text_align=&#8221;center&#8221; header_3_text_color=&#8221;#313191&#8243; custom_margin=&#8221;0px|0px||0px|false|false&#8221; custom_padding=&#8221;10px|10px|10px|10px|false|false&#8221; link_option_url_new_window=&#8221;on&#8221; hover_enabled=&#8221;0&#8243; border_radii=&#8221;on|5px|5px|5px|5px&#8221; border_width_all=&#8221;5px&#8221; border_color_all=&#8221;#313191&#8243; locked=&#8221;off&#8221; global_colors_info=&#8221;{}&#8221; sticky_enabled=&#8221;0&#8243;]<\/p>\n<div>\n<div class=\"row\">\n<div class=\"gr-12\">\n<section class=\"module paragraph paragraph--type--\">\n<div class=\"infotext infotext--standard paragraph paragraph--type--\">\n<div>\n<div class=\"row\">\n<div class=\"gr-12\">\n<section class=\"module paragraph paragraph--type--\">\n<div class=\"infotext infotext--standard paragraph paragraph--type--\">\n<div class=\"layout__content__marginal gr-12 gr-4@l\">\n<div>\n<div>\n<div class=\"row\">\n<div class=\"gr-12\">\n<section class=\"module paragraph paragraph--type--\">\n<div class=\"infotext infotext--info paragraph paragraph--type--\">\n<h3 class=\"is-big-text infotext__title\">Verbundrepositorium f\u00fcr FDM-ndsHAW<\/h3>\n<div class=\"has-small-text\">\n<p>Im Rahmen des FDM-ndsHAW-Projektes haben sich die sechs beteiligten Hochschulen auf den gemeinsamen Betrieb eines Verbundrespositoriums geeinigt. Mit diesem sollen v.a. Forschende, die kein geeignetes fachliches Repositorium finden, unterst\u00fctzt und ihnen so die M\u00f6glichkeit der Speicherung ihrer Forschungsdaten im institutionellen Kontext gegeben werden. F\u00fcr weitere Informationen zum Verbundrepositorium kontaktieren Sie bitte die jeweilige Ansprechperson in Ihrer Hochschule.<\/p>\n<\/div>\n<\/div>\n<\/section>\n<\/div>\n<\/div>\n<\/div>\n<\/div>\n<\/div>\n<\/div>\n<\/section>\n<\/div>\n<\/div>\n<\/div>\n<\/div>\n<\/section>\n<\/div>\n<\/div>\n<\/div>\n<p>[\/et_pb_text][\/et_pb_column][\/et_pb_row][et_pb_row _builder_version=&#8221;4.27.4&#8243; _module_preset=&#8221;default&#8221; custom_margin=&#8221;5px|auto||auto||&#8221; custom_padding=&#8221;0px|||||&#8221; global_colors_info=&#8221;{}&#8221;][et_pb_column type=&#8221;4_4&#8243; _builder_version=&#8221;4.27.4&#8243; _module_preset=&#8221;default&#8221; global_colors_info=&#8221;{}&#8221;][et_pb_text _builder_version=&#8221;4.27.4&#8243; _module_preset=&#8221;default&#8221; global_colors_info=&#8221;{}&#8221;]<\/p>\n<p>Ist kein fachspezifisches Repositorium bekannt, muss zun\u00e4chst ein geeignetes Repositorium gefunden werden. Hierf\u00fcr bieten sich spezielle Verzeichnisse von Repositorien an, wie z.B. das Registry of Research Data Repositories (<a href=\"https:\/\/www.re3data.org\">re3data<\/a>). In diesen sind sowohl fachspezifische als auch f\u00e4cher\u00fcbergreifende Repositorien verzeichnet. Bei der Auswahl eines Repositoriums wird allgemein die folgende Priorisierung empfohlen. [1]<\/p>\n<ol>\n<li>Fachspezifisches Repositorium<\/li>\n<li>Institutionelles Repositorium<\/li>\n<li>Generisches Repositorium<\/li>\n<\/ol>\n<p>Zudem sollten bei der Auswahl verschiedene Qualit\u00e4tsmerkmale, wie die Vergabe von <a href=\"https:\/\/forschungsdaten.info\/praxis-kompakt\/glossar\/#c269858\">persistenten Identifikatoren<\/a>, eine Zertifizierung oder unterst\u00fctzte Metadatenprofile ber\u00fccksichtigt werden.<\/p>\n<p>Neben der Suche in Repositorien empfiehlt sich f\u00fcr eine Suche nach vorhandenen Forschungsdaten auch eine Suche \u00fcber Datenportale oder Index-Services. Diese erm\u00f6glichen eine Repositorien-\u00fcbergreifende Suche nach Forschungsdaten. Ein generisches Beispiel hierf\u00fcr ist <a href=\"https:\/\/commons.datacite.org\">Data Cite<\/a>. Zudem existieren verschiedene fachspezifische Dienste. Weitere Informationen zum Suchen und Finden von Forschungsdaten und Forschungsdatenrepositorien befindet sich z.B. auf <a href=\"https:\/\/forschungsdaten.info\/themen\/finden-und-nachnutzen\">forschungsdaten.info<\/a>.<\/p>\n<p>[\/et_pb_text][et_pb_divider _builder_version=&#8221;4.27.4&#8243; _module_preset=&#8221;default&#8221; width=&#8221;33%&#8221; custom_margin=&#8221;||-7px|||&#8221; custom_padding=&#8221;||4px|||&#8221; global_colors_info=&#8221;{}&#8221;][\/et_pb_divider][et_pb_text _builder_version=&#8221;4.27.4&#8243; _module_preset=&#8221;default&#8221; global_colors_info=&#8221;{}&#8221;]<\/p>\n<p>[1] Lilian Sophie Zappone: Onlineworkshop \u201eFDMontag: Suchen und Finden von Repositorien\u201c, 06.05.2024.<\/p>\n<p>[\/et_pb_text][\/et_pb_column][\/et_pb_row][et_pb_row _builder_version=&#8221;4.27.4&#8243; _module_preset=&#8221;default&#8221; custom_margin=&#8221;-62px|auto||auto||&#8221; custom_padding=&#8221;69px|||||&#8221; locked=&#8221;off&#8221; global_colors_info=&#8221;{}&#8221;][et_pb_column type=&#8221;4_4&#8243; _builder_version=&#8221;4.27.4&#8243; _module_preset=&#8221;default&#8221; global_colors_info=&#8221;{}&#8221;][et_pb_heading title=&#8221;Weiterf\u00fchrendes&#8221; _builder_version=&#8221;4.27.4&#8243; _module_preset=&#8221;default&#8221; title_level=&#8221;h3&#8243; global_colors_info=&#8221;{}&#8221;][\/et_pb_heading][et_pb_accordion _builder_version=&#8221;4.27.4&#8243; _module_preset=&#8221;default&#8221; custom_margin=&#8221;-26px|||||&#8221; global_colors_info=&#8221;{}&#8221;][et_pb_accordion_item title=&#8221;Handreichung zur Repositoriensuche&#8221; open=&#8221;on&#8221; _builder_version=&#8221;4.27.4&#8243; _module_preset=&#8221;default&#8221; global_colors_info=&#8221;{}&#8221;]<\/p>\n<p>Zappone L (2024): Handreichung: Repositoriensuche. <a href=\"https:\/\/forth-bw.hfwu.de\/index.php?title=Datei:Handreichung_Repositoriensuche_FORTH-BW_02-2024.pdf\" rel=\"noopener\" target=\"_blank\">Link<\/a><\/p>\n<p>[\/et_pb_accordion_item][et_pb_accordion_item title=&#8221;Handreichung zur Repositorienwahl&#8221; _builder_version=&#8221;4.27.4&#8243; _module_preset=&#8221;default&#8221; global_colors_info=&#8221;{}&#8221; open=&#8221;off&#8221;]<\/p>\n<p>Zappone L (2024): Handreichung: Repositorienwahl. <a href=\"https:\/\/forth-bw.hfwu.de\/index.php?title=Datei:Handreichung_Repositorienwahl_FORTH-BW_02-2024.pdf\" rel=\"noopener\" target=\"_blank\">Link<\/a><\/p>\n<p>[\/et_pb_accordion_item][et_pb_accordion_item title=&#8221;Suchen und Finden von Forschungsdaten und Forschungsdatenrepositorien&#8221; _builder_version=&#8221;4.27.4&#8243; _module_preset=&#8221;default&#8221; global_colors_info=&#8221;{}&#8221; open=&#8221;off&#8221;]<\/p>\n<div class=\"accordion__panel\" id=\"accordion-panel-695b79c58224b\" aria-labelledby=\"accordion-tab-695b79c58224b\" role=\"tabpanel\" data-accordion-item-panel=\"\">\n<div class=\"accordion__panel-inner\">\n<p>Forschungsdaten.info: Finden und Nachnutzen. <a href=\"https:\/\/forschungsdaten.info\/themen\/finden-und-nachnutzen\/\" rel=\"noopener\" target=\"_blank\">Link<\/a><\/p>\n<div class=\"accordion\" data-accordion-item=\"\">\n<div class=\"accordion__panel\" id=\"accordion-panel-695b73da99f1c\" aria-labelledby=\"accordion-tab-695b73da99f1c\" role=\"tabpanel\" data-accordion-item-panel=\"\"><\/div>\n<\/div>\n<div class=\"gr-8 push-2 gr-12@m gr-12@s gr-12@xs push-0@m push-0@s push-0@xs\">\n<div id=\"block-hawk-content\">\n<article class=\"node local-content local-content--news_blog full\">\n<div class=\"row\">\n<div role=\"main\" class=\"gr-12 \">\n<section class=\"module para-ref-local-manual paragraph--type--para-ref-local-manual\">\n<div class=\"para-ref-local-manual--half-column\">\n<div>\n<div>\n<article class=\"local-content local-content--paqe teaser side-by-side has-pattern-shadow\">\n<div class=\"row\">\n<section class=\"local-content--content gr-6 gr-12@s gr-12@xs gr-12@m\">\n<div class=\"local-content--teaser\">\n<p>&nbsp;<\/p>\n<\/div>\n<\/section>\n<\/div>\n<\/article>\n<\/div>\n<\/div>\n<\/div>\n<\/section>\n<\/div>\n<\/div>\n<\/article>\n<\/div>\n<\/div>\n<\/div>\n<\/div>\n<p>[\/et_pb_accordion_item][\/et_pb_accordion][et_pb_heading title=&#8221;Suche nach Repositorien&#8221; _builder_version=&#8221;4.27.4&#8243; _module_preset=&#8221;default&#8221; title_level=&#8221;h3&#8243; locked=&#8221;off&#8221; global_colors_info=&#8221;{}&#8221;][\/et_pb_heading][et_pb_accordion _builder_version=&#8221;4.27.4&#8243; _module_preset=&#8221;default&#8221; custom_margin=&#8221;-26px|||||&#8221; locked=&#8221;off&#8221; global_colors_info=&#8221;{}&#8221;][et_pb_accordion_item title=&#8221;Digitales Portal der DFG f\u00fcr Informationen und Zugang zu Forschungsinfrastrukturen weltweit: RIsources&#8221; open=&#8221;on&#8221; _builder_version=&#8221;4.27.4&#8243; _module_preset=&#8221;default&#8221; global_colors_info=&#8221;{}&#8221;]<\/p>\n<p>Deutsche Forschungsgemeinschaft: Portal f\u00fcr Forschungsinfratrstukturen: RIsources. <a href=\"https:\/\/risources.dfg.de\/\" rel=\"noopener\" target=\"_blank\">Link<\/a><\/p>\n<p>[\/et_pb_accordion_item][et_pb_accordion_item title=&#8221;Globales Verzeichnis von Forschungsdaten-Repositorien: re3data&#8221; _builder_version=&#8221;4.27.4&#8243; _module_preset=&#8221;default&#8221; global_colors_info=&#8221;{}&#8221; open=&#8221;off&#8221;]<\/p>\n<p><a href=\"https:\/\/www.re3data.org\">https:\/\/www.re3data.org<\/a><\/p>\n<p>[\/et_pb_accordion_item][et_pb_accordion_item title=&#8221;Verzeichnis von Open-Access-Repositorien f\u00fcr Textpublikationen weltweit: Open DOAR&#8221; _builder_version=&#8221;4.27.4&#8243; _module_preset=&#8221;default&#8221; global_colors_info=&#8221;{}&#8221; open=&#8221;off&#8221;]<\/p>\n<div class=\"accordion__panel\" id=\"accordion-panel-695b79c58224b\" aria-labelledby=\"accordion-tab-695b79c58224b\" role=\"tabpanel\" data-accordion-item-panel=\"\">\n<div class=\"accordion__panel-inner\">\n<div class=\"accordion__panel\" id=\"accordion-panel-695e35dac4dd9\" aria-labelledby=\"accordion-tab-695e35dac4dd9\" role=\"tabpanel\" data-accordion-item-panel=\"\">\n<div class=\"accordion__panel-inner\">\n<p>OpenDOAR: Global Direcrory of open Access Repositories<\/p>\n<p><a href=\"https:\/\/v2.sherpa.ac.uk\/opendoar\" rel=\"noopener\" target=\"_blank\">https:\/\/v2.sherpa.ac.uk\/opendoar<\/a><\/p>\n<\/div>\n<\/div>\n<p><a href=\"https:\/\/forschungsdaten.info\/themen\/finden-und-nachnutzen\/\" rel=\"noopener\" target=\"_blank\"><\/a><\/p>\n<div class=\"accordion\" data-accordion-item=\"\">\n<div class=\"accordion__panel\" id=\"accordion-panel-695b73da99f1c\" aria-labelledby=\"accordion-tab-695b73da99f1c\" role=\"tabpanel\" data-accordion-item-panel=\"\"><\/div>\n<\/div>\n<div class=\"gr-8 push-2 gr-12@m gr-12@s gr-12@xs push-0@m push-0@s push-0@xs\">\n<div id=\"block-hawk-content\">\n<article class=\"node local-content local-content--news_blog full\">\n<div class=\"row\">\n<div role=\"main\" class=\"gr-12 \">\n<section class=\"module para-ref-local-manual paragraph--type--para-ref-local-manual\">\n<div class=\"para-ref-local-manual--half-column\">\n<div>\n<div>\n<article class=\"local-content local-content--paqe teaser side-by-side has-pattern-shadow\">\n<div class=\"row\">\n<section class=\"local-content--content gr-6 gr-12@s gr-12@xs gr-12@m\">\n<div class=\"local-content--teaser\">\n<p>&nbsp;<\/p>\n<\/div>\n<\/section>\n<\/div>\n<\/article>\n<\/div>\n<\/div>\n<\/div>\n<\/section>\n<\/div>\n<\/div>\n<\/article>\n<\/div>\n<\/div>\n<\/div>\n<\/div>\n<p>[\/et_pb_accordion_item][et_pb_accordion_item title=&#8221;Verzeichnis f\u00fcr institutionelle Open-Access-Repositorien und deren Inhalte: ROAR&#8221; _builder_version=&#8221;4.27.4&#8243; _module_preset=&#8221;default&#8221; global_colors_info=&#8221;{}&#8221; open=&#8221;off&#8221;]<\/p>\n<div class=\"accordion__panel\" id=\"accordion-panel-695e35dac4ddd\" aria-labelledby=\"accordion-tab-695e35dac4ddd\" role=\"tabpanel\" data-accordion-item-panel=\"\">\n<div class=\"accordion__panel-inner\">\n<p>ROAR: Registry of open Access Repositories<\/p>\n<p><a href=\"https:\/\/roar.eprints.org\" rel=\"noopener\" target=\"_blank\">https:\/\/roar.eprints.org<\/a><\/p>\n<\/div>\n<\/div>\n<p>[\/et_pb_accordion_item][\/et_pb_accordion][et_pb_heading title=&#8221;Beispiele f\u00fcr Datenportale und (fachspezifische) Datenservices&#8221; _builder_version=&#8221;4.27.4&#8243; _module_preset=&#8221;default&#8221; title_level=&#8221;h3&#8243; locked=&#8221;off&#8221; global_colors_info=&#8221;{}&#8221;][\/et_pb_heading][et_pb_accordion _builder_version=&#8221;4.27.4&#8243; _module_preset=&#8221;default&#8221; custom_margin=&#8221;-26px|||||&#8221; locked=&#8221;off&#8221; global_colors_info=&#8221;{}&#8221;][et_pb_accordion_item title=&#8221;Datensuche, -ver\u00f6ffentlichung und -archivierung f\u00fcr Naturwissenschaften: PANGEA&#8221; open=&#8221;on&#8221; _builder_version=&#8221;4.27.4&#8243; _module_preset=&#8221;default&#8221; global_colors_info=&#8221;{}&#8221;]<\/p>\n<div class=\"accordion__panel\" id=\"accordion-panel-695e35dac52c7\" aria-labelledby=\"accordion-tab-695e35dac52c7\" role=\"tabpanel\" data-accordion-item-panel=\"\">\n<div class=\"accordion__panel-inner\">\n<p>PANGAEA: Data Publisher for Earth &amp; Environmental Science<\/p>\n<p><a href=\"https:\/\/www.pangaea.de\" rel=\"noopener\" target=\"_blank\">https:\/\/www.pangaea.de<\/a><\/p>\n<\/div>\n<\/div>\n<p>[\/et_pb_accordion_item][et_pb_accordion_item title=&#8221;Datensuche, -ver\u00f6ffentlichung und -archivierung f\u00fcr Sozialwissenschaften: GESIS&#8221; _builder_version=&#8221;4.27.4&#8243; _module_preset=&#8221;default&#8221; global_colors_info=&#8221;{}&#8221; open=&#8221;off&#8221;]<\/p>\n<div class=\"accordion__panel\" id=\"accordion-panel-695e35dac52cc\" aria-labelledby=\"accordion-tab-695e35dac52cc\" role=\"tabpanel\" data-accordion-item-panel=\"\">\n<div class=\"accordion__panel-inner\">\n<p>GESIS Leibniz-Institut f\u00fcr Sozialwissenschaften<\/p>\n<p>Forschungsdatenzentren: <a href=\"https:\/\/www.gesis.org\/institut\/ueber-uns\/forschungsdatenzentren\" rel=\"noopener\" target=\"_blank\">Link<\/a><\/p>\n<p>gesisDataSearch: <a href=\"https:\/\/datasearch.gesis.org\/start\" rel=\"noopener\" target=\"_blank\">Link<\/a><\/p>\n<\/div>\n<\/div>\n<p><a href=\"https:\/\/www.re3data.org\"><\/a><\/p>\n<p>[\/et_pb_accordion_item][et_pb_accordion_item title=&#8221;Forschungsdatenservices disziplin\u00fcbergreifend: DataCite&#8221; _builder_version=&#8221;4.27.4&#8243; _module_preset=&#8221;default&#8221; global_colors_info=&#8221;{}&#8221; open=&#8221;off&#8221;]<\/p>\n<div class=\"accordion__panel\" id=\"accordion-panel-695b79c58224b\" aria-labelledby=\"accordion-tab-695b79c58224b\" role=\"tabpanel\" data-accordion-item-panel=\"\">\n<div class=\"accordion__panel-inner\">\n<div class=\"accordion__panel\" id=\"accordion-panel-695e35dac4dd9\" aria-labelledby=\"accordion-tab-695e35dac4dd9\" role=\"tabpanel\" data-accordion-item-panel=\"\">\n<div class=\"accordion__panel-inner\">\n<div class=\"accordion__panel\" id=\"accordion-panel-695e35dac52d0\" aria-labelledby=\"accordion-tab-695e35dac52d0\" role=\"tabpanel\" data-accordion-item-panel=\"\">\n<div class=\"accordion__panel-inner\">\n<p>Internationales Konsortium, das disziplin\u00fcbergreifend verschiedene Services im Bereich Forschungsdaten bietet (z.B. DOI- und Metadaten-Management, Suchfunktionen).<\/p>\n<p>Suchfunktion: <a href=\"https:\/\/commons.datacite.org\" rel=\"noopener\" target=\"_blank\">Link<\/a><\/p>\n<p>Services: <a href=\"https:\/\/datacite.org\/\" rel=\"noopener\" target=\"_blank\">Link<\/a><\/p>\n<\/div>\n<\/div>\n<p><a href=\"https:\/\/v2.sherpa.ac.uk\/opendoar\" rel=\"noopener\" target=\"_blank\"><\/a><\/p>\n<\/div>\n<\/div>\n<p><a href=\"https:\/\/forschungsdaten.info\/themen\/finden-und-nachnutzen\/\" rel=\"noopener\" target=\"_blank\"><\/a><\/p>\n<div class=\"accordion\" data-accordion-item=\"\">\n<div class=\"accordion__panel\" id=\"accordion-panel-695b73da99f1c\" aria-labelledby=\"accordion-tab-695b73da99f1c\" role=\"tabpanel\" data-accordion-item-panel=\"\"><\/div>\n<\/div>\n<div class=\"gr-8 push-2 gr-12@m gr-12@s gr-12@xs push-0@m push-0@s push-0@xs\">\n<div id=\"block-hawk-content\">\n<article class=\"node local-content local-content--news_blog full\">\n<div class=\"row\">\n<div role=\"main\" class=\"gr-12 \">\n<section class=\"module para-ref-local-manual paragraph--type--para-ref-local-manual\">\n<div class=\"para-ref-local-manual--half-column\">\n<div>\n<div>\n<article class=\"local-content local-content--paqe teaser side-by-side has-pattern-shadow\">\n<div class=\"row\">\n<section class=\"local-content--content gr-6 gr-12@s gr-12@xs gr-12@m\">\n<div class=\"local-content--teaser\">\n<p>&nbsp;<\/p>\n<\/div>\n<\/section>\n<\/div>\n<\/article>\n<\/div>\n<\/div>\n<\/div>\n<\/section>\n<\/div>\n<\/div>\n<\/article>\n<\/div>\n<\/div>\n<\/div>\n<\/div>\n<p>[\/et_pb_accordion_item][et_pb_accordion_item title=&#8221;Forschungsdatenservices f\u00fcr die Biodiversit\u00e4tsforschung: GFBio&#8221; _builder_version=&#8221;4.27.4&#8243; _module_preset=&#8221;default&#8221; global_colors_info=&#8221;{}&#8221; open=&#8221;off&#8221;]<\/p>\n<div class=\"accordion__panel\" id=\"accordion-panel-695e35dac4ddd\" aria-labelledby=\"accordion-tab-695e35dac4ddd\" role=\"tabpanel\" data-accordion-item-panel=\"\">\n<div class=\"accordion__panel-inner\">\n<div class=\"accordion__panel\" id=\"accordion-panel-695e35dac52d4\" aria-labelledby=\"accordion-tab-695e35dac52d4\" role=\"tabpanel\" data-accordion-item-panel=\"\">\n<div class=\"accordion__panel-inner\">\n<p>Zusammenschluss von Data Centers und naturwissenschaftlichen Sammlungen und Archiven, der verschiedene Forschungsdaten-Services anbietet.<\/p>\n<p><a href=\"https:\/\/www.gfbio.org\" rel=\"noopener\" target=\"_blank\">https:\/\/www.gfbio.org<\/a><\/p>\n<\/div>\n<\/div>\n<\/div>\n<\/div>\n<p>[\/et_pb_accordion_item][\/et_pb_accordion][\/et_pb_column][\/et_pb_row][\/et_pb_section]<\/p>\n","protected":false},"excerpt":{"rendered":"<p>Forschende, die nach vorhandenen Forschungsdaten im Kontext ihrer Arbeit suchen, k\u00f6nnen in Forschungsdaten-Repositorien und Datenportalen f\u00fcndig werden. Auch Datenproduzierende, die ihre Forschungsdaten der \u00d6ffentlichkeit oder einem beschr\u00e4nkten Nutzendenkreis bereitstellen m\u00f6chten, werden im Zuge der Ver\u00f6ffentlichung ihrer Forschungsdaten auf das Thema Repositorien treffen. Es gibt Repositorien, die speziell auf die Speicherung von entweder Publikationen oder Forschungsdaten [&hellip;]<\/p>\n","protected":false},"author":5,"featured_media":0,"parent":0,"menu_order":0,"comment_status":"closed","ping_status":"closed","template":"","meta":{"_et_pb_use_builder":"on","_et_pb_old_content":"","_et_gb_content_width":"","footnotes":""},"class_list":["post-3810","page","type-page","status-publish","hentry"],"_links":{"self":[{"href":"https:\/\/fdm-nds.de\/index.php\/wp-json\/wp\/v2\/pages\/3810","targetHints":{"allow":["GET"]}}],"collection":[{"href":"https:\/\/fdm-nds.de\/index.php\/wp-json\/wp\/v2\/pages"}],"about":[{"href":"https:\/\/fdm-nds.de\/index.php\/wp-json\/wp\/v2\/types\/page"}],"author":[{"embeddable":true,"href":"https:\/\/fdm-nds.de\/index.php\/wp-json\/wp\/v2\/users\/5"}],"replies":[{"embeddable":true,"href":"https:\/\/fdm-nds.de\/index.php\/wp-json\/wp\/v2\/comments?post=3810"}],"version-history":[{"count":12,"href":"https:\/\/fdm-nds.de\/index.php\/wp-json\/wp\/v2\/pages\/3810\/revisions"}],"predecessor-version":[{"id":4617,"href":"https:\/\/fdm-nds.de\/index.php\/wp-json\/wp\/v2\/pages\/3810\/revisions\/4617"}],"wp:attachment":[{"href":"https:\/\/fdm-nds.de\/index.php\/wp-json\/wp\/v2\/media?parent=3810"}],"curies":[{"name":"wp","href":"https:\/\/api.w.org\/{rel}","templated":true}]}}