{"id":4018,"date":"2026-01-23T16:25:44","date_gmt":"2026-01-23T16:25:44","guid":{"rendered":"https:\/\/fdm-nds.de\/?page_id=4018"},"modified":"2026-01-28T16:15:23","modified_gmt":"2026-01-28T16:15:23","slug":"step-1-research-planning","status":"publish","type":"page","link":"https:\/\/fdm-nds.de\/index.php\/en\/step-1-research-planning\/","title":{"rendered":"Step 1: Research Planning"},"content":{"rendered":"<p>[et_pb_section fb_built=&#8221;1&#8243; _builder_version=&#8221;4.27.4&#8243; _module_preset=&#8221;default&#8221; global_colors_info=&#8221;{}&#8221;][et_pb_row column_structure=&#8221;2_3,1_3&#8243; _builder_version=&#8221;4.27.4&#8243; _module_preset=&#8221;default&#8221; custom_padding=&#8221;||2px|||&#8221; global_colors_info=&#8221;{}&#8221;][et_pb_column type=&#8221;2_3&#8243; _builder_version=&#8221;4.27.4&#8243; _module_preset=&#8221;default&#8221; global_colors_info=&#8221;{}&#8221;][et_pb_heading title=&#8221;Step 1: Research Planning&#8221; _builder_version=&#8221;4.27.4&#8243; _module_preset=&#8221;default&#8221; global_colors_info=&#8221;{}&#8221;][\/et_pb_heading][et_pb_text _builder_version=&#8221;4.27.4&#8243; _module_preset=&#8221;default&#8221; custom_padding=&#8221;0px||0px|||&#8221; hover_enabled=&#8221;0&#8243; global_colors_info=&#8221;{}&#8221; sticky_enabled=&#8221;0&#8243;]<\/p>\n<h2>Introduction<\/h2>\n<p>The correct handling of research data in all phases of its <a href=\"https:\/\/fdm-nds.de\/?page_id=3583\" target=\"_blank\" rel=\"noopener\">lifecycle<\/a> is a fundamental requirement for scientific work and crucial for upholding <a href=\"https:\/\/forschungsdaten.info\/themen\/ethik-und-gute-wissenschaftliche-praxis\/gute-wissenschaftliche-praxis-und-fdm\/\" target=\"_blank\" rel=\"noopener\">good scientific practice<\/a>. Even before the start of a research project, it is very important to carefully plan the management of the expected data and outcomes. This creates the foundation for potential reuse of research data by other researchers and often increases the visibility of one\u2019s own scientific achievements. A data management plan (DMP) can serve as a useful tool for this purpose.<\/p>\n<p>Typical steps in the conception of a research project:<\/p>\n<ul>\n<li>Developing the research design<\/li>\n<li>Searching for already existing data<\/li>\n<li>Planning data management (formats, storage locations, etc.)<\/li>\n<li>Considering legal and ethical aspects<\/li>\n<li>Considering the requirements of funders and project partners regarding research data management (RDM)<\/li>\n<\/ul>\n<h3>The Data Management Plan (DMP)<\/h3>\n<p>A data management plan describes which data will be collected or generated during the research process and what should happen to them throughout their lifecycle. Essentially, a DMP provides answers to the key questions of data management in a project.<\/p>\n<p><span style=\"font-family: inherit; font-weight: normal;\"><strong>Aspects of a DMP include:<\/strong><\/span><\/p>\n<p><span style=\"font-family: inherit; font-weight: normal;\"><strong><\/strong><\/span><\/p>\n<h4>Basic information<\/h4>\n<ul>\n<li>Description of the research project<\/li>\n<li>Responsible project personnel<\/li>\n<li>Project duration<\/li>\n<\/ul>\n<h4>Relevant policies, guidelines, laws, and ethics<\/h4>\n<ul>\n<li>Applicable <a href=\"https:\/\/forschungsdaten.info\/themen\/ethik-und-gute-wissenschaftliche-praxis\/leitlinien-und-policies\/\" target=\"_blank\" rel=\"noopener\">policies<\/a> (e.g., those of the research institution, faculty, or funder)<\/li>\n<li>Legal aspects regarding data protection, copyright, environmental law, and possibly others<\/li>\n<li>Consideration of ethical aspects prior to collecting or publishing research data<\/li>\n<li>Information about data collection<\/li>\n<\/ul>\n<p>[\/et_pb_text][\/et_pb_column][et_pb_column type=&#8221;1_3&#8243; _builder_version=&#8221;4.27.4&#8243; _module_preset=&#8221;default&#8221; global_colors_info=&#8221;{}&#8221;][et_pb_video src=&#8221;https:\/\/youtu.be\/QzwVqiJE-YE?si=ELQRt3_jRJUld6Wd&#8221; _builder_version=&#8221;4.27.4&#8243; _module_preset=&#8221;default&#8221; custom_margin=&#8221;90px|||||&#8221; global_colors_info=&#8221;{}&#8221;][\/et_pb_video][et_pb_text _builder_version=&#8221;4.27.4&#8243; _module_preset=&#8221;default&#8221; custom_margin=&#8221;-15px|||||&#8221; global_colors_info=&#8221;{}&#8221;]<\/p>\n<p>What is a DMP? &#8211; Our short animation video explains the data management plan (DMP)<\/p>\n<p>[\/et_pb_text][et_pb_cta title=&#8221;Cost Coverage&#8221; button_text=&#8221;Klicks&#8221; _builder_version=&#8221;4.27.4&#8243; _module_preset=&#8221;default&#8221; header_text_color=&#8221;#8D2757&#8243; body_text_color=&#8221;#8D2757&#8243; background_color=&#8221;#FFFFFF&#8221; min_height=&#8221;430.2px&#8221; custom_margin=&#8221;||-19px|||&#8221; border_width_all=&#8221;4px&#8221; border_color_all=&#8221;#8D2757&#8243; global_colors_info=&#8221;{}&#8221;]<\/p>\n<p>If applicable, costs for research data management can be claimed in the course of the application process. Which aspects of research data management are eligible for funding, and to what extent, depends on both the funding agency and the specific funding program. Therefore, it is worthwhile to obtain information on this at the proposal preparation stage and, if necessary, to include the costs in the funding application.<\/p>\n<p>[\/et_pb_cta][\/et_pb_column][\/et_pb_row][et_pb_row _builder_version=&#8221;4.27.4&#8243; _module_preset=&#8221;default&#8221; custom_margin=&#8221;-20px|auto||auto||&#8221; custom_padding=&#8221;5px|||||&#8221; global_colors_info=&#8221;{}&#8221;][et_pb_column type=&#8221;4_4&#8243; _builder_version=&#8221;4.27.4&#8243; _module_preset=&#8221;default&#8221; global_colors_info=&#8221;{}&#8221;][et_pb_text _builder_version=&#8221;4.27.4&#8243; _module_preset=&#8221;default&#8221; custom_margin=&#8221;-14px|||||&#8221; hover_enabled=&#8221;0&#8243; global_colors_info=&#8221;{}&#8221; sticky_enabled=&#8221;0&#8243;]<\/p>\n<ul>\n<li>Estimation of expected types and volumes of data<\/li>\n<li>Information on data collection methods<\/li>\n<li>Data documentation<\/li>\n<li>List and integration of already existing data<\/li>\n<\/ul>\n<h4>Data management and handling<\/h4>\n<ul>\n<li>Organization of data, including naming and version control<\/li>\n<li>Intended interoperability, consideration of existing standards<\/li>\n<li>Storage and security of data during the project work<\/li>\n<li>Scope and type of any planned data exchange<\/li>\n<\/ul>\n<h4>Information on archiving, publication, and licensing<\/h4>\n<ul>\n<li><a href=\"https:\/\/forschungsdaten.info\/themen\/beschreiben-und-dokumentieren\/metadaten-und-metadatenstandards\/\" target=\"_blank\" rel=\"noopener\">Metadata standards<\/a><\/li>\n<li>Timing and method of data transfer\/publication<\/li>\n<li>Referencing (e.g., assignment of persistent identifiers)<\/li>\n<li>Intended repositories for data publication<\/li>\n<li>Planned (long-term) archiving<\/li>\n<li>Possible data deletion<\/li>\n<\/ul>\n<h4>Financial aspects<\/h4>\n<ul>\n<li>Expected costs and resources regarding management, storage, archiving, and publication of research data (may include both personnel and material costs)<\/li>\n<\/ul>\n<h2>Legal aspects &amp; ethics<\/h2>\n<p>Legal requirements must be considered at every phase of the research data lifecycle (see <a href=\"https:\/\/fdm-nds.de\/index.php\/en\/excursus-legal-aspects-in-rdm\/\" target=\"_blank\" rel=\"noopener\">excursus: Legal aspects in RDM<\/a>). Ideally, these should be clarified in advance of a research project. Particular attention should be paid to the following key legal questions:<\/p>\n<ul>\n<li>What data will be collected, and are these subject to legal requirements?<\/li>\n<li>Who owns the research data generated, and who is authorized to use them (copyright and related rights)?<\/li>\n<li>How are personal data handled, if any are present or collected (data protection law)?<\/li>\n<li>How do agreements between involved parties regulate usage rights and confidentiality (contract law)?<\/li>\n<\/ul>\n<p>[\/et_pb_text][et_pb_heading title=&#8221;Further information&#8221; _builder_version=&#8221;4.27.4&#8243; _module_preset=&#8221;default&#8221; title_level=&#8221;h3&#8243; global_colors_info=&#8221;{}&#8221;][\/et_pb_heading][et_pb_accordion _builder_version=&#8221;4.27.4&#8243; _module_preset=&#8221;default&#8221; hover_enabled=&#8221;0&#8243; global_colors_info=&#8221;{}&#8221; sticky_enabled=&#8221;0&#8243;][et_pb_accordion_item title=&#8221;DFG Checklist for Applicants on Research Data Management&#8221; open=&#8221;on&#8221; _builder_version=&#8221;4.27.4&#8243; _module_preset=&#8221;default&#8221; hover_enabled=&#8221;0&#8243; global_colors_info=&#8221;{}&#8221; sticky_enabled=&#8221;0&#8243;]<\/p>\n<p>DFG Deutsche Forschungsgemeinschaft (2021): Handling of research data \u2013 Checklist for planning and description of handling of research data in research projects. Zenodo, <a href=\"doi.org\/10.5281\/zenodo.10931449\" target=\"_blank\" rel=\"noopener\">doi.org\/10.5281\/zenodo.10931449<\/a><\/p>\n<p>[\/et_pb_accordion_item][et_pb_accordion_item title=&#8221;DFG Checklist for Applicants on Research Data Management \u2013 Annotated Version by the University of Hamburg&#8221; _builder_version=&#8221;4.27.4&#8243; _module_preset=&#8221;default&#8221; hover_enabled=&#8221;0&#8243; global_colors_info=&#8221;{}&#8221; open=&#8221;off&#8221; sticky_enabled=&#8221;0&#8243;]<\/p>\n<p>Universit\u00e4t Hamburg (2022): Kommentierung. Umgang mit Forschungsdaten: Checkliste f\u00fcr Antragstellende zur Planung und zur Beschreibung des Umgangs mit Forschungsdaten in Forschungsvorhaben (Versionsdatum 21.12.2021). <a href=\"https:\/\/www.fdm.uni-hamburg.de\/medien\/forschungsdaten-checkliste-de.pdf\" target=\"_blank\" rel=\"noopener\">Link<\/a><\/p>\n<p>[\/et_pb_accordion_item][et_pb_accordion_item title=&#8221;Checklist and Guidelines for Handling Personal Data in Research Projects&#8221; _builder_version=&#8221;4.27.4&#8243; _module_preset=&#8221;default&#8221; hover_enabled=&#8221;0&#8243; global_colors_info=&#8221;{}&#8221; open=&#8221;off&#8221; sticky_enabled=&#8221;0&#8243;]<\/p>\n<p>Multimedia Kontor Hamburg (2022): Checkliste Datenschutz f\u00fcr Forschungsvorhaben. <a href=\"https:\/\/www.hh-datenschutz.de\/fileadmin\/mustervorlagen\/Checkliste_Forschung.pdf\" target=\"_blank\" rel=\"noopener\">Link<\/a><\/p>\n<p>[\/et_pb_accordion_item][et_pb_accordion_item title=&#8221;A Guide for Creating a Data Management Plan (DMP)&#8221; _builder_version=&#8221;4.27.4&#8243; _module_preset=&#8221;default&#8221; hover_enabled=&#8221;0&#8243; global_colors_info=&#8221;{}&#8221; open=&#8221;off&#8221; sticky_enabled=&#8221;0&#8243;]<\/p>\n<p>TIB Technischen Informationsbibliothek (2022): A Guide for Creating a Data Management Plan Version 2.4. <a href=\"https:\/\/www.google.com\/url?sa=t&amp;source=web&amp;rct=j&amp;opi=89978449&amp;url=https:\/\/www.fdm.uni-hannover.de\/fileadmin\/fdm\/Dokumente\/Leitfaden_DMP_LUH_v2.4_en.pdf&amp;ved=2ahUKEwjA4seyya6SAxXgX_EDHTTNCuwQFnoECCIQAQ&amp;usg=AOvVaw0gjRziLvIJINLH9TzavBto\" target=\"_blank\" rel=\"noopener\">Link<\/a><\/p>\n<p>[\/et_pb_accordion_item][et_pb_accordion_item title=&#8221;Survival Kit \u2013 Data Management Plans (DMP) according to Funders&#8221; _builder_version=&#8221;4.27.4&#8243; _module_preset=&#8221;default&#8221; hover_enabled=&#8221;0&#8243; global_colors_info=&#8221;{}&#8221; open=&#8221;off&#8221; sticky_enabled=&#8221;0&#8243;]<\/p>\n<p>Agniashvili A, Schmidt D, Mau F und P Walter (2024): Survival-Kit \u2013 Datenmanagementpl\u00e4ne (DMP) nach F\u00f6rderern (german). Zenodo, <a href=\"doi.org\/10.5281\/zenodo.13321170\" target=\"_blank\" rel=\"noopener\">doi.org\/10.5281\/zenodo.13321170<\/a><\/p>\n<p>[\/et_pb_accordion_item][et_pb_accordion_item title=&#8221;Tool for Creating a Data Management Plan (DMP)&#8221; _builder_version=&#8221;4.27.4&#8243; _module_preset=&#8221;default&#8221; hover_enabled=&#8221;0&#8243; global_colors_info=&#8221;{}&#8221; open=&#8221;off&#8221; sticky_enabled=&#8221;0&#8243;]<\/p>\n<p>Staats- und Universit\u00e4tsbibliothek G\u00f6ttingen, GWDG Gesellschaft f\u00fcr wissenschaftsliche Datenverarbeitung mbH G\u00f6ttingen: <a href=\"https:\/\/plan.goettingen-research-online.de\/\" target=\"_blank\" rel=\"noopener\">GRO.plan<\/a><\/p>\n<p><em><span class=\"message-text\">The service is part of the <a href=\"https:\/\/academiccloud.de\/\" target=\"_blank\" rel=\"noopener\">AcademicCloud<\/a> and can be accessed via &#8220;federated login.&#8221;<\/span><\/em><\/p>\n<p>[\/et_pb_accordion_item][et_pb_accordion_item title=&#8221;Templates and FAQs of the Volkswagen Foundation for Applicants (e.g., DMP template)&#8221; _builder_version=&#8221;4.27.4&#8243; _module_preset=&#8221;default&#8221; hover_enabled=&#8221;0&#8243; global_colors_info=&#8221;{}&#8221; open=&#8221;off&#8221; sticky_enabled=&#8221;0&#8243;]<\/p>\n<p>Funding principles and useful forms, including those for reporting, fund requests, or statements of expenditure. <a href=\"https:\/\/www.volkswagenstiftung.de\/en\/faqservice\" target=\"_blank\" rel=\"noopener\">Link<\/a><\/p>\n<p>[\/et_pb_accordion_item][et_pb_accordion_item title=&#8221;Templates and Guidelines for Creating a Data Management Plan (DMP)&#8221; _builder_version=&#8221;4.27.4&#8243; _module_preset=&#8221;default&#8221; hover_enabled=&#8221;0&#8243; global_colors_info=&#8221;{}&#8221; open=&#8221;off&#8221; sticky_enabled=&#8221;0&#8243;]<\/p>\n<p>Humboldt Universit\u00e4t zu Berlin: Data Management Plans. <a href=\"https:\/\/www.cms.hu-berlin.de\/en\/dl-en\/dataman-en\/work\/create-dmp\/dmp-en\" target=\"_blank\" rel=\"noopener\">Link<\/a><\/p>\n<p>[\/et_pb_accordion_item][\/et_pb_accordion][\/et_pb_column][\/et_pb_row][\/et_pb_section]<\/p>\n","protected":false},"excerpt":{"rendered":"<p>Introduction The correct handling of research data in all phases of its lifecycle is a fundamental requirement for scientific work and crucial for upholding good scientific practice. Even before the start of a research project, it is very important to carefully plan the management of the expected data and outcomes. This creates the foundation for [&hellip;]<\/p>\n","protected":false},"author":7,"featured_media":0,"parent":0,"menu_order":0,"comment_status":"closed","ping_status":"closed","template":"","meta":{"_et_pb_use_builder":"on","_et_pb_old_content":"","_et_gb_content_width":"","footnotes":""},"class_list":["post-4018","page","type-page","status-publish","hentry"],"_links":{"self":[{"href":"https:\/\/fdm-nds.de\/index.php\/wp-json\/wp\/v2\/pages\/4018","targetHints":{"allow":["GET"]}}],"collection":[{"href":"https:\/\/fdm-nds.de\/index.php\/wp-json\/wp\/v2\/pages"}],"about":[{"href":"https:\/\/fdm-nds.de\/index.php\/wp-json\/wp\/v2\/types\/page"}],"author":[{"embeddable":true,"href":"https:\/\/fdm-nds.de\/index.php\/wp-json\/wp\/v2\/users\/7"}],"replies":[{"embeddable":true,"href":"https:\/\/fdm-nds.de\/index.php\/wp-json\/wp\/v2\/comments?post=4018"}],"version-history":[{"count":7,"href":"https:\/\/fdm-nds.de\/index.php\/wp-json\/wp\/v2\/pages\/4018\/revisions"}],"predecessor-version":[{"id":4288,"href":"https:\/\/fdm-nds.de\/index.php\/wp-json\/wp\/v2\/pages\/4018\/revisions\/4288"}],"wp:attachment":[{"href":"https:\/\/fdm-nds.de\/index.php\/wp-json\/wp\/v2\/media?parent=4018"}],"curies":[{"name":"wp","href":"https:\/\/api.w.org\/{rel}","templated":true}]}}