{"id":4875,"date":"2026-04-28T09:38:05","date_gmt":"2026-04-28T09:38:05","guid":{"rendered":"https:\/\/fdm-nds.de\/?page_id=4875"},"modified":"2026-05-05T08:42:31","modified_gmt":"2026-05-05T08:42:31","slug":"fair_award_2026","status":"publish","type":"page","link":"https:\/\/fdm-nds.de\/index.php\/fair_award_2026\/","title":{"rendered":"FAIR_Award_2026"},"content":{"rendered":"<p>[et_pb_section fb_built=&#8221;1&#8243; _builder_version=&#8221;4.27.6&#8243; _module_preset=&#8221;default&#8221; global_colors_info=&#8221;{}&#8221;][et_pb_row _builder_version=&#8221;4.24.2&#8243; _module_preset=&#8221;default&#8221; locked=&#8221;off&#8221; global_colors_info=&#8221;{}&#8221;][et_pb_column type=&#8221;4_4&#8243; _builder_version=&#8221;4.24.2&#8243; _module_preset=&#8221;default&#8221; global_colors_info=&#8221;{}&#8221;][et_pb_heading title=&#8221;FAIR Data and Software Award Lower Saxony 2026&#8243; _builder_version=&#8221;4.27.6&#8243; _module_preset=&#8221;default&#8221; title_text_align=&#8221;center&#8221; title_text_color=&#8221;#313191&#8243; custom_margin=&#8221;||56px|||&#8221; global_colors_info=&#8221;{}&#8221;][\/et_pb_heading][et_pb_image src=&#8221;https:\/\/fdm-nds.de\/wp-content\/uploads\/2026\/05\/FAIR_Logo_2026.png&#8221; alt=&#8221;Logo des \u201eFAIR Data and Software Award Lower Saxony 2025\u201c. Links steht der Schriftzug \u201eFAIR Data and Software Award Lower Saxony 2025\u201c in wei\u00dfer Schrift auf einem Farbverlauf von Violett zu Rot. Rechts ist ein stilisierter Pferdekopf aus wei\u00dfen, verbundenen Punkten auf rotem Hintergrund dargestellt. Oben rechts steht \u201eFDM-NDS\u201c&#8221; title_text=&#8221;FAIR_Logo_2026&#8243; _builder_version=&#8221;4.27.6&#8243; _module_preset=&#8221;default&#8221; width=&#8221;35%&#8221; max_width=&#8221;54%&#8221; module_alignment=&#8221;center&#8221; custom_margin=&#8221;-40px||15px||false|false&#8221; global_colors_info=&#8221;{}&#8221;][\/et_pb_image][\/et_pb_column][\/et_pb_row][et_pb_row column_structure=&#8221;3_5,2_5&#8243; disabled_on=&#8221;off|off|off&#8221; _builder_version=&#8221;4.27.6&#8243; _module_preset=&#8221;default&#8221; background_color=&#8221;RGBA(255,255,255,0)&#8221; min_height=&#8221;1106.4px&#8221; custom_margin=&#8221;-43px|auto||auto||&#8221; locked=&#8221;off&#8221; global_colors_info=&#8221;{}&#8221;][et_pb_column type=&#8221;3_5&#8243; _builder_version=&#8221;4.24.2&#8243; _module_preset=&#8221;default&#8221; background_color=&#8221;RGBA(255,255,255,0)&#8221; z_index=&#8221;0&#8243; custom_padding=&#8221;10px||||false|false&#8221; border_radii=&#8221;on|5px|5px|5px|5px&#8221; global_colors_info=&#8221;{}&#8221;][et_pb_text _builder_version=&#8221;4.27.6&#8243; _module_preset=&#8221;default&#8221; text_text_color=&#8221;#000000&#8243; header_text_color=&#8221;#313191&#8243; header_3_text_color=&#8221;#313191&#8243; custom_margin=&#8221;||||false|false&#8221; custom_padding=&#8221;0px|10px|0px|10px|false|false&#8221; global_colors_info=&#8221;{}&#8221;]<\/p>\n<h3><strong>Ihre Chance auf Anerkennung und Preisgeld!<\/strong><\/h3>\n<p>FDM-NDS schreibt zum zweiten mal den <strong>FAIR Data and Software Award Lower Saxony<\/strong> aus und l\u00e4dt Sie herzlich ein, Ihre Beitr\u00e4ge bis zum <strong>19.07.2026<\/strong>\u00a0einzureichen!<\/p>\n<h3><strong>Was suchen wir?<\/strong><\/h3>\n<p>Gesucht werden ver\u00f6ffentlichte Datens\u00e4tze und Software, die den <strong><a href=\"https:\/\/www.go-fair.org\/fair-principles\/\" target=\"_blank\" rel=\"noopener\">FAIR-Prinzipien<\/a><\/strong> oder den <a href=\"https:\/\/www.nature.com\/articles\/s41597-022-01710-x\" target=\"_blank\" rel=\"noopener\"><strong>FAIR4ResearchSoftware-Prinzipien<\/strong><\/a> entsprechen. Wir freuen uns \u00fcber Einreichungen aus allen Fachrichtungen \u2013 sei es aus den Geistes- und Sozialwissenschaften, Lebenswissenschaften, Naturwissenschaften oder Ingenieurwissenschaften. Pr\u00e4sentieren Sie uns Ihre herausragenden Daten und Softwareprojekte!<\/p>\n<p>Sie sind sich nicht sicher, ob Ihre Daten oder Software FAIR genug sind? Nutzen Sie gern unsere Checklisten:<\/p>\n<p>[\/et_pb_text][et_pb_button button_url=&#8221;https:\/\/fdm-nds.de\/wp-content\/uploads\/2026\/04\/Checklist_FAIR_Data_v01.pdf&#8221; url_new_window=&#8221;on&#8221; button_text=&#8221;Checkliste FAIRe Daten&#8221; button_alignment=&#8221;center&#8221; _builder_version=&#8221;4.27.6&#8243; _module_preset=&#8221;default&#8221; custom_button=&#8221;on&#8221; button_text_color=&#8221;#FFFFFF&#8221; button_bg_color=&#8221;#313191&#8243; button_border_radius=&#8221;5px&#8221; custom_margin=&#8221;||||false|false&#8221; custom_padding=&#8221;||||false|false&#8221; locked=&#8221;off&#8221; global_colors_info=&#8221;{}&#8221;][\/et_pb_button][et_pb_button button_url=&#8221;https:\/\/fdm-nds.de\/wp-content\/uploads\/2026\/04\/Checklist_FAIR_Software_v01.pdf&#8221; url_new_window=&#8221;on&#8221; button_text=&#8221;Checkliste FAIRe Software&#8221; button_alignment=&#8221;center&#8221; _builder_version=&#8221;4.27.6&#8243; _module_preset=&#8221;default&#8221; custom_button=&#8221;on&#8221; button_text_color=&#8221;#FFFFFF&#8221; button_bg_color=&#8221;#313191&#8243; button_border_radius=&#8221;5px&#8221; custom_margin=&#8221;||||false|false&#8221; custom_padding=&#8221;||||false|false&#8221; locked=&#8221;off&#8221; global_colors_info=&#8221;{}&#8221;][\/et_pb_button][et_pb_text _builder_version=&#8221;4.27.6&#8243; _module_preset=&#8221;default&#8221; text_text_color=&#8221;#000000&#8243; header_text_color=&#8221;#313191&#8243; header_3_text_color=&#8221;#313191&#8243; custom_margin=&#8221;||||false|false&#8221; custom_padding=&#8221;0px|10px|0px|10px|false|false&#8221; locked=&#8221;off&#8221; global_colors_info=&#8221;{}&#8221;]<\/p>\n<h3><strong>Wer darf Beitr\u00e4ge einreichen?<\/strong><\/h3>\n<p>Einreichungen von Ver\u00f6ffentlichungen k\u00f6nnen von allen Wissenschaftlerinnen und Wissenschaftlern erfolgen, die Mitglied oder Angeh\u00f6rige*r einer nieders\u00e4chsischen Hochschule oder die an einer <span>au\u00dferuniversit\u00e4ren Forschungseinrichtung in Niedersachsen t\u00e4tig sind.<\/span><\/p>\n<h3><span><strong>Was ist der Preis?<\/strong><\/span><\/h3>\n<p>Die beste Daten- und die beste Softwarever\u00f6ffentlichung werden mit jeweils 4.500 \u20ac pr\u00e4miert. Die Preisverleihung findet im Rahmen der <strong><a href=\"https:\/\/fdm-nds.de\/index.php\/data-days-2025\/\" target=\"_blank\" rel=\"noopener\">Data Days Niedersachsen<\/a><\/strong> von FDM-NDS am 25. November 2026 in Oldenburg statt, wobei die Gewinnerinnen und Gewinner die Chance haben, ihre Arbeiten kurz vorzustellen. Weitere Informationen zur Ausschreibung und Details zur Einreichung k\u00f6nnen Sie den Teilnahmebedingungen entnehmen.<span><\/span><\/p>\n<h3><strong>Noch Fragen?<\/strong><\/h3>\n<p>Sie haben noch Fragen zum FAIR Data and Software Award Lower Saxony 2026? Kontaktieren Sie uns jederzeit unter <a href=\"mailto:info@fdm-nds.de\">info@fdm-nds.de<\/a><\/p>\n<p>Neugierige, wer im vergangenen Jahr mit dem Award ausgezeichnet wurde? <a href=\"https:\/\/fdm-nds.de\/index.php\/fair_award\/\"><strong>Hier<\/strong><\/a> finden Sie mehr Informationen zur Preisverleihung 2025.<\/p>\n<p>[\/et_pb_text][et_pb_button button_url=&#8221;https:\/\/fdm-nds.de\/wp-content\/uploads\/2026\/05\/Teilnahmebedingungen_FAIR_Data_and_Software_Award_2026.pdf&#8221; url_new_window=&#8221;on&#8221; button_text=&#8221;Informationen zur Teilnahme und den Teilnahmebedingungen&#8221; button_alignment=&#8221;center&#8221; _builder_version=&#8221;4.27.6&#8243; _module_preset=&#8221;default&#8221; custom_button=&#8221;on&#8221; button_text_color=&#8221;#FFFFFF&#8221; button_bg_color=&#8221;#E81C27&#8243; button_border_radius=&#8221;5px&#8221; custom_margin=&#8221;||||false|false&#8221; custom_padding=&#8221;||||false|false&#8221; hover_enabled=&#8221;0&#8243; global_colors_info=&#8221;{}&#8221; sticky_enabled=&#8221;0&#8243;][\/et_pb_button][\/et_pb_column][et_pb_column type=&#8221;2_5&#8243; _builder_version=&#8221;4.24.2&#8243; _module_preset=&#8221;default&#8221; background_color=&#8221;RGBA(255,255,255,0)&#8221; z_index=&#8221;0&#8243; custom_padding=&#8221;10px||||false|false&#8221; border_radii=&#8221;on|5px|5px|5px|5px&#8221; global_colors_info=&#8221;{}&#8221;][et_pb_image src=&#8221;https:\/\/fdm-nds.de\/wp-content\/uploads\/2024\/05\/York-Sure-Vetter-6_web.png&#8221; title_text=&#8221;York Sure-Vetter (6)_web&#8221; align=&#8221;center&#8221; _builder_version=&#8221;4.24.2&#8243; _module_preset=&#8221;default&#8221; background_color=&#8221;RGBA(255,255,255,0)&#8221; z_index=&#8221;100&#8243; width=&#8221;61%&#8221; custom_margin=&#8221;||||false|false&#8221; custom_padding=&#8221;||||false|false&#8221; custom_css_after=&#8221;content:%22\u24b8 NFDI%22; position:absolute; top:97%; left: 75%; font-style: italic; color: white&#8221; border_radii=&#8221;on|5px|5px|5px|5px&#8221; global_colors_info=&#8221;{}&#8221;][\/et_pb_image][et_pb_text _builder_version=&#8221;4.27.6&#8243; _module_preset=&#8221;default&#8221; text_text_color=&#8221;#FFFFFF&#8221; background_color=&#8221;#8D2757&#8243; z_index=&#8221;139&#8243; custom_margin=&#8221;||||false|false&#8221; custom_padding=&#8221;10px|10px|10px|10px|false|false&#8221; border_radii=&#8221;on|5px|5px|5px|5px&#8221; global_colors_info=&#8221;{}&#8221;]<\/p>\n<p>&#8220;<em>FAIRe Datenpublikationen und Software-Ver\u00f6ffentlichungen ebnen den Weg f\u00fcr mehr Erkenntnisse und eine exzellente Wissenschaft. Wir k\u00f6nnen die Vision eines effektiveren Forschungsdatenmanagements nur verwirklichen, wenn ein umfassender Kulturwandel erreicht wird. Der FAIR Data and Software Award setzt genau hier an. Ich freue mich auf zahlreiche wertvolle Einsendungen.<\/em>&#8220;<\/p>\n<p><strong>Prof. Dr. York Sure-Vetter<br \/><\/strong> Direktor der Nationalen Forschungsdateninfrastruktur (NFDI) e.V. und Schirmherr des FAIR Data and Software Award Lower Saxony 2026<\/p>\n<p>[\/et_pb_text][\/et_pb_column][\/et_pb_row][\/et_pb_section]<\/p>\n","protected":false},"excerpt":{"rendered":"<p>Ihre Chance auf Anerkennung und Preisgeld! FDM-NDS schreibt zum zweiten mal den FAIR Data and Software Award Lower Saxony aus und l\u00e4dt Sie herzlich ein, Ihre Beitr\u00e4ge bis zum 19.07.2026\u00a0einzureichen! Was suchen wir? Gesucht werden ver\u00f6ffentlichte Datens\u00e4tze und Software, die den FAIR-Prinzipien oder den FAIR4ResearchSoftware-Prinzipien entsprechen. Wir freuen uns \u00fcber Einreichungen aus allen Fachrichtungen \u2013 [&hellip;]<\/p>\n","protected":false},"author":5,"featured_media":0,"parent":0,"menu_order":0,"comment_status":"closed","ping_status":"closed","template":"","meta":{"_et_pb_use_builder":"on","_et_pb_old_content":"","_et_gb_content_width":"","footnotes":""},"class_list":["post-4875","page","type-page","status-publish","hentry"],"_links":{"self":[{"href":"https:\/\/fdm-nds.de\/index.php\/wp-json\/wp\/v2\/pages\/4875","targetHints":{"allow":["GET"]}}],"collection":[{"href":"https:\/\/fdm-nds.de\/index.php\/wp-json\/wp\/v2\/pages"}],"about":[{"href":"https:\/\/fdm-nds.de\/index.php\/wp-json\/wp\/v2\/types\/page"}],"author":[{"embeddable":true,"href":"https:\/\/fdm-nds.de\/index.php\/wp-json\/wp\/v2\/users\/5"}],"replies":[{"embeddable":true,"href":"https:\/\/fdm-nds.de\/index.php\/wp-json\/wp\/v2\/comments?post=4875"}],"version-history":[{"count":12,"href":"https:\/\/fdm-nds.de\/index.php\/wp-json\/wp\/v2\/pages\/4875\/revisions"}],"predecessor-version":[{"id":4966,"href":"https:\/\/fdm-nds.de\/index.php\/wp-json\/wp\/v2\/pages\/4875\/revisions\/4966"}],"wp:attachment":[{"href":"https:\/\/fdm-nds.de\/index.php\/wp-json\/wp\/v2\/media?parent=4875"}],"curies":[{"name":"wp","href":"https:\/\/api.w.org\/{rel}","templated":true}]}}