{"id":54,"date":"2024-03-19T07:59:28","date_gmt":"2024-03-19T07:59:28","guid":{"rendered":"https:\/\/fdm-nds.de\/?page_id=54"},"modified":"2026-05-05T08:29:27","modified_gmt":"2026-05-05T08:29:27","slug":"home","status":"publish","type":"page","link":"https:\/\/fdm-nds.de\/","title":{"rendered":"Home"},"content":{"rendered":"<p>[et_pb_section fb_built=&#8221;1&#8243; admin_label=&#8221;Features&#8221; _builder_version=&#8221;4.24.2&#8243; _module_preset=&#8221;default&#8221; background_color=&#8221;RGBA(255,255,255,0)&#8221; custom_margin=&#8221;0px||||false|false&#8221; custom_padding=&#8221;0px||||false|false&#8221; locked=&#8221;off&#8221; global_colors_info=&#8221;{}&#8221;][et_pb_row disabled_on=&#8221;off|off|off&#8221; _builder_version=&#8221;4.24.2&#8243; _module_preset=&#8221;default&#8221; custom_margin=&#8221;0px||||false|false&#8221; global_colors_info=&#8221;{}&#8221;][et_pb_column type=&#8221;4_4&#8243; _builder_version=&#8221;4.24.2&#8243; _module_preset=&#8221;default&#8221; global_colors_info=&#8221;{}&#8221;][et_pb_heading title=&#8221;Willkommen bei der Landesinitiative Forschungsdatenmanagement Niedersachsen&#8221; _builder_version=&#8221;4.24.2&#8243; _module_preset=&#8221;default&#8221; title_text_align=&#8221;center&#8221; title_text_color=&#8221;#313191&#8243; custom_margin=&#8221;||0px||false|false&#8221; custom_padding=&#8221;||0px||false|false&#8221; global_colors_info=&#8221;{}&#8221;][\/et_pb_heading][et_pb_slider disabled_on=&#8221;off|off|off&#8221; _builder_version=&#8221;4.27.6&#8243; _module_preset=&#8221;default&#8221; header_font=&#8221;||||||||&#8221; background_enable_color=&#8221;off&#8221; background_enable_image=&#8221;off&#8221; width=&#8221;100%&#8221; max_width=&#8221;100%&#8221; min_height=&#8221;500px&#8221; animation_direction=&#8221;left&#8221; auto=&#8221;on&#8221; auto_speed=&#8221;8000&#8243; hover_transition_speed_curve=&#8221;ease-in&#8221; link_option_url_new_window=&#8221;on&#8221; border_radii=&#8221;on|5px|5px|5px|5px&#8221; border_color_all=&#8221;RGBA(255,255,255,0)&#8221; border_radii_image=&#8221;on|5px|5px|5px|5px&#8221; global_colors_info=&#8221;{}&#8221;][et_pb_slide _builder_version=&#8221;4.27.6&#8243; _module_preset=&#8221;default&#8221; background_color=&#8221;#FFFFFF&#8221; background_enable_color=&#8221;on&#8221; background_image=&#8221;https:\/\/fdm-nds.de\/wp-content\/uploads\/2026\/03\/Save_the_date_DD_2026.png&#8221; background_enable_image=&#8221;on&#8221; background_size=&#8221;contain&#8221; global_colors_info=&#8221;{}&#8221; sticky_transition=&#8221;on&#8221;][\/et_pb_slide][et_pb_slide _builder_version=&#8221;4.27.4&#8243; _dynamic_attributes=&#8221;link_option_url&#8221; _module_preset=&#8221;default&#8221; background_color=&#8221;#FFFFFF&#8221; background_enable_color=&#8221;on&#8221; background_image=&#8221;https:\/\/fdm-nds.de\/wp-content\/uploads\/2026\/03\/Banner_Projektportfolio_Saule-3_de_V01-scaled.png&#8221; background_enable_image=&#8221;on&#8221; background_size=&#8221;contain&#8221; link_option_url=&#8221;@ET-DC@eyJkeW5hbWljIjp0cnVlLCJjb250ZW50IjoicG9zdF9saW5rX3VybF9wYWdlIiwic2V0dGluZ3MiOnsicG9zdF9pZCI6IjQ0OCJ9fQ==@&#8221; global_colors_info=&#8221;{}&#8221; sticky_transition=&#8221;on&#8221;][\/et_pb_slide][et_pb_slide heading=&#8221;FDM-NDS &#8211; Das sind wir!&#8221; _builder_version=&#8221;4.27.6&#8243; _dynamic_attributes=&#8221;link_option_url&#8221; _module_preset=&#8221;default&#8221; header_font=&#8221;|700|||||||&#8221; background_color=&#8221;#FFFFFF&#8221; background_enable_color=&#8221;on&#8221; background_image=&#8221;https:\/\/fdm-nds.de\/wp-content\/uploads\/2026\/03\/FDM-NDS_Gruppenbild.png&#8221; background_enable_image=&#8221;on&#8221; link_option_url=&#8221;@ET-DC@eyJkeW5hbWljIjp0cnVlLCJjb250ZW50IjoicG9zdF9saW5rX3VybF9wYWdlIiwic2V0dGluZ3MiOnsicG9zdF9pZCI6IjI1MCJ9fQ==@&#8221; global_colors_info=&#8221;{}&#8221; sticky_transition=&#8221;on&#8221;][\/et_pb_slide][\/et_pb_slider][\/et_pb_column][\/et_pb_row][et_pb_row column_structure=&#8221;1_3,1_3,1_3&#8243; _builder_version=&#8221;4.24.2&#8243; _module_preset=&#8221;default&#8221; custom_margin=&#8221;-32px|auto||auto||&#8221; custom_padding=&#8221;52px|||||&#8221; global_colors_info=&#8221;{}&#8221;][et_pb_column type=&#8221;1_3&#8243; _builder_version=&#8221;4.24.2&#8243; _module_preset=&#8221;default&#8221; global_colors_info=&#8221;{}&#8221;][et_pb_image src=&#8221;https:\/\/fdm-nds.de\/wp-content\/uploads\/2026\/04\/Startseite_Veranstaltungen6.png&#8221; title_text=&#8221;Startseite_Veranstaltungen(6)&#8221; url=&#8221;@ET-DC@eyJkeW5hbWljIjp0cnVlLCJjb250ZW50IjoicG9zdF9saW5rX3VybF9wYWdlIiwic2V0dGluZ3MiOnsicG9zdF9pZCI6Ijk3MyJ9fQ==@&#8221; _builder_version=&#8221;4.27.6&#8243; _dynamic_attributes=&#8221;url&#8221; _module_preset=&#8221;default&#8221; border_radii=&#8221;on|5px|5px|5px|5px&#8221; locked=&#8221;off&#8221; global_colors_info=&#8221;{}&#8221; transform_styles__hover_enabled=&#8221;on|hover&#8221; transform_scale__hover_enabled=&#8221;on|hover&#8221; transform_translate__hover_enabled=&#8221;on|desktop&#8221; transform_rotate__hover_enabled=&#8221;on|desktop&#8221; transform_skew__hover_enabled=&#8221;on|desktop&#8221; transform_origin__hover_enabled=&#8221;on|desktop&#8221; transform_scale__hover=&#8221;105%|105%&#8221;][\/et_pb_image][et_pb_text disabled_on=&#8221;off|off|off&#8221; _builder_version=&#8221;4.27.6&#8243; _module_preset=&#8221;default&#8221; text_text_color=&#8221;#FFFFFF&#8221; header_text_color=&#8221;#FFFFFF&#8221; header_font_size=&#8221;50px&#8221; header_2_font=&#8221;|600|||||||&#8221; header_2_text_color=&#8221;#FFFFFF&#8221; header_5_text_color=&#8221;#FFFFFF&#8221; background_color=&#8221;rgba(49,49,145,0.5)&#8221; custom_margin=&#8221;||5px||false|false&#8221; custom_padding=&#8221;|3px|5px|3px|false|false&#8221; link_option_url_new_window=&#8221;on&#8221; border_radii=&#8221;on|5px|5px|5px|5px&#8221; border_color_all=&#8221;#313191&#8243; global_colors_info=&#8221;{}&#8221;]<\/p>\n<p style=\"text-align: center;\"><span style=\"color: #000000;\">Workshop:<\/span><\/p>\n<h2 style=\"text-align: center;\"><span style=\"color: #000000;\"><strong>Gute Lehre offen gestalten: Didaktische Grundlagen und OER-konforme Aufbereitung von Lerninhalten<\/strong><\/span><\/h2>\n<p style=\"text-align: center;\"><span style=\"color: #000000;\"><em>Britta Beutnagel (twillo), Silvia Czerwinski (twillo)<br \/><\/em>6. Mai 2026, 10:00 &#8211; 12:00 Uhr &amp; 14:00 &#8211; 15:30 Uhr<\/span><br \/><span style=\"color: #000000;\"><strong><\/strong><em><span class=\"author\"><span class=\"affiliation\"><span class=\"text\"><\/span><\/span><\/span><\/em><em><span class=\"author\"><\/span><\/em><\/span><span style=\"text-decoration: underline; color: #ffffff;\"><span><a href=\"https:\/\/events.academiccloud.de\/event\/262\/\" target=\"_blank\" rel=\"noopener\" style=\"color: #ffffff; text-decoration: underline;\"><strong><span style=\"color: #000000; text-decoration: underline;\">Informationen &amp; Registrierung<\/span><\/strong><\/a><\/span><\/span><\/p>\n<p>[\/et_pb_text][et_pb_text disabled_on=&#8221;off|off|off&#8221; _builder_version=&#8221;4.27.6&#8243; _module_preset=&#8221;default&#8221; text_text_color=&#8221;#FFFFFF&#8221; header_text_color=&#8221;#FFFFFF&#8221; header_font_size=&#8221;50px&#8221; header_2_font=&#8221;|600|||||||&#8221; header_2_text_color=&#8221;#FFFFFF&#8221; header_5_text_color=&#8221;#FFFFFF&#8221; background_color=&#8221;rgba(141,39,87,0.5)&#8221; custom_margin=&#8221;||5px||false|false&#8221; custom_padding=&#8221;|3px|5px|3px|false|false&#8221; border_radii=&#8221;on|5px|5px|5px|5px&#8221; border_color_all=&#8221;#313191&#8243; locked=&#8221;off&#8221; global_colors_info=&#8221;{}&#8221;]<\/p>\n<p style=\"text-align: center;\"><span style=\"color: #000000;\">Coffe Lecture:<\/span><\/p>\n<h2 style=\"text-align: center;\"><span style=\"color: #000000;\"><strong>FAIR potential! \u2013 the role of data papers<\/strong><\/span><\/h2>\n<p style=\"text-align: center;\"><span style=\"color: #000000;\"><em>Christine Jung-Dahlke<br \/><\/em>19. Mai 2026, 11:30 &#8211; 12:00 Uhr<\/span><br \/><span style=\"color: #000000;\"><strong><\/strong><em><span class=\"author\"><span class=\"affiliation\"><span class=\"text\"><\/span><\/span><\/span><\/em><em><span class=\"author\"><\/span><\/em><\/span><span style=\"text-decoration: underline; color: #ffffff;\"><span><span style=\"color: #000000; text-decoration: underline;\"><a href=\"https:\/\/events.academiccloud.de\/event\/14\/\" target=\"_blank\" rel=\"noopener\" style=\"text-decoration: underline; color: #000000;\"><strong><\/strong><\/a><\/span><strong><a href=\"https:\/\/events.academiccloud.de\/event\/245\/\" target=\"_blank\" rel=\"noopener\" style=\"color: #ffffff; text-decoration: underline;\"><span style=\"color: #000000; text-decoration: underline;\">Informationen &amp; Zugang<\/span><\/a><\/strong><\/span><\/span><\/p>\n<p>[\/et_pb_text][et_pb_text disabled_on=&#8221;off|off|off&#8221; _builder_version=&#8221;4.27.6&#8243; _module_preset=&#8221;default&#8221; text_text_color=&#8221;#FFFFFF&#8221; header_text_color=&#8221;#FFFFFF&#8221; header_font_size=&#8221;50px&#8221; header_2_font=&#8221;|600|||||||&#8221; header_2_text_color=&#8221;#FFFFFF&#8221; header_5_text_color=&#8221;#FFFFFF&#8221; background_color=&#8221;rgba(232,28,39,0.5)&#8221; custom_margin=&#8221;||5px||false|false&#8221; custom_padding=&#8221;|3px|5px|3px|false|false&#8221; hover_enabled=&#8221;0&#8243; border_radii=&#8221;on|5px|5px|5px|5px&#8221; border_color_all=&#8221;#313191&#8243; locked=&#8221;off&#8221; global_colors_info=&#8221;{}&#8221; sticky_enabled=&#8221;0&#8243;]<\/p>\n<p style=\"text-align: center;\"><span style=\"color: #000000;\">Workshop:<\/span><\/p>\n<h2 style=\"text-align: center;\"><strong><span style=\"color: #000000;\">Konzeptentwicklung f\u00fcr FDM-Workshops<\/span><\/strong><\/h2>\n<p style=\"text-align: center;\"><span style=\"color: #000000;\"><em>Benjamin Slowig, Jorge Murcia Serra<br \/><\/em>08. Juni 2026 &#8211; 09. Juni 2026<\/span><br \/><span style=\"color: #000000;\"><strong><\/strong><em><span class=\"author\"><span class=\"affiliation\"><span class=\"text\"><\/span><\/span><\/span><\/em><em><span class=\"author\"><\/span><\/em><\/span><span style=\"text-decoration: underline; color: #ffffff;\"><span><span style=\"color: #000000; text-decoration: underline;\"><a href=\"https:\/\/events.academiccloud.de\/event\/14\/\" target=\"_blank\" rel=\"noopener\" style=\"text-decoration: underline; color: #000000;\"><strong><\/strong><\/a><\/span><strong><a href=\"https:\/\/events.academiccloud.de\/event\/288\/\" target=\"_blank\" rel=\"noopener\" style=\"color: #ffffff; text-decoration: underline;\"><span style=\"color: #000000; text-decoration: underline;\">Informationen &amp; Zugang<\/span><\/a><\/strong><\/span><\/span><\/p>\n<p>[\/et_pb_text][et_pb_text _builder_version=&#8221;4.27.6&#8243; _module_preset=&#8221;default&#8221; background_color=&#8221;#FFFFFF&#8221; custom_margin=&#8221;14px||49px||false|false&#8221; custom_padding=&#8221;0px||||false|false&#8221; border_radii=&#8221;on|5px|5px|5px|5px&#8221; border_width_all=&#8221;2px&#8221; border_color_all=&#8221;#E81C27&#8243; box_shadow_style=&#8221;preset2&#8243; box_shadow_blur=&#8221;5px&#8221; box_shadow_color=&#8221;rgba(0,0,0,0.48)&#8221; global_colors_info=&#8221;{}&#8221;]<\/p>\n<p style=\"text-align: center;\"><strong><a href=\"https:\/\/fdm-nds.de\/index.php\/veranstaltungen_aktuell\/\">Veranstaltungs\u00fcberblick<\/a><\/strong><\/p>\n<p>[\/et_pb_text][et_pb_image src=&#8221;https:\/\/fdm-nds.de\/wp-content\/uploads\/2026\/03\/FDM-NDS_empfiehlt.png&#8221; alt=&#8221;EIn Stempel mit %22Empfiehlt | Recommends%22 \u00fcber dem Logo der Landesinitiative Forschungsdatenmanagement Niedersachsen&#8221; title_text=&#8221;FDM-NDS_empfiehlt&#8221; url=&#8221;@ET-DC@eyJkeW5hbWljIjp0cnVlLCJjb250ZW50IjoicG9zdF9saW5rX3VybF9wYWdlIiwic2V0dGluZ3MiOnsicG9zdF9pZCI6IjIxMTUifX0=@&#8221; url_new_window=&#8221;on&#8221; _builder_version=&#8221;4.27.6&#8243; _dynamic_attributes=&#8221;url&#8221; _module_preset=&#8221;default&#8221; custom_margin=&#8221;||0px||false|false&#8221; custom_padding=&#8221;||0px||false|false&#8221; global_colors_info=&#8221;{}&#8221;][\/et_pb_image][et_pb_text _builder_version=&#8221;4.27.6&#8243; _module_preset=&#8221;default&#8221; background_color=&#8221;#FFFFFF&#8221; transform_scale=&#8221;100%|115%&#8221; transform_scale_linked=&#8221;off&#8221; custom_margin=&#8221;7px||||false|false&#8221; custom_padding=&#8221;0px||||false|false&#8221; link_option_url=&#8221;https:\/\/fdm-nds.de\/index.php\/fdm-nds-empfiehlt\/&#8221; border_radii=&#8221;on|5px|5px|5px|5px&#8221; border_width_all=&#8221;2px&#8221; border_color_all=&#8221;#E81C27&#8243; box_shadow_style=&#8221;preset2&#8243; box_shadow_blur=&#8221;5px&#8221; box_shadow_color=&#8221;rgba(0,0,0,0.41)&#8221; global_colors_info=&#8221;{}&#8221;]<\/p>\n<p style=\"text-align: center;\"><strong><a href=\"https:\/\/fdm-nds.de\/index.php\/fdm-nds-empfiehlt\/\" target=\"_blank\" rel=\"noopener\">Veranstaltungs\u00fcberblick anderer Initiativen<\/a><\/strong><\/p>\n<p>[\/et_pb_text][\/et_pb_column][et_pb_column type=&#8221;1_3&#8243; _builder_version=&#8221;4.24.2&#8243; _module_preset=&#8221;default&#8221; global_colors_info=&#8221;{}&#8221;][et_pb_image src=&#8221;https:\/\/fdm-nds.de\/wp-content\/uploads\/2026\/04\/Startseite_Veranstaltungen5.png&#8221; title_text=&#8221;Startseite_Veranstaltungen(5)&#8221; _builder_version=&#8221;4.27.6&#8243; _module_preset=&#8221;default&#8221; transform_scale_last_edited=&#8221;off|desktop&#8221; transform_translate_last_edited=&#8221;off|desktop&#8221; transform_rotate_last_edited=&#8221;off|desktop&#8221; transform_skew_last_edited=&#8221;off|desktop&#8221; transform_origin_last_edited=&#8221;off|desktop&#8221; transform_styles_last_edited=&#8221;off|desktop&#8221; border_radii=&#8221;on|5px|5px|5px|5px&#8221; locked=&#8221;off&#8221; global_colors_info=&#8221;{}&#8221; transform_styles__hover_enabled=&#8221;on|hover&#8221; transform_scale__hover_enabled=&#8221;on|hover&#8221; transform_translate__hover_enabled=&#8221;on|desktop&#8221; transform_rotate__hover_enabled=&#8221;on|desktop&#8221; transform_skew__hover_enabled=&#8221;on|desktop&#8221; transform_origin__hover_enabled=&#8221;on|desktop&#8221;][\/et_pb_image][et_pb_text _builder_version=&#8221;4.27.6&#8243; _module_preset=&#8221;default&#8221; custom_padding=&#8221;0px|5px||5px|false|false&#8221; locked=&#8221;off&#8221; global_colors_info=&#8221;{}&#8221;]<\/p>\n<p style=\"text-align: left;\">Haben Sie Fragen zum Forschungsdaten-management?<br \/>Egal ob Sie in der Forschung t\u00e4tig sind oder beratend arbeiten \u2013 unser Team unterst\u00fctzt Sie umfassend, von der Auswahl passender Repositorien bis hin zu rechtlichen Themen.<\/p>\n<p style=\"text-align: left;\">Wir sind jederzeit \u00fcber unseren <strong>Helpdesk <\/strong>erreichbar:<\/p>\n<p style=\"text-align: left;\"><strong><a href=\"mailto:info@fdm-nds.de\">info@fdm-nds.de<\/a><\/strong><\/p>\n<p style=\"text-align: left;\">Unsere Beratung ist selbstverst\u00e4ndlich vertraulich. Der Helpdesk soll als erste Anlaufstelle f\u00fcr Anfragen an die Landesinitiative FDM-NDS dienen. Alle Anfragen verbleiben bei den Personen des Helpdesks, bestehend aus Mitgliedern der S\u00e4ule 1 der Landesinitiative. Eine Einbeziehung weiterer Personen erfolgt ausschlie\u00dflich nach R\u00fccksprache mit den Betroffenen.<\/p>\n<p>[\/et_pb_text][\/et_pb_column][et_pb_column type=&#8221;1_3&#8243; _builder_version=&#8221;4.24.2&#8243; _module_preset=&#8221;default&#8221; global_colors_info=&#8221;{}&#8221;][et_pb_image src=&#8221;https:\/\/fdm-nds.de\/wp-content\/uploads\/2026\/04\/Startseite_Veranstaltungen4.png&#8221; title_text=&#8221;Startseite_Veranstaltungen(4)&#8221; _builder_version=&#8221;4.27.6&#8243; _module_preset=&#8221;default&#8221; border_radii=&#8221;on|5px|5px|5px|5px&#8221; locked=&#8221;off&#8221; global_colors_info=&#8221;{}&#8221;][\/et_pb_image][et_pb_text _builder_version=&#8221;4.27.6&#8243; _module_preset=&#8221;default&#8221; custom_margin=&#8221;||0px|||&#8221; custom_padding=&#8221;0px|5px||5px|false|false&#8221; locked=&#8221;off&#8221; global_colors_info=&#8221;{}&#8221;]<\/p>\n<p>FDM-NDS publiziert regelm\u00e4\u00dfig hilfreiche <strong>Materialien<\/strong>, <strong>Foliens\u00e4tze <\/strong>und <strong>Erkl\u00e4rvideos<\/strong>. Gern direkt reinschauen!<em><br \/><\/em><a href=\"https:\/\/fdm-nds.de\/index.php\/veroeffentlichungen\/\"><strong>\u00dcbersicht Ver\u00f6ffentlichungen<\/strong><\/a><\/p>\n<p><strong><a href=\"https:\/\/fdm-nds.de\/index.php\/einfuhrung-fdm\/\"><\/a><\/strong><\/p>\n<p>[\/et_pb_text][et_pb_divider color=&#8221;#313191&#8243; _builder_version=&#8221;4.27.6&#8243; _module_preset=&#8221;default&#8221; custom_margin=&#8221;||-3px|||&#8221; locked=&#8221;off&#8221; global_colors_info=&#8221;{}&#8221;][\/et_pb_divider][et_pb_text _builder_version=&#8221;4.27.6&#8243; _module_preset=&#8221;default&#8221; custom_margin=&#8221;||15px|||&#8221; locked=&#8221;off&#8221; global_colors_info=&#8221;{}&#8221;]<\/p>\n<p>Zudem bieten unsere FDM Ressourcen<span class=\"break-words           tvm-parent-container\"><span dir=\"ltr\"> geb\u00fcndelt Informationen und Materialien entlang des gesamten <strong>Forschungsdatenlebenszyklus<\/strong>. Erweitert wird das Angebot durch <strong>vertiefende Exkurse<\/strong> zu <\/span><\/span><span class=\"break-words           tvm-parent-container\"><span dir=\"ltr\">Datendokumentation, <\/span><\/span><span class=\"break-words           tvm-parent-container\"><span dir=\"ltr\">rechtlichen Aspekten und <\/span><\/span><span class=\"break-words           tvm-parent-container\"><span dir=\"ltr\">der Auswahl geeigneter Repositorien.<br \/><\/span><\/span><strong><a href=\"https:\/\/fdm-nds.de\/index.php\/einfuhrung-fdm\/\">FDM Ressourcen<\/a><\/strong><\/p>\n<p>[\/et_pb_text][et_pb_divider color=&#8221;#313191&#8243; _builder_version=&#8221;4.27.6&#8243; _module_preset=&#8221;default&#8221; custom_margin=&#8221;||2px|||&#8221; locked=&#8221;off&#8221; global_colors_info=&#8221;{}&#8221;][\/et_pb_divider][et_pb_image src=&#8221;https:\/\/fdm-nds.de\/wp-content\/uploads\/2026\/03\/FDM-NDS_News.png&#8221; alt=&#8221;FDM-NDS newsletter logo&#8221; title_text=&#8221;FDM-NDS_News&#8221; align=&#8221;center&#8221; _builder_version=&#8221;4.27.6&#8243; _module_preset=&#8221;default&#8221; custom_css_main_element=&#8221;max-width: 50%;||margin-left: auto;||margin-right: auto;&#8221; global_colors_info=&#8221;{}&#8221;][\/et_pb_image][et_pb_text _builder_version=&#8221;4.24.2&#8243; _module_preset=&#8221;default&#8221; global_colors_info=&#8221;{}&#8221;]<\/p>\n<p><strong><a href=\"https:\/\/www.listserv.dfn.de\/sympa\/subscribe\/fdm-nds-newsletter\" target=\"_blank\" rel=\"noopener\">Hier<\/a> <\/strong>geht es zur Anmeldung zum monatlichen Newsletter von FDM-NDS. Die Newsletter aus den vergangenen Monaten werden im <strong><a href=\"https:\/\/fdm-nds.de\/index.php\/newsletter\/\">Newsletter-Archiv<\/a><\/strong> gesammelt.<\/p>\n<p>[\/et_pb_text][et_pb_icon font_icon=&#8221;&#xe0a3;||divi||400&#8243; icon_color=&#8221;#ff0000&#8243; url=&#8221;https:\/\/www.youtube.com\/@FDM-NDS&#8221; url_new_window=&#8221;on&#8221; _builder_version=&#8221;4.24.2&#8243; _module_preset=&#8221;default&#8221; background_color=&#8221;RGBA(255,255,255,0)&#8221; custom_margin=&#8221;|5px||5px|false|false&#8221; custom_padding=&#8221;||||false|false&#8221; custom_css_main_element=&#8221;display: inline-block!important;&#8221; global_colors_info=&#8221;{}&#8221;][\/et_pb_icon][et_pb_icon font_icon=&#8221;&#xf08c;||fa||400&#8243; icon_color=&#8221;#0e76a8&#8243; url=&#8221;https:\/\/www.linkedin.com\/company\/fdm-nds\/&#8221; url_new_window=&#8221;on&#8221; _builder_version=&#8221;4.24.2&#8243; _module_preset=&#8221;default&#8221; custom_margin=&#8221;|5px||5px|false|false&#8221; custom_css_main_element=&#8221;display: inline-block!important;&#8221; global_colors_info=&#8221;{}&#8221;][\/et_pb_icon][et_pb_icon font_icon=&#8221;&#xf4f6;||fa||400&#8243; icon_color=&#8221;#6364ff&#8221; url=&#8221;https:\/\/openbiblio.social\/@fdm_nds&#8221; url_new_window=&#8221;on&#8221; _builder_version=&#8221;4.24.2&#8243; _module_preset=&#8221;default&#8221; custom_margin=&#8221;|5px||5px|false|false&#8221; custom_css_main_element=&#8221;display: inline-block!important;&#8221; global_colors_info=&#8221;{}&#8221;][\/et_pb_icon][\/et_pb_column][\/et_pb_row][et_pb_row disabled_on=&#8221;off|off|off&#8221; _builder_version=&#8221;4.27.6&#8243; _dynamic_attributes=&#8221;link_option_url&#8221; _module_preset=&#8221;default&#8221; background_color=&#8221;rgba(49,49,145,0.11)&#8221; use_background_color_gradient=&#8221;on&#8221; background_color_gradient_direction=&#8221;90deg&#8221; background_color_gradient_stops=&#8221;#313191 0%|#8d2757 50%|#e81c27 100%&#8221; custom_margin=&#8221;44px|auto||auto|false|false&#8221; link_option_url=&#8221;@ET-DC@eyJkeW5hbWljIjp0cnVlLCJjb250ZW50IjoicG9zdF9saW5rX3VybF9wYWdlIiwic2V0dGluZ3MiOnsicG9zdF9pZCI6IjE3NCJ9fQ==@&#8221; border_radii=&#8221;on|15px|15px|15px|15px&#8221; locked=&#8221;off&#8221; global_colors_info=&#8221;{}&#8221;][et_pb_column type=&#8221;4_4&#8243; _builder_version=&#8221;4.27.6&#8243; _module_preset=&#8221;default&#8221; global_colors_info=&#8221;{}&#8221;][et_pb_heading title=&#8221;Neuigkeiten&#8221; _builder_version=&#8221;4.27.6&#8243; _module_preset=&#8221;default&#8221; title_level=&#8221;h2&#8243; title_text_align=&#8221;left&#8221; title_text_color=&#8221;#FFFFFF&#8221; custom_margin=&#8221;||0px|25px|false|false&#8221; custom_padding=&#8221;||0px||false|false&#8221; border_width_all=&#8221;5px&#8221; border_color_all=&#8221;RGBA(255,255,255,0)&#8221; global_colors_info=&#8221;{}&#8221;][\/et_pb_heading][et_pb_blog fullwidth=&#8221;off&#8221; posts_number=&#8221;3&#8243; show_more=&#8221;on&#8221; show_author=&#8221;off&#8221; show_categories=&#8221;off&#8221; show_pagination=&#8221;off&#8221; _builder_version=&#8221;4.27.6&#8243; _module_preset=&#8221;default&#8221; read_more_font=&#8221;|700|||||||&#8221; pagination_font=&#8221;|700|||||||&#8221; custom_margin=&#8221;5px|30px||30px|false|false&#8221; custom_padding=&#8221;0px||0px||false|false&#8221; border_radii=&#8221;on|7px|7px|7px|7px&#8221; border_width_all=&#8221;5px&#8221; border_color_all=&#8221;RGBA(255,255,255,0)&#8221; locked=&#8221;off&#8221; global_colors_info=&#8221;{}&#8221;][\/et_pb_blog][\/et_pb_column][\/et_pb_row][\/et_pb_section][et_pb_section fb_built=&#8221;1&#8243; _builder_version=&#8221;4.24.2&#8243; _module_preset=&#8221;default&#8221; global_colors_info=&#8221;{}&#8221;][\/et_pb_section]<\/p>\n","protected":false},"excerpt":{"rendered":"<p>Workshop: Gute Lehre offen gestalten: Didaktische Grundlagen und OER-konforme Aufbereitung von Lerninhalten Britta Beutnagel (twillo), Silvia Czerwinski (twillo)6. Mai 2026, 10:00 &#8211; 12:00 Uhr &amp; 14:00 &#8211; 15:30 UhrInformationen &amp; RegistrierungCoffe Lecture: FAIR potential! \u2013 the role of data papers Christine Jung-Dahlke19. Mai 2026, 11:30 &#8211; 12:00 UhrInformationen &amp; ZugangWorkshop: Konzeptentwicklung f\u00fcr FDM-Workshops Benjamin Slowig, [&hellip;]<\/p>\n","protected":false},"author":2,"featured_media":0,"parent":0,"menu_order":0,"comment_status":"closed","ping_status":"closed","template":"","meta":{"_et_pb_use_builder":"on","_et_pb_old_content":"","_et_gb_content_width":"","footnotes":""},"class_list":["post-54","page","type-page","status-publish","hentry"],"_links":{"self":[{"href":"https:\/\/fdm-nds.de\/index.php\/wp-json\/wp\/v2\/pages\/54","targetHints":{"allow":["GET"]}}],"collection":[{"href":"https:\/\/fdm-nds.de\/index.php\/wp-json\/wp\/v2\/pages"}],"about":[{"href":"https:\/\/fdm-nds.de\/index.php\/wp-json\/wp\/v2\/types\/page"}],"author":[{"embeddable":true,"href":"https:\/\/fdm-nds.de\/index.php\/wp-json\/wp\/v2\/users\/2"}],"replies":[{"embeddable":true,"href":"https:\/\/fdm-nds.de\/index.php\/wp-json\/wp\/v2\/comments?post=54"}],"version-history":[{"count":215,"href":"https:\/\/fdm-nds.de\/index.php\/wp-json\/wp\/v2\/pages\/54\/revisions"}],"predecessor-version":[{"id":4956,"href":"https:\/\/fdm-nds.de\/index.php\/wp-json\/wp\/v2\/pages\/54\/revisions\/4956"}],"wp:attachment":[{"href":"https:\/\/fdm-nds.de\/index.php\/wp-json\/wp\/v2\/media?parent=54"}],"curies":[{"name":"wp","href":"https:\/\/api.w.org\/{rel}","templated":true}]}}